{"id":15791,"date":"2020-11-17T10:52:23","date_gmt":"2020-11-17T09:52:23","guid":{"rendered":"https:\/\/www.holstein.ch\/?page_id=15791"},"modified":"2025-12-15T10:21:56","modified_gmt":"2025-12-15T09:21:56","slug":"tarife-holstein","status":"publish","type":"page","link":"https:\/\/www.holstein.ch\/de\/unsere-leistungen\/tarife-holstein\/","title":{"rendered":"Tarife"},"content":{"rendered":"\n<p><strong>Entdecken Sie die Tarife unserer Dienstleistungen<\/strong><\/p>\n\n<p>Mitglieder von Holstein Switzerland profitieren von den folgenden <strong>kostenlosen<\/strong> Dienstleistungen:<\/p>\n\n<ul class=\"wp-block-list\">\n<li>Registrierung von KB und Natursprung<\/li>\n\n\n\n<li>\u00dcbernahme des gesamten Bestandes aus einem anderen CH-Herdebuch<\/li>\n\n\n\n<li>Erstellung eines Zuchtinformationsausweis<\/li>\n\n\n\n<li>Besamungs- und Natursprungsverzeichnis<\/li>\n\n\n\n<li>Bestandeskarte (Besamungsliste)<\/li>\n\n\n\n<li>KB- \/ Natursprungsbest\u00e4tigung<\/li>\n\n\n\n<li>Registrierung eines Herdennamens<\/li>\n\n\n\n<li>Fertalys, Wiederholungstest<\/li>\n<\/ul>\n\n<p><em>Tarife f\u00fcr die Mitglieder von Holstein Switzerland<\/em><br\/><em>g\u00fcltig ab dem 1. Januar 2026, MWSt 8.1% nicht inbegriffen<\/em><\/p>\n\n<details class=\"wp-block-details is-layout-flow wp-block-details-is-layout-flow\"><summary>HolsteinVision<\/summary>\n<figure class=\"wp-block-table\"><table><tbody><tr><td>Abonnement pro Jahr<\/td><td>50 CHF<\/td><\/tr><tr><td>Zusatzbetrag f\u00fcr Papierdruck, <em>pro Tier im HB eingeschrieben<\/em><\/td><td>3 CHF, max. 100.-<\/td><\/tr><\/tbody><\/table><\/figure>\n<\/details>\n\n<details class=\"wp-block-details is-layout-flow wp-block-details-is-layout-flow\"><summary>Herdbook<\/summary>\n<figure class=\"wp-block-table\"><table><tbody><tr><th colspan=\"2\">HB-Registrierung, inkl. Beitrag zum Zuchtprogramm<\/th><\/tr><tr><th colspan=\"2\">Kalb aus KB-Stier der KB-Partnerorganisationen (Swissgenetics \/ Select Star)<\/th><\/tr><tr><td>HB A<\/td><td>7 CHF<\/td><\/tr><tr><td>HB B<\/td><td>13 CHF<\/td><\/tr><tr><td>HB C &amp; 0<\/td><td>19 CHF<\/td><\/tr><tr><th colspan=\"2\">Kalb aus KB-Stier anderer KB-Anbieter od. aus Natursprung<\/th><\/tr><tr><td>HB A<\/td><td>12 CHF<\/td><\/tr><tr><td>HB B<\/td><td>18 CHF<\/td><\/tr><tr><td>HB C &amp; 0<\/td><td>24 CHF<\/td><\/tr><tr><td>Kalb aus CH-Embryonen<\/td><td>15 CHF<\/td><\/tr><tr><td>Kalb aus importiertem Embryo<sup>1<\/sup> und importierte Tiere<br\/>mit Ausnahme von KB-Stieren<\/td><td>50 CHF<\/td><\/tr><tr><th colspan=\"2\">Registrierung von KB und Natursprung, Tarif pro Erstbesamung \/ -sprung<\/th><\/tr><tr><td>Besamung \/ Natursprung \u00fcbermittelt durch BNV, noch zu erfassen<\/td><td>5 CHF<\/td><\/tr><tr><th colspan=\"2\">Tier aus einem anderen CH-Herdebuch<\/th><\/tr><tr><td>Einzelnes Tier<\/td><td>5 CHF<\/td><\/tr><tr><th colspan=\"2\">Einzelmitglieder<\/th><\/tr><tr><td>Beitrag pro weibliches Tier im HB registriert<\/td><td>2 CHF, max. 200.-<\/td><\/tr><tr><th colspan=\"2\">Erstellung eines Zuchtinformationsausweises<sup>2<\/sup><\/th><\/tr><tr><td>Ersatzexemplar auf Anfrage<\/td><td>10 CHF<\/td><\/tr><tr><td>F\u00fcr Exporttiere (inkl. DNA-Zertifikat), pro Bestellung<\/td><td>40 CHF<\/td><\/tr><tr><td>Zusatzbetrag pro Ausweis<\/td><td>10 CHF<\/td><\/tr><tr><th colspan=\"2\">Andere<\/th><\/tr><tr><td>Anmeldung einer Miteigent\u00fcmerschaft; Besitzerwechsel (pro Tier<sup>3<\/sup>)<\/td><td>50 CHF<\/td><\/tr><tr><td>Jegliche Spezialanfrage (Liste, usw.)<\/td><td>20 CHF<\/td><\/tr><\/tbody><\/table><\/figure>\n\n\n\n<p><sup>1 <\/sup>Falls mehrere Embryonen aus der gleichen Anpaarung: einmaliger Betrag auf dem ersten Kalb<br\/><sup>2 <\/sup>Bemerkung: Jegliche Aktivit\u00e4t f\u00fchrt zur Erstellung eines Zuchtinformationsausweises<br\/><sup>3<\/sup> Spezialkonditionen wenn &gt; 5 Tiere ;<br\/>Besitzer \u2260 Standortbetrieb<\/p>\n<\/details>\n\n<details class=\"wp-block-details is-layout-flow wp-block-details-is-layout-flow\"><summary>Milchkontrolle<\/summary>\n<figure class=\"wp-block-table\"><table><tbody><tr><th colspan=\"2\">Milchkontrolle und Analysen (Zellen und NPN)<\/th><\/tr><tr><td>Bearbeitungsgeb\u00fchr, pro Kontrolle<\/td><td>15 CHF<\/td><\/tr><tr><th colspan=\"2\">Zuschlag pro Probe<\/th><\/tr><tr><td>A4 (HB et MLP-Outsourcing)<\/td><td>0.80 CHF<\/td><\/tr><tr><td>A4 (andere)<\/td><td>3.10 CHF<\/td><\/tr><tr><td>AT4 oder robot (HB und MLP-Outsourcing)<\/td><td>0.48 CHF<\/td><\/tr><tr><td>AT4 oder robot (andere)<\/td><td>2.05 CHF<\/td><\/tr><tr><td>Fertalys, pro Probe<\/td><td>7.50 CHF<\/td><\/tr><tr><td>Portokosten, pro Kontrolle und pro Probe<\/td><td>0.25 CHF<\/td><\/tr><\/tbody><\/table><\/figure>\n<\/details>\n\n<details class=\"wp-block-details is-layout-flow wp-block-details-is-layout-flow\"><summary>Genomische Selektion<\/summary>\n<figure class=\"wp-block-table\"><table><tbody><tr><th colspan=\"2\">Genotypisierung und Verwaltungskosten<\/th><\/tr><tr><td>G\u00e9notypage puce GHD, Profil ADN, BLAD, Dominant Red, HH1, HH3, HH4, Kappa cas\u00e9ine,<br\/>B\u00eata cas\u00e9ine A2, Polled, facteur rouge et CDH<\/td><td>180 CHF<\/td><\/tr><tr><td>Genotypisierung mit LD-Chip, DNA-Profil, BLAD, Dominant Red, HH1, HH3, HH4 und Kappa Kasein,<br\/>Beta Kasein A2, Polled, Rot-Faktor und CDH<\/td><td>80 CHF<\/td><\/tr><tr><td>Abstammungskontrolle durch Genotypisierung, pro Test<\/td><td>80 CHF<\/td><\/tr><tr><th colspan=\"2\">Weitere genomische Tests, pro Tier<\/th><\/tr><tr><td>Bestellung GTPI<\/td><td>21 CHF<\/td><\/tr><tr><td>Brachyspina-Test<\/td><td>20 CHF<\/td><\/tr><tr><td>CVM-Test<\/td><td>30 CHF<\/td><\/tr><\/tbody><\/table><\/figure>\n<\/details>\n\n<details class=\"wp-block-details is-layout-flow wp-block-details-is-layout-flow\"><summary>Lineare Beschreibung und Einstufung\u2074<\/summary>\n<figure class=\"wp-block-table\"><table><tbody><tr><td>Betriebsbesuch, Basispauschal (inkl. 4 LBE)<\/td><td>45 CHF<\/td><\/tr><tr><td>ab 5. LBE, pro Tier<\/td><td>4 CHF<\/td><\/tr><tr><td>Weitere LBE in derselben Laktation<\/td><td>14 CHF<\/td><\/tr><tr><td>Spezial-LBE ausser Programm<\/td><td>200 CHF<\/td><\/tr><\/tbody><\/table><\/figure>\n<\/details>\n\n<details class=\"wp-block-details is-layout-flow wp-block-details-is-layout-flow\"><summary>Anpaarungsplan<\/summary>\n<figure class=\"wp-block-table\"><table><tbody><tr><td>Lizenz \u00ab Inizia \u00bb pro Jahr<\/td><td>24 CHF<\/td><\/tr><tr><td>Lizenz \u00ab Optima \u00bb pro Jahr<\/td><td>44 CHF<\/td><\/tr><tr><td>Pers\u00f6nliche Beratung durch unseren Berater<\/td><td>80 CHF \/ Stunde<\/td><\/tr><\/tbody><\/table><\/figure>\n<\/details>\n\n<details class=\"wp-block-details is-layout-flow wp-block-details-is-layout-flow\"><summary>Eutergesundheit<\/summary>\n<figure class=\"wp-block-table\"><table><tbody><tr><td>Abonnement pro Jahr<\/td><td>30 CHF<\/td><\/tr><\/tbody><\/table><\/figure>\n<\/details>\n\n<details class=\"wp-block-details is-layout-flow wp-block-details-is-layout-flow\"><summary>Kataloge und Tafeln<\/summary>\n<figure class=\"wp-block-table\"><table><tbody><tr><td>Erstellung des Katalogs, Basispauschal<\/td><td>30 CHF<\/td><\/tr><tr><td>\u2013 Ausstellungskatalog, Zuschlag pro Tier<\/td><td>1.50 CHF<\/td><\/tr><tr><td>\u2013 Verkaufskatalog, Zuschlag pro Tier<\/td><td>5 CHF<\/td><\/tr><tr><td>Druckerei, pro Katalog<\/td><td>4 CHF<\/td><\/tr><tr><td>Stall- oder Ausstellungstafel, pro Tier<\/td><td>2 CHF<\/td><\/tr><\/tbody><\/table><\/figure>\n<\/details>\n\n<details class=\"wp-block-details is-layout-flow wp-block-details-is-layout-flow\"><summary>Professionnelle Fotos<\/summary>\n<p>Fototour &#8211; Soldi<\/p>\n\n\n\n<figure class=\"wp-block-table\"><table><tbody><tr><td>Erste Position<\/td><td>200 CHF<\/td><\/tr><tr><td>Zus\u00e4tzliche Position, gleiche Kuh<\/td><td>120 CHF<\/td><\/tr><tr><td>Euter, gleiche Kuh<\/td><td>80 CHF<\/td><\/tr><\/tbody><\/table><\/figure>\n\n\n\n<p>Die Liste der Fotografen finden Sie im Men\u00fc &#8220;<a href=\"https:\/\/www.holstein.ch\/de\/links\/\">Partner<\/a>&#8220;. <\/p>\n<\/details>\n\n<details class=\"wp-block-details is-layout-flow wp-block-details-is-layout-flow\"><summary>Schulungen und Vortr\u00e4ge<\/summary>\n<p>Gerne k\u00f6nnen Sie ein Angebot f\u00fcr eine Schulung oder eine Fachpr\u00e4sentation anfordern!<\/p>\n<\/details>\n\n<p><\/p>\n\n<p><sup>4 <\/sup>Eine Annullierung in letzter Minute, weniger als 48 Std. vor vorgesehenem Datum kostet CHF 50.-<br\/>Une DLC annul\u00e9e sur place (vaches non pr\u00e9par\u00e9es, refus, absence, etc.) co\u00fbte CHF 200.-<\/p>\n","protected":false},"excerpt":{"rendered":"<p>Entdecken Sie die Tarife unserer Dienstleistungen Mitglieder von Holstein Switzerland profitieren von den folgenden kostenlosen Dienstleistungen: Tarife f\u00fcr die Mitglieder von Holstein Switzerlandg\u00fcltig ab dem 1. Januar 2026, MWSt 8.1% nicht inbegriffen 4 Eine Annullierung in letzter Minute, weniger als 48 Std. vor vorgesehenem Datum kostet CHF 50.-Une DLC annul\u00e9e sur place (vaches non pr\u00e9par\u00e9es, [&hellip;]<\/p>\n","protected":false},"author":42,"featured_media":27449,"parent":11204,"menu_order":0,"comment_status":"closed","ping_status":"closed","template":"","meta":{"_acf_changed":false,"_monsterinsights_skip_tracking":false,"_monsterinsights_sitenote_active":false,"_monsterinsights_sitenote_note":"","_monsterinsights_sitenote_category":0,"footnotes":""},"class_list":["post-15791","page","type-page","status-publish","has-post-thumbnail","hentry"],"acf":[],"yoast_head":"<!-- This site is optimized with the Yoast SEO plugin v26.9 - https:\/\/yoast.com\/product\/yoast-seo-wordpress\/ -->\n<title>Tarife - Holstein Switzerland<\/title>\n<meta name=\"robots\" content=\"index, follow, max-snippet:-1, max-image-preview:large, max-video-preview:-1\" \/>\n<link rel=\"canonical\" href=\"https:\/\/www.holstein.ch\/de\/unsere-leistungen\/tarife-holstein\/\" \/>\n<meta property=\"og:locale\" content=\"de_DE\" \/>\n<meta property=\"og:type\" content=\"article\" \/>\n<meta property=\"og:title\" content=\"Tarife - Holstein Switzerland\" \/>\n<meta property=\"og:description\" content=\"Entdecken Sie die Tarife unserer Dienstleistungen Mitglieder von Holstein Switzerland profitieren von den folgenden kostenlosen Dienstleistungen: Tarife f\u00fcr die Mitglieder von Holstein Switzerlandg\u00fcltig ab dem 1. Januar 2026, MWSt 8.1% nicht inbegriffen 4 Eine Annullierung in letzter Minute, weniger als 48 Std. vor vorgesehenem Datum kostet CHF 50.-Une DLC annul\u00e9e sur place (vaches non pr\u00e9par\u00e9es, [&hellip;]\" \/>\n<meta property=\"og:url\" content=\"https:\/\/www.holstein.ch\/de\/unsere-leistungen\/tarife-holstein\/\" \/>\n<meta property=\"og:site_name\" content=\"Holstein Switzerland\" \/>\n<meta property=\"article:publisher\" content=\"https:\/\/www.facebook.com\/HolSwi\" \/>\n<meta property=\"article:modified_time\" content=\"2025-12-15T09:21:56+00:00\" \/>\n<meta property=\"og:image\" content=\"https:\/\/www.holstein.ch\/wp-content\/uploads\/2023\/11\/tarifs_holstein.jpg\" \/>\n\t<meta property=\"og:image:width\" content=\"1000\" \/>\n\t<meta property=\"og:image:height\" content=\"667\" \/>\n\t<meta property=\"og:image:type\" content=\"image\/jpeg\" \/>\n<meta name=\"twitter:card\" content=\"summary_large_image\" \/>\n<meta name=\"twitter:label1\" content=\"Gesch\u00e4tzte Lesezeit\" \/>\n\t<meta name=\"twitter:data1\" content=\"4\u00a0Minuten\" \/>\n<script type=\"application\/ld+json\" class=\"yoast-schema-graph\">{\"@context\":\"https:\/\/schema.org\",\"@graph\":[{\"@type\":\"WebPage\",\"@id\":\"https:\/\/www.holstein.ch\/de\/unsere-leistungen\/tarife-holstein\/\",\"url\":\"https:\/\/www.holstein.ch\/de\/unsere-leistungen\/tarife-holstein\/\",\"name\":\"Tarife - Holstein Switzerland\",\"isPartOf\":{\"@id\":\"https:\/\/www.holstein.ch\/de\/#website\"},\"primaryImageOfPage\":{\"@id\":\"https:\/\/www.holstein.ch\/de\/unsere-leistungen\/tarife-holstein\/#primaryimage\"},\"image\":{\"@id\":\"https:\/\/www.holstein.ch\/de\/unsere-leistungen\/tarife-holstein\/#primaryimage\"},\"thumbnailUrl\":\"https:\/\/www.holstein.ch\/wp-content\/uploads\/2023\/11\/tarifs_holstein.jpg\",\"datePublished\":\"2020-11-17T09:52:23+00:00\",\"dateModified\":\"2025-12-15T09:21:56+00:00\",\"breadcrumb\":{\"@id\":\"https:\/\/www.holstein.ch\/de\/unsere-leistungen\/tarife-holstein\/#breadcrumb\"},\"inLanguage\":\"de\",\"potentialAction\":[{\"@type\":\"ReadAction\",\"target\":[\"https:\/\/www.holstein.ch\/de\/unsere-leistungen\/tarife-holstein\/\"]}]},{\"@type\":\"ImageObject\",\"inLanguage\":\"de\",\"@id\":\"https:\/\/www.holstein.ch\/de\/unsere-leistungen\/tarife-holstein\/#primaryimage\",\"url\":\"https:\/\/www.holstein.ch\/wp-content\/uploads\/2023\/11\/tarifs_holstein.jpg\",\"contentUrl\":\"https:\/\/www.holstein.ch\/wp-content\/uploads\/2023\/11\/tarifs_holstein.jpg\",\"width\":1000,\"height\":667,\"caption\":\"Tarifs Holstein\"},{\"@type\":\"BreadcrumbList\",\"@id\":\"https:\/\/www.holstein.ch\/de\/unsere-leistungen\/tarife-holstein\/#breadcrumb\",\"itemListElement\":[{\"@type\":\"ListItem\",\"position\":1,\"name\":\"Unsere Leistungen\",\"item\":\"https:\/\/www.holstein.ch\/de\/unsere-leistungen\/\"},{\"@type\":\"ListItem\",\"position\":2,\"name\":\"Tarife\"}]},{\"@type\":\"WebSite\",\"@id\":\"https:\/\/www.holstein.ch\/de\/#website\",\"url\":\"https:\/\/www.holstein.ch\/de\/\",\"name\":\"Holstein Switzerland\",\"description\":\"Holstein Switzerland\",\"publisher\":{\"@id\":\"https:\/\/www.holstein.ch\/de\/#organization\"},\"potentialAction\":[{\"@type\":\"SearchAction\",\"target\":{\"@type\":\"EntryPoint\",\"urlTemplate\":\"https:\/\/www.holstein.ch\/de\/?s={search_term_string}\"},\"query-input\":{\"@type\":\"PropertyValueSpecification\",\"valueRequired\":true,\"valueName\":\"search_term_string\"}}],\"inLanguage\":\"de\"},{\"@type\":\"Organization\",\"@id\":\"https:\/\/www.holstein.ch\/de\/#organization\",\"name\":\"Holstein Switzerland\",\"url\":\"https:\/\/www.holstein.ch\/de\/\",\"logo\":{\"@type\":\"ImageObject\",\"inLanguage\":\"de\",\"@id\":\"https:\/\/www.holstein.ch\/de\/#\/schema\/logo\/image\/\",\"url\":\"https:\/\/www.holstein.ch\/wp-content\/uploads\/2023\/09\/holstein_switzerland_logo.png\",\"contentUrl\":\"https:\/\/www.holstein.ch\/wp-content\/uploads\/2023\/09\/holstein_switzerland_logo.png\",\"width\":800,\"height\":621,\"caption\":\"Holstein Switzerland\"},\"image\":{\"@id\":\"https:\/\/www.holstein.ch\/de\/#\/schema\/logo\/image\/\"},\"sameAs\":[\"https:\/\/www.facebook.com\/HolSwi\",\"https:\/\/www.youtube.com\/@holsteinswitzerland\",\"https:\/\/www.instagram.com\/holstein_switzerland\"]}]}<\/script>\n<!-- \/ Yoast SEO plugin. -->","yoast_head_json":{"title":"Tarife - Holstein Switzerland","robots":{"index":"index","follow":"follow","max-snippet":"max-snippet:-1","max-image-preview":"max-image-preview:large","max-video-preview":"max-video-preview:-1"},"canonical":"https:\/\/www.holstein.ch\/de\/unsere-leistungen\/tarife-holstein\/","og_locale":"de_DE","og_type":"article","og_title":"Tarife - Holstein Switzerland","og_description":"Entdecken Sie die Tarife unserer Dienstleistungen Mitglieder von Holstein Switzerland profitieren von den folgenden kostenlosen Dienstleistungen: Tarife f\u00fcr die Mitglieder von Holstein Switzerlandg\u00fcltig ab dem 1. Januar 2026, MWSt 8.1% nicht inbegriffen 4 Eine Annullierung in letzter Minute, weniger als 48 Std. vor vorgesehenem Datum kostet CHF 50.-Une DLC annul\u00e9e sur place (vaches non pr\u00e9par\u00e9es, [&hellip;]","og_url":"https:\/\/www.holstein.ch\/de\/unsere-leistungen\/tarife-holstein\/","og_site_name":"Holstein Switzerland","article_publisher":"https:\/\/www.facebook.com\/HolSwi","article_modified_time":"2025-12-15T09:21:56+00:00","og_image":[{"width":1000,"height":667,"url":"https:\/\/www.holstein.ch\/wp-content\/uploads\/2023\/11\/tarifs_holstein.jpg","type":"image\/jpeg"}],"twitter_card":"summary_large_image","twitter_misc":{"Gesch\u00e4tzte Lesezeit":"4\u00a0Minuten"},"schema":{"@context":"https:\/\/schema.org","@graph":[{"@type":"WebPage","@id":"https:\/\/www.holstein.ch\/de\/unsere-leistungen\/tarife-holstein\/","url":"https:\/\/www.holstein.ch\/de\/unsere-leistungen\/tarife-holstein\/","name":"Tarife - Holstein Switzerland","isPartOf":{"@id":"https:\/\/www.holstein.ch\/de\/#website"},"primaryImageOfPage":{"@id":"https:\/\/www.holstein.ch\/de\/unsere-leistungen\/tarife-holstein\/#primaryimage"},"image":{"@id":"https:\/\/www.holstein.ch\/de\/unsere-leistungen\/tarife-holstein\/#primaryimage"},"thumbnailUrl":"https:\/\/www.holstein.ch\/wp-content\/uploads\/2023\/11\/tarifs_holstein.jpg","datePublished":"2020-11-17T09:52:23+00:00","dateModified":"2025-12-15T09:21:56+00:00","breadcrumb":{"@id":"https:\/\/www.holstein.ch\/de\/unsere-leistungen\/tarife-holstein\/#breadcrumb"},"inLanguage":"de","potentialAction":[{"@type":"ReadAction","target":["https:\/\/www.holstein.ch\/de\/unsere-leistungen\/tarife-holstein\/"]}]},{"@type":"ImageObject","inLanguage":"de","@id":"https:\/\/www.holstein.ch\/de\/unsere-leistungen\/tarife-holstein\/#primaryimage","url":"https:\/\/www.holstein.ch\/wp-content\/uploads\/2023\/11\/tarifs_holstein.jpg","contentUrl":"https:\/\/www.holstein.ch\/wp-content\/uploads\/2023\/11\/tarifs_holstein.jpg","width":1000,"height":667,"caption":"Tarifs Holstein"},{"@type":"BreadcrumbList","@id":"https:\/\/www.holstein.ch\/de\/unsere-leistungen\/tarife-holstein\/#breadcrumb","itemListElement":[{"@type":"ListItem","position":1,"name":"Unsere Leistungen","item":"https:\/\/www.holstein.ch\/de\/unsere-leistungen\/"},{"@type":"ListItem","position":2,"name":"Tarife"}]},{"@type":"WebSite","@id":"https:\/\/www.holstein.ch\/de\/#website","url":"https:\/\/www.holstein.ch\/de\/","name":"Holstein Switzerland","description":"Holstein Switzerland","publisher":{"@id":"https:\/\/www.holstein.ch\/de\/#organization"},"potentialAction":[{"@type":"SearchAction","target":{"@type":"EntryPoint","urlTemplate":"https:\/\/www.holstein.ch\/de\/?s={search_term_string}"},"query-input":{"@type":"PropertyValueSpecification","valueRequired":true,"valueName":"search_term_string"}}],"inLanguage":"de"},{"@type":"Organization","@id":"https:\/\/www.holstein.ch\/de\/#organization","name":"Holstein Switzerland","url":"https:\/\/www.holstein.ch\/de\/","logo":{"@type":"ImageObject","inLanguage":"de","@id":"https:\/\/www.holstein.ch\/de\/#\/schema\/logo\/image\/","url":"https:\/\/www.holstein.ch\/wp-content\/uploads\/2023\/09\/holstein_switzerland_logo.png","contentUrl":"https:\/\/www.holstein.ch\/wp-content\/uploads\/2023\/09\/holstein_switzerland_logo.png","width":800,"height":621,"caption":"Holstein Switzerland"},"image":{"@id":"https:\/\/www.holstein.ch\/de\/#\/schema\/logo\/image\/"},"sameAs":["https:\/\/www.facebook.com\/HolSwi","https:\/\/www.youtube.com\/@holsteinswitzerland","https:\/\/www.instagram.com\/holstein_switzerland"]}]}},"_links":{"self":[{"href":"https:\/\/www.holstein.ch\/de\/wp-json\/wp\/v2\/pages\/15791","targetHints":{"allow":["GET"]}}],"collection":[{"href":"https:\/\/www.holstein.ch\/de\/wp-json\/wp\/v2\/pages"}],"about":[{"href":"https:\/\/www.holstein.ch\/de\/wp-json\/wp\/v2\/types\/page"}],"author":[{"embeddable":true,"href":"https:\/\/www.holstein.ch\/de\/wp-json\/wp\/v2\/users\/42"}],"replies":[{"embeddable":true,"href":"https:\/\/www.holstein.ch\/de\/wp-json\/wp\/v2\/comments?post=15791"}],"version-history":[{"count":28,"href":"https:\/\/www.holstein.ch\/de\/wp-json\/wp\/v2\/pages\/15791\/revisions"}],"predecessor-version":[{"id":35791,"href":"https:\/\/www.holstein.ch\/de\/wp-json\/wp\/v2\/pages\/15791\/revisions\/35791"}],"up":[{"embeddable":true,"href":"https:\/\/www.holstein.ch\/de\/wp-json\/wp\/v2\/pages\/11204"}],"wp:featuredmedia":[{"embeddable":true,"href":"https:\/\/www.holstein.ch\/de\/wp-json\/wp\/v2\/media\/27449"}],"wp:attachment":[{"href":"https:\/\/www.holstein.ch\/de\/wp-json\/wp\/v2\/media?parent=15791"}],"curies":[{"name":"wp","href":"https:\/\/api.w.org\/{rel}","templated":true}]}}