{"id":29608,"date":"2019-05-29T12:23:25","date_gmt":"2019-05-29T10:23:25","guid":{"rendered":"https:\/\/u91g9azcjo.preview.infomaniak.website\/unsere-leistungen\/herdbook\/"},"modified":"2026-04-20T13:23:44","modified_gmt":"2026-04-20T11:23:44","slug":"herdbook","status":"publish","type":"page","link":"https:\/\/www.holstein.ch\/de\/unsere-leistungen\/herdbook\/","title":{"rendered":"Herdbook"},"content":{"rendered":"\n<p class=\"introduction\"><strong>Das Holstein-Herdebuch ist ein offenes Herdebuch.<\/strong><\/p>\n\n<p>Das Holstein-Herdebuch ist ein offenes Herdebuch. Jedes Tier wird mit seinem Blutanteil registriert. Die Abstammung wird durch die Meldung der Besamungen, Belegungen und Geburten sowie, falls notwendig, durch DNA-Tests gew\u00e4hrleistet. Alle Informationen aus den Leistungspr\u00fcfungen und Zuchtwertsch\u00e4tzungen werden dort aufbewahrt.<\/p>\n\n<details class=\"wp-block-details inseminations-ai-monte-naturelle is-layout-flow wp-block-details-is-layout-flow\"><summary>K\u00fcnstliche Besamung (KB) und Natursprung<\/summary>\n<p>Die KBs, die von einem Besamer einer KB-Organisation (z. Bsp. Swissgenetics, Select Star) durchgef\u00fchrt werden, m\u00fcssen dem Herdebuchdienst regelm\u00e4ssig von letzterer gemeldet werden.<\/p>\n\n\n\n<p>Z\u00fcchterinnen und Z\u00fcchter, die einen Natursprungstier einsetzen, den eigenen Bestand besamen oder mit einem freien Besamer zusammenarbeiten, m\u00fcssen die Belegungen und Besamungen dem Herdebuchdienst sp\u00e4testens 30 Tage nach der ersten Belegung\/Besamung mit dem gr\u00fcnen DBR-Formular (Deck- und Besamungsregister, beim Herdebuchdienst erh\u00e4ltlich) oder auf <a href=\"https:\/\/www.holsteinvision.ch\" target=\"_blank\" rel=\"noreferrer noopener\">www.holsteinvision.ch<\/a> oder der Holstein Mobile-App melden. Nur korrekte Daten werden im Herdebuch registriert. Nur korrekte Daten werden im Herdebuch registriert.<\/p>\n\n\n\n<p>Werden KB- oder Belegungsdaten korrekt gemeldet, stellt der Herdebuchdienst innerhalb von 6 Monaten eine Besamungs- oder Belegungsbest\u00e4tigung aus (nur erfolgreiche Besamungen). Mit diesen Best\u00e4tigungen k\u00f6nnen die Geburten der TVD korrekt gemeldet werden.<\/p>\n<\/details>\n\n<details class=\"wp-block-details annonce-naissances is-layout-flow wp-block-details-is-layout-flow\"><summary>Geburtsmeldungen<\/summary>\n<p>Gem\u00e4ss der Verordnung \u00fcber die Tierverkehrsdatenbank ist die Z\u00fcchterin oder der Z\u00fcchter verantwortlich f\u00fcr die Markierung der K\u00e4lber und die korrekte und vollst\u00e4ndige Meldung der Informationen an die TVD. Die Geburten werden letzterer auf <a href=\"https:\/\/www.agate.ch\" target=\"_blank\" rel=\"noreferrer noopener\">www.agate.ch<\/a> oder schriftlich mithilfe der Geburtsmeldung gemeldet. Damit der Zuchtinformationsausweis vollst\u00e4ndig ist, m\u00fcssen alle Rubriken der Geburtsmeldung ausgef\u00fcllt werden. Aborte, Totgeburten und Missbildungen oder Erbfehler sind ebenfalls der TVD auf Internet zu melden. Die TVD \u00fcbermittelt die Geburtsdaten einmal pro Tag dem Herdebuchdienst.<\/p>\n\n\n\n<p>Plausibilit\u00e4tstests gew\u00e4hrleisten eine korrekte Abstammung (registrierte Eltern, registrierte KB oder Belegung, korrekte Tr\u00e4chtigkeitsdauer, \u00dcbereinstimmung zwischen Geburtsdatum und Kalbedatum der Mutter). Der entsprechende Zuchtinformationsausweis wird ausgestellt und dem Z\u00fcchter oder der Z\u00fcchterin zusammen mit der monatlichen Information der Milchkontrolle geschickt.<\/p>\n\n\n\n<p>Eine korrekte und fristgerechte Markierung und Geburtsmeldung sind die Grundlage des Herdebuchs und der ganzen Arbeit eines Zuchtverbands.<\/p>\n<\/details>\n\n<details class=\"wp-block-details les-controles-dascendance is-layout-flow wp-block-details-is-layout-flow\"><summary>Abstammungskontrollen<\/summary>\n<p>Die Abstammungskontrollen dienen der \u00dcberpr\u00fcfung der Besamungs-, Belegungs- und Geburtsmeldungen. Sie erlauben auch eine sichere Ermittlung der Eltern eines Tieres bei Nachbesamungen oder -belegungen mit Stierwechsel oder bei Embryotransfers.<\/p>\n\n\n\n<p>In den folgenden F\u00e4llen werden die vollst\u00e4ndige Abstammung nur registriert und die Herdebuchdokumente nur ausgestellt,<\/p>\n\n\n\n<ul class=\"wp-block-list\">\n<li>wenn ein positiver Bericht eines f\u00fcr die Abstammungskontrolle anerkannten Labors vorgelegt wird:<\/li>\n\n\n\n<li>Frist der Geburtsmeldung nicht eingehalten<\/li>\n\n\n\n<li>ungew\u00f6hnliche Tr\u00e4chtigkeitsdauer<\/li>\n\n\n\n<li>Nachbesamungen oder -belegungen mit Stierwechsel Zweifelhafte Identifikation des Vaters, der Mutter oder des Kalbs; nicht gemeldete Belegung oder KBK<\/li>\n\n\n\n<li>Kalb aus Embryotransfer<\/li>\n\n\n\n<li>Stier f\u00fcr k\u00fcnstliche Besamung<\/li>\n<\/ul>\n<\/details>\n\n<details class=\"wp-block-details le-genotypage is-layout-flow wp-block-details-is-layout-flow\"><summary>Typisierung<\/summary>\n<p>Um das Herdebuch f\u00fchren zu k\u00f6nnen, m\u00fcssen die Tierdaten darin erfasst werden. Dazu liefert unter anderem die Typisierung n\u00fctzliche Zuchtwerte als Entscheidungsgrundlage, um die Zucht auf die festgelegte Strategie auszurichten.<\/p>\n\n\n\n<p>Bei der Typisierung wird die DNA eines Individuums entschl\u00fcsselt, um sein genetisches Potenzial zu ermitteln, bevor dieses ausgedr\u00fcckt wird. Die \u00fcblichste Methode ist die SNP-Typisierung (Single Nucleotide Polymorphism).<\/p>\n\n\n\n<p>Die SNPs (ausgesprochen: Snips) sind genetische Mutationen oder, einfacher gesagt, \u00c4nderungen der Gensequenzierung. Mit der SNP-Technik k\u00f6nnen die ge\u00e4nderten DNA-Segmente pr\u00e4zise lokalisiert werden. 70&#8217;000 Gene k\u00f6nnen mit dieser Methode ermittelt werden. Aus diesem Grund wird sie h\u00e4ufig f\u00fcr die Abstammungskontrolle verwendet. Ausser der Abstammungskontrolle, um die Eltern eines Tieres ausfindig zu machen, kann man mit der Typisierung \u00fcberpr\u00fcfen, ob das Tier Tr\u00e4ger ist von Erbfehlern oder des Rotfaktors. Sie erm\u00f6glicht auch, das genetische Potenzial eines Individuums zu bestimmen, indem sie die DNA in genomische Zuchtwerte umwandelt. Mit letzteren ist es m\u00f6glich, einen Zusammenhang zwischen genetischen Sequenzen und einer Krankheit herzustellen.<\/p>\n<\/details>\n\n<details class=\"wp-block-details prefixe-delevage is-layout-flow wp-block-details-is-layout-flow\"><summary>Herdennamen<\/summary>\n<p>Z\u00fcchterinnen und Z\u00fcchter, die f\u00fcr ihre Zuchttiere einen HERDENNAMEN eintragen lassen wollen, k\u00f6nnen sich beim Herdebuchdienst melden. Der Herdennamen darf nicht mehr als 10 Zeichen aufweisen und nicht bereits von einem anderen Schweizer Z\u00fcchter verwendet werden. Der Herdennamen wird automatisch dem kurzen Namen aller Tiere des Herdennameneigent\u00fcmers hinzugef\u00fcgt.<\/p>\n<\/details>\n\n<details class=\"wp-block-details les-coproprietes is-layout-flow wp-block-details-is-layout-flow\"><summary>Miteigent\u00fcmerschaften<\/summary>\n<h4 class=\"wp-block-heading\">Grundsatz<\/h4>\n\n\n\n<p>Personen, die keinen Betrieb haben oder unserer Genossenschaft nicht angeschlossen sind, k\u00f6nnen ein Tier unter ihrem Namen eintragen lassen. Dies gilt auch f\u00fcr Tiere, die mehreren Personen oder einer Z\u00fcchtergruppe (Genossenschaft) geh\u00f6ren<\/p>\n\n\n\n<h4 class=\"wp-block-heading\">Bedingungen<\/h4>\n\n\n\n<p>Das Tier muss sich auf einem Betrieb befinden, der Mitglied ist von Holstein Switzerland. Die Milchkontrolle, die Markierung und die TVD-Meldungen werden vom jeweiligen Betrieb vorgenommen.<\/p>\n\n\n\n<h4 class=\"wp-block-heading\">Verwaltung der Miteigent\u00fcmerschaften<\/h4>\n\n\n\n<p>Jeder Eigent\u00fcmer wird auf dem Zuchtinformationsausweis aufgef\u00fchrt. Der Haupteigent\u00fcmer erscheint als erster. Der Betrieb, auf welchem das Tier stationiert ist, wird mit * gekennzeichnet. Auf den Ausstellungskatalogen und Stalltafeln wird nur der Haupteigent\u00fcmer aufgef\u00fchrt. Die Nachkommen erhalten automatisch den Herdennamen des Haupteigent\u00fcmers der Mutter zum Zeitpunkt der Besamung.<\/p>\n\n\n\n<p>Jeder Miteigent\u00fcmer erh\u00e4lt einen kostenlosen Privatzugriff auf <a href=\"https:\/\/www.holsteinvision.ch\/\" target=\"_blank\" rel=\"noreferrer noopener\">HolsteinVision<\/a>. Er kann so die Daten seiner Tiere einsehen, auch wenn sie an verschiedenen Orten stationiert sind oder sich auf einem anderen Betrieb befinden.<\/p>\n\n\n\n<h4 class=\"wp-block-heading\">Anmeldung<\/h4>\n\n\n\n<p>Die Anmeldung der Miteigent\u00fcmerschaft bei der Genossenschaft erfolgt per <a href=\"\/wp-content\/uploads\/Annonce-coproprietes_2022.pdf\" target=\"_blank\" rel=\"noreferrer noopener\">Anmeldeformular<\/a>. Sie wird nur nach der Bezahlung der Registrierungspauschale definitiv. Die Nachkommen des betreffenden Tiers k\u00f6nnen vom Haupteigent\u00fcmer der Mutter f\u00fcr eine neue Miteigent\u00fcmerschaft angemeldet werden.<\/p>\n<\/details>\n","protected":false},"excerpt":{"rendered":"<p>Das Holstein-Herdebuch ist ein offenes Herdebuch. Das Holstein-Herdebuch ist ein offenes Herdebuch. Jedes Tier wird mit seinem Blutanteil registriert. Die Abstammung wird durch die Meldung der Besamungen, Belegungen und Geburten sowie, falls notwendig, durch DNA-Tests gew\u00e4hrleistet. Alle Informationen aus den Leistungspr\u00fcfungen und Zuchtwertsch\u00e4tzungen werden dort aufbewahrt.<\/p>\n","protected":false},"author":1,"featured_media":25882,"parent":11204,"menu_order":0,"comment_status":"closed","ping_status":"closed","template":"","meta":{"_acf_changed":false,"_monsterinsights_skip_tracking":false,"_monsterinsights_sitenote_active":false,"_monsterinsights_sitenote_note":"","_monsterinsights_sitenote_category":0,"footnotes":""},"class_list":["post-29608","page","type-page","status-publish","has-post-thumbnail","hentry"],"acf":[],"yoast_head":"<!-- This site is optimized with the Yoast SEO plugin v26.9 - https:\/\/yoast.com\/product\/yoast-seo-wordpress\/ -->\n<title>Herdbook - Holstein Switzerland<\/title>\n<meta name=\"robots\" content=\"index, follow, max-snippet:-1, max-image-preview:large, max-video-preview:-1\" \/>\n<link rel=\"canonical\" href=\"https:\/\/www.holstein.ch\/de\/unsere-leistungen\/herdbook\/\" \/>\n<meta property=\"og:locale\" content=\"de_DE\" \/>\n<meta property=\"og:type\" content=\"article\" \/>\n<meta property=\"og:title\" content=\"Herdbook - Holstein Switzerland\" \/>\n<meta property=\"og:description\" content=\"Das Holstein-Herdebuch ist ein offenes Herdebuch. Das Holstein-Herdebuch ist ein offenes Herdebuch. Jedes Tier wird mit seinem Blutanteil registriert. Die Abstammung wird durch die Meldung der Besamungen, Belegungen und Geburten sowie, falls notwendig, durch DNA-Tests gew\u00e4hrleistet. Alle Informationen aus den Leistungspr\u00fcfungen und Zuchtwertsch\u00e4tzungen werden dort aufbewahrt.\" \/>\n<meta property=\"og:url\" content=\"https:\/\/www.holstein.ch\/de\/unsere-leistungen\/herdbook\/\" \/>\n<meta property=\"og:site_name\" content=\"Holstein Switzerland\" \/>\n<meta property=\"article:publisher\" content=\"https:\/\/www.facebook.com\/HolSwi\" \/>\n<meta property=\"article:modified_time\" content=\"2026-04-20T11:23:44+00:00\" \/>\n<meta property=\"og:image\" content=\"https:\/\/www.holstein.ch\/wp-content\/uploads\/2023\/10\/Herdbook.jpg\" \/>\n\t<meta property=\"og:image:width\" content=\"800\" \/>\n\t<meta property=\"og:image:height\" content=\"533\" \/>\n\t<meta property=\"og:image:type\" content=\"image\/jpeg\" \/>\n<meta name=\"twitter:card\" content=\"summary_large_image\" \/>\n<meta name=\"twitter:label1\" content=\"Gesch\u00e4tzte Lesezeit\" \/>\n\t<meta name=\"twitter:data1\" content=\"5\u00a0Minuten\" \/>\n<script type=\"application\/ld+json\" class=\"yoast-schema-graph\">{\"@context\":\"https:\/\/schema.org\",\"@graph\":[{\"@type\":\"WebPage\",\"@id\":\"https:\/\/www.holstein.ch\/de\/unsere-leistungen\/herdbook\/\",\"url\":\"https:\/\/www.holstein.ch\/de\/unsere-leistungen\/herdbook\/\",\"name\":\"Herdbook - Holstein Switzerland\",\"isPartOf\":{\"@id\":\"https:\/\/www.holstein.ch\/de\/#website\"},\"primaryImageOfPage\":{\"@id\":\"https:\/\/www.holstein.ch\/de\/unsere-leistungen\/herdbook\/#primaryimage\"},\"image\":{\"@id\":\"https:\/\/www.holstein.ch\/de\/unsere-leistungen\/herdbook\/#primaryimage\"},\"thumbnailUrl\":\"https:\/\/www.holstein.ch\/wp-content\/uploads\/2023\/10\/Herdbook.jpg\",\"datePublished\":\"2019-05-29T10:23:25+00:00\",\"dateModified\":\"2026-04-20T11:23:44+00:00\",\"breadcrumb\":{\"@id\":\"https:\/\/www.holstein.ch\/de\/unsere-leistungen\/herdbook\/#breadcrumb\"},\"inLanguage\":\"de\",\"potentialAction\":[{\"@type\":\"ReadAction\",\"target\":[\"https:\/\/www.holstein.ch\/de\/unsere-leistungen\/herdbook\/\"]}]},{\"@type\":\"ImageObject\",\"inLanguage\":\"de\",\"@id\":\"https:\/\/www.holstein.ch\/de\/unsere-leistungen\/herdbook\/#primaryimage\",\"url\":\"https:\/\/www.holstein.ch\/wp-content\/uploads\/2023\/10\/Herdbook.jpg\",\"contentUrl\":\"https:\/\/www.holstein.ch\/wp-content\/uploads\/2023\/10\/Herdbook.jpg\",\"width\":800,\"height\":533,\"caption\":\"Herdbook\"},{\"@type\":\"BreadcrumbList\",\"@id\":\"https:\/\/www.holstein.ch\/de\/unsere-leistungen\/herdbook\/#breadcrumb\",\"itemListElement\":[{\"@type\":\"ListItem\",\"position\":1,\"name\":\"Unsere Leistungen\",\"item\":\"https:\/\/www.holstein.ch\/de\/unsere-leistungen\/\"},{\"@type\":\"ListItem\",\"position\":2,\"name\":\"Herdbook\"}]},{\"@type\":\"WebSite\",\"@id\":\"https:\/\/www.holstein.ch\/de\/#website\",\"url\":\"https:\/\/www.holstein.ch\/de\/\",\"name\":\"Holstein Switzerland\",\"description\":\"Holstein Switzerland\",\"publisher\":{\"@id\":\"https:\/\/www.holstein.ch\/de\/#organization\"},\"potentialAction\":[{\"@type\":\"SearchAction\",\"target\":{\"@type\":\"EntryPoint\",\"urlTemplate\":\"https:\/\/www.holstein.ch\/de\/?s={search_term_string}\"},\"query-input\":{\"@type\":\"PropertyValueSpecification\",\"valueRequired\":true,\"valueName\":\"search_term_string\"}}],\"inLanguage\":\"de\"},{\"@type\":\"Organization\",\"@id\":\"https:\/\/www.holstein.ch\/de\/#organization\",\"name\":\"Holstein Switzerland\",\"url\":\"https:\/\/www.holstein.ch\/de\/\",\"logo\":{\"@type\":\"ImageObject\",\"inLanguage\":\"de\",\"@id\":\"https:\/\/www.holstein.ch\/de\/#\/schema\/logo\/image\/\",\"url\":\"https:\/\/www.holstein.ch\/wp-content\/uploads\/2023\/09\/holstein_switzerland_logo.png\",\"contentUrl\":\"https:\/\/www.holstein.ch\/wp-content\/uploads\/2023\/09\/holstein_switzerland_logo.png\",\"width\":800,\"height\":621,\"caption\":\"Holstein Switzerland\"},\"image\":{\"@id\":\"https:\/\/www.holstein.ch\/de\/#\/schema\/logo\/image\/\"},\"sameAs\":[\"https:\/\/www.facebook.com\/HolSwi\",\"https:\/\/www.youtube.com\/@holsteinswitzerland\",\"https:\/\/www.instagram.com\/holstein_switzerland\"]}]}<\/script>\n<!-- \/ Yoast SEO plugin. -->","yoast_head_json":{"title":"Herdbook - Holstein Switzerland","robots":{"index":"index","follow":"follow","max-snippet":"max-snippet:-1","max-image-preview":"max-image-preview:large","max-video-preview":"max-video-preview:-1"},"canonical":"https:\/\/www.holstein.ch\/de\/unsere-leistungen\/herdbook\/","og_locale":"de_DE","og_type":"article","og_title":"Herdbook - Holstein Switzerland","og_description":"Das Holstein-Herdebuch ist ein offenes Herdebuch. Das Holstein-Herdebuch ist ein offenes Herdebuch. Jedes Tier wird mit seinem Blutanteil registriert. Die Abstammung wird durch die Meldung der Besamungen, Belegungen und Geburten sowie, falls notwendig, durch DNA-Tests gew\u00e4hrleistet. Alle Informationen aus den Leistungspr\u00fcfungen und Zuchtwertsch\u00e4tzungen werden dort aufbewahrt.","og_url":"https:\/\/www.holstein.ch\/de\/unsere-leistungen\/herdbook\/","og_site_name":"Holstein Switzerland","article_publisher":"https:\/\/www.facebook.com\/HolSwi","article_modified_time":"2026-04-20T11:23:44+00:00","og_image":[{"width":800,"height":533,"url":"https:\/\/www.holstein.ch\/wp-content\/uploads\/2023\/10\/Herdbook.jpg","type":"image\/jpeg"}],"twitter_card":"summary_large_image","twitter_misc":{"Gesch\u00e4tzte Lesezeit":"5\u00a0Minuten"},"schema":{"@context":"https:\/\/schema.org","@graph":[{"@type":"WebPage","@id":"https:\/\/www.holstein.ch\/de\/unsere-leistungen\/herdbook\/","url":"https:\/\/www.holstein.ch\/de\/unsere-leistungen\/herdbook\/","name":"Herdbook - Holstein Switzerland","isPartOf":{"@id":"https:\/\/www.holstein.ch\/de\/#website"},"primaryImageOfPage":{"@id":"https:\/\/www.holstein.ch\/de\/unsere-leistungen\/herdbook\/#primaryimage"},"image":{"@id":"https:\/\/www.holstein.ch\/de\/unsere-leistungen\/herdbook\/#primaryimage"},"thumbnailUrl":"https:\/\/www.holstein.ch\/wp-content\/uploads\/2023\/10\/Herdbook.jpg","datePublished":"2019-05-29T10:23:25+00:00","dateModified":"2026-04-20T11:23:44+00:00","breadcrumb":{"@id":"https:\/\/www.holstein.ch\/de\/unsere-leistungen\/herdbook\/#breadcrumb"},"inLanguage":"de","potentialAction":[{"@type":"ReadAction","target":["https:\/\/www.holstein.ch\/de\/unsere-leistungen\/herdbook\/"]}]},{"@type":"ImageObject","inLanguage":"de","@id":"https:\/\/www.holstein.ch\/de\/unsere-leistungen\/herdbook\/#primaryimage","url":"https:\/\/www.holstein.ch\/wp-content\/uploads\/2023\/10\/Herdbook.jpg","contentUrl":"https:\/\/www.holstein.ch\/wp-content\/uploads\/2023\/10\/Herdbook.jpg","width":800,"height":533,"caption":"Herdbook"},{"@type":"BreadcrumbList","@id":"https:\/\/www.holstein.ch\/de\/unsere-leistungen\/herdbook\/#breadcrumb","itemListElement":[{"@type":"ListItem","position":1,"name":"Unsere Leistungen","item":"https:\/\/www.holstein.ch\/de\/unsere-leistungen\/"},{"@type":"ListItem","position":2,"name":"Herdbook"}]},{"@type":"WebSite","@id":"https:\/\/www.holstein.ch\/de\/#website","url":"https:\/\/www.holstein.ch\/de\/","name":"Holstein Switzerland","description":"Holstein Switzerland","publisher":{"@id":"https:\/\/www.holstein.ch\/de\/#organization"},"potentialAction":[{"@type":"SearchAction","target":{"@type":"EntryPoint","urlTemplate":"https:\/\/www.holstein.ch\/de\/?s={search_term_string}"},"query-input":{"@type":"PropertyValueSpecification","valueRequired":true,"valueName":"search_term_string"}}],"inLanguage":"de"},{"@type":"Organization","@id":"https:\/\/www.holstein.ch\/de\/#organization","name":"Holstein Switzerland","url":"https:\/\/www.holstein.ch\/de\/","logo":{"@type":"ImageObject","inLanguage":"de","@id":"https:\/\/www.holstein.ch\/de\/#\/schema\/logo\/image\/","url":"https:\/\/www.holstein.ch\/wp-content\/uploads\/2023\/09\/holstein_switzerland_logo.png","contentUrl":"https:\/\/www.holstein.ch\/wp-content\/uploads\/2023\/09\/holstein_switzerland_logo.png","width":800,"height":621,"caption":"Holstein Switzerland"},"image":{"@id":"https:\/\/www.holstein.ch\/de\/#\/schema\/logo\/image\/"},"sameAs":["https:\/\/www.facebook.com\/HolSwi","https:\/\/www.youtube.com\/@holsteinswitzerland","https:\/\/www.instagram.com\/holstein_switzerland"]}]}},"_links":{"self":[{"href":"https:\/\/www.holstein.ch\/de\/wp-json\/wp\/v2\/pages\/29608","targetHints":{"allow":["GET"]}}],"collection":[{"href":"https:\/\/www.holstein.ch\/de\/wp-json\/wp\/v2\/pages"}],"about":[{"href":"https:\/\/www.holstein.ch\/de\/wp-json\/wp\/v2\/types\/page"}],"author":[{"embeddable":true,"href":"https:\/\/www.holstein.ch\/de\/wp-json\/wp\/v2\/users\/1"}],"replies":[{"embeddable":true,"href":"https:\/\/www.holstein.ch\/de\/wp-json\/wp\/v2\/comments?post=29608"}],"version-history":[{"count":9,"href":"https:\/\/www.holstein.ch\/de\/wp-json\/wp\/v2\/pages\/29608\/revisions"}],"predecessor-version":[{"id":36549,"href":"https:\/\/www.holstein.ch\/de\/wp-json\/wp\/v2\/pages\/29608\/revisions\/36549"}],"up":[{"embeddable":true,"href":"https:\/\/www.holstein.ch\/de\/wp-json\/wp\/v2\/pages\/11204"}],"wp:featuredmedia":[{"embeddable":true,"href":"https:\/\/www.holstein.ch\/de\/wp-json\/wp\/v2\/media\/25882"}],"wp:attachment":[{"href":"https:\/\/www.holstein.ch\/de\/wp-json\/wp\/v2\/media?parent=29608"}],"curies":[{"name":"wp","href":"https:\/\/api.w.org\/{rel}","templated":true}]}}