{"id":9164,"date":"2019-05-12T11:35:24","date_gmt":"2019-05-12T09:35:24","guid":{"rendered":"https:\/\/holstein.ch\/holsteinvision\/"},"modified":"2025-10-07T15:08:12","modified_gmt":"2025-10-07T13:08:12","slug":"holsteinvision","status":"publish","type":"page","link":"https:\/\/www.holstein.ch\/de\/unsere-leistungen\/holsteinvision\/","title":{"rendered":"Zwei Varianten \u2013 eine L\u00f6sung!"},"content":{"rendered":"\t\t<div data-elementor-type=\"wp-page\" data-elementor-id=\"9164\" class=\"elementor elementor-9164 elementor-6891\" data-elementor-post-type=\"page\">\n\t\t\t\t<div class=\"has_ae_slider elementor-element elementor-element-4f3f00cf e-flex e-con-boxed ae-bg-gallery-type-default e-con e-parent\" data-id=\"4f3f00cf\" data-element_type=\"container\">\n\t\t\t\t\t<div class=\"e-con-inner\">\n\t\t\t\t<div class=\"elementor-element elementor-element-1081b311 elementor-widget elementor-widget-text-editor\" data-id=\"1081b311\" data-element_type=\"widget\" data-widget_type=\"text-editor.default\">\n\t\t\t\t<div class=\"elementor-widget-container\">\n\t\t\t\t\t\t\t\t\t<p class=\"introduction\"><strong>HolsteinVision existiert in zwei Varianten: die mobile Version (f\u00fcr Smartphone) und die PC-Version.<\/strong><\/p>\n\n<details class=\"wp-block-details sabonner\"><summary>Abonnieren<\/summary>\n<h4 class=\"wp-block-heading\">Um sich anzumelden, f\u00fcllen Sie einfach das folgende Formular aus.<\/h4>\n<div class=\"frm_forms  with_frm_style frm_style_style-formidable\" id=\"frm_form_1_container\" >\n<form enctype=\"multipart\/form-data\" method=\"post\" class=\"frm-show-form \" id=\"form_contact-form\" >\n<div class=\"frm_form_fields \">\n<fieldset>\n<legend class=\"frm_screen_reader\">Inscription HolsteinVision<\/legend>\r\n\r\n<div class=\"frm_fields_container\">\n<input type=\"hidden\" name=\"frm_action\" value=\"create\" \/>\n<input type=\"hidden\" name=\"form_id\" value=\"1\" \/>\n<input type=\"hidden\" name=\"frm_hide_fields_1\" id=\"frm_hide_fields_1\" value=\"\" \/>\n<input type=\"hidden\" name=\"form_key\" value=\"contact-form\" \/>\n<input type=\"hidden\" name=\"item_meta[0]\" value=\"\" \/>\n<input type=\"hidden\" id=\"frm_submit_entry_1\" name=\"frm_submit_entry_1\" value=\"b4dc402590\" \/><input type=\"hidden\" name=\"_wp_http_referer\" value=\"\/de\/wp-json\/wp\/v2\/pages\/9164\" \/><div id=\"frm_field_1_container\" class=\"frm_form_field form-field  frm_required_field frm_top_container frm_first frm_half\">\r\n    <label for=\"field_qh4icy\" id=\"field_qh4icy_label\" class=\"frm_primary_label\">Nom\r\n        <span class=\"frm_required\" aria-hidden=\"true\">*<\/span>\r\n    <\/label>\r\n    <input type=\"text\" id=\"field_qh4icy\" name=\"item_meta[1]\" value=\"\"  data-reqmsg=\"Ce champ ne peut pas \u00eatre vide\" aria-required=\"true\" data-invmsg=\"Name est non valide\" aria-invalid=\"false\"  \/>\r\n    \r\n    \r\n<\/div>\n<div id=\"frm_field_2_container\" class=\"frm_form_field form-field  frm_required_field frm_top_container frm_half\">\r\n    <label for=\"field_ocfup1\" id=\"field_ocfup1_label\" class=\"frm_primary_label\">Pr\u00e9nom\r\n        <span class=\"frm_required\" aria-hidden=\"true\">*<\/span>\r\n    <\/label>\r\n    <input type=\"text\" id=\"field_ocfup1\" name=\"item_meta[2]\" value=\"\"  data-reqmsg=\"Ce champ ne peut pas \u00eatre vide\" aria-required=\"true\" data-invmsg=\"Last est non valide\" aria-invalid=\"false\"  \/>\r\n    \r\n    \r\n<\/div>\n<div id=\"frm_field_6_container\" class=\"frm_form_field form-field  frm_required_field frm_top_container frm6 frm_first\">\r\n    <label for=\"field_36ro3\" id=\"field_36ro3_label\" class=\"frm_primary_label\">Adresse\r\n        <span class=\"frm_required\" aria-hidden=\"true\">*<\/span>\r\n    <\/label>\r\n    <input type=\"text\" id=\"field_36ro3\" name=\"item_meta[6]\" value=\"\"  data-reqmsg=\"Ce champ ne peut pas \u00eatre vide\" aria-required=\"true\" data-invmsg=\"texte est non valide\" aria-invalid=\"false\"  \/>\r\n    \r\n    \r\n<\/div>\n<div id=\"frm_field_7_container\" class=\"frm_form_field form-field  frm_required_field frm_top_container frm6\">\r\n    <label for=\"field_pecs4\" id=\"field_pecs4_label\" class=\"frm_primary_label\">NPA Localit\u00e9\r\n        <span class=\"frm_required\" aria-hidden=\"true\">*<\/span>\r\n    <\/label>\r\n    <input type=\"text\" id=\"field_pecs4\" name=\"item_meta[7]\" value=\"\"  data-reqmsg=\"Ce champ ne peut pas \u00eatre vide\" aria-required=\"true\" data-invmsg=\"texte est non valide\" aria-invalid=\"false\"  \/>\r\n    \r\n    \r\n<\/div>\n<div id=\"frm_field_3_container\" class=\"frm_form_field form-field  frm_required_field frm_top_container frm6 frm_first\">\r\n    <label for=\"field_29yf4d\" id=\"field_29yf4d_label\" class=\"frm_primary_label\">Email\r\n        <span class=\"frm_required\" aria-hidden=\"true\">*<\/span>\r\n    <\/label>\r\n    <input type=\"email\" id=\"field_29yf4d\" name=\"item_meta[3]\" value=\"\"  data-reqmsg=\"Ce champ ne peut pas \u00eatre vide\" aria-required=\"true\" data-invmsg=\"Please enter a valid email address\" aria-invalid=\"false\"  \/>\r\n    \r\n    \r\n<\/div>\n<div id=\"frm_field_8_container\" class=\"frm_form_field form-field  frm_required_field frm_top_container frm6\">\r\n    <label for=\"field_s7urc\" id=\"field_s7urc_label\" class=\"frm_primary_label\">T\u00e9l\u00e9phone\r\n        <span class=\"frm_required\" aria-hidden=\"true\">*<\/span>\r\n    <\/label>\r\n    <input type=\"tel\" id=\"field_s7urc\" name=\"item_meta[8]\" value=\"\"  data-reqmsg=\"Ce champ ne peut pas \u00eatre vide\" aria-required=\"true\" data-invmsg=\"T\u00e9l\u00e9phone est non valide\" aria-invalid=\"false\" pattern=\"((\\+\\d{1,3}(-|.| )?\\(?\\d\\)?(-| |.)?\\d{1,5})|(\\(?\\d{2,6}\\)?))(-|.| )?(\\d{3,4})(-|.| )?(\\d{4})(( x| ext)\\d{1,5}){0,1}$\"  \/>\r\n    \r\n    \r\n<\/div>\n<div id=\"frm_field_10_container\" class=\"frm_form_field form-field  frm_top_container vertical_radio\">\r\n    <div  id=\"field_80de_label\" class=\"frm_primary_label\">HolsteinVision est l\u2019outil internet incontournable pour la gestion du troupeau. Simple d\u2019utilisation, b\u00e9n\u00e9ficiant d\u2019un environnement convivial et enti\u00e8rement tourn\u00e9 vers les besoins de l\u2019\u00e9leveur, HolsteinVision est la r\u00e9f\u00e9rence en la mati\u00e8re\r\n        <span class=\"frm_required\" aria-hidden=\"true\"><\/span>\r\n    <\/div>\r\n    <div class=\"frm_opt_container\" aria-labelledby=\"field_80de_label\" role=\"group\">\t\t<div class=\"frm_checkbox\" id=\"frm_checkbox_10-0\">\t\t\t<label  for=\"field_80de-0\">\n\t\t\t<input type=\"checkbox\" name=\"item_meta[10][]\" id=\"field_80de-0\" value=\"Je souhaite m&#039;abonner \u00e0 HolsteinVision au prix de CHF 50.- par anne\u0301e.\"  data-invmsg=\"HolsteinVision est l\u2019outil internet incontournable pour la gestion du troupeau. Simple d\u2019utilisation, b\u00e9n\u00e9ficiant d\u2019un environnement convivial et enti\u00e8rement tourn\u00e9 vers les besoins de l\u2019\u00e9leveur, HolsteinVision est la r\u00e9f\u00e9rence en la mati\u00e8re ist ung\u00fcltig\"   \/> Je souhaite m&#8217;abonner \u00e0 HolsteinVision au prix de CHF 50.- par anne\u0301e.<\/label><\/div>\n<\/div>\r\n    \r\n    \r\n<\/div>\n<div id=\"frm_field_4_container\" class=\"frm_form_field form-field  frm_top_container frm_full\">\r\n    <label for=\"field_e6lis6\" id=\"field_e6lis6_label\" class=\"frm_primary_label\">No. SE-Exploitation\r\n        <span class=\"frm_required\" aria-hidden=\"true\"><\/span>\r\n    <\/label>\r\n    <input type=\"text\" id=\"field_e6lis6\" name=\"item_meta[4]\" value=\"\"  data-invmsg=\"Subject est non valide\" aria-invalid=\"false\"  \/>\r\n    \r\n    \r\n<\/div>\n<div id=\"frm_field_11_container\" class=\"frm_form_field form-field  frm_required_field frm_top_container vertical_radio\">\r\n    <div  id=\"field_83ohe_label\" class=\"frm_primary_label\">\r\n        <span class=\"frm_required\" aria-hidden=\"true\"><\/span>\r\n    <\/div>\r\n    <div class=\"frm_opt_container\" aria-labelledby=\"field_83ohe_label\" role=\"group\">\t\t<div class=\"frm_checkbox\" id=\"frm_checkbox_11-0\">\t\t\t<label  for=\"field_83ohe-0\">\n\t\t\t<input type=\"checkbox\" name=\"item_meta[11][]\" id=\"field_83ohe-0\" value=\"Oui, j\u2019ai lu et j\u2019acce\u0300pte les &lt;a href=&quot;\/fr\/conditions-generales\/&quot; target=&quot;_blank&quot;&gt;conditions ge\u0301ne\u0301rales&lt;\/a&gt;\"  data-reqmsg=\"Ce champ ne peut pas \u00eatre vide\" data-invmsg=\"Dieses Feld ist ung\u00fcltig\"   aria-required=\"true\"  \/> Oui, j\u2019ai lu et j\u2019acce\u0300pte les <a href=\"\/fr\/conditions-generales\/\" target=\"_blank\">conditions ge\u0301ne\u0301rales<\/a><\/label><\/div>\n<\/div>\r\n    \r\n    \r\n<\/div>\n<div id=\"frm_field_13_container\" class=\"frm_form_field form-field  frm_none_container\">\r\n    <label for=\"g-recaptcha-response\" id=\"field_4au1r_label\" class=\"frm_primary_label\">Captcha\r\n        <span class=\"frm_required\" aria-hidden=\"true\"><\/span>\r\n    <\/label>\r\n    <div  id=\"field_4au1r\" class=\"frm-g-recaptcha\" data-sitekey=\"6LeZY1EpAAAAALxrFnyqdz1tImtPRl5e8odyObHR\" data-size=\"invisible\" data-theme=\"light\"><\/div>\r\n    \r\n    \r\n<\/div>\n<div id=\"frm_field_234_container\" class=\"frm_form_field form-field \">\n\t<div class=\"frm_submit\">\r\n\r\n<button class=\"frm_button_submit\" type=\"submit\"  >Je m&#039;abonne<\/button>\r\n\r\n\r\n<\/div>\n<\/div>\n\t<input type=\"hidden\" name=\"item_key\" value=\"\" \/>\n\t\t\t<div id=\"frm_field_335_container\">\n\t\t\t<label for=\"field_vzlxb\" >\n\t\t\t\tFalls Du menschlich bist, lasse dieses Feld leer.\t\t\t<\/label>\n\t\t\t<input  id=\"field_vzlxb\" type=\"text\" class=\"frm_form_field form-field frm_verify\" name=\"item_meta[335]\" value=\"\"  \/>\n\t\t<\/div>\n\t\t<input name=\"frm_state\" type=\"hidden\" value=\"DItbVb99iM25aIvmhdczM4iYaPPpuhDNn\/dBghSjR8E=\" \/><\/div>\n<\/fieldset>\n<\/div>\n\n<\/form>\n<\/div>\n\n\nAls Abonnent erhalten Sie unser Magazin Holstein News <strong>viermal im Jahr<\/strong> kostenlos.\n\n<\/details><details class=\"wp-block-details\"><summary>Video Tutorials<\/summary>\n<h3 class=\"wp-block-heading\">Nutzen Sie die Vorteile der Funktionalit\u00e4ten von HolsteinVision voll aus<\/h3>\n<div class=\"wp-block-columns\">\n<div class=\"wp-block-column\">\n<h4 class=\"wp-block-heading\">TVD-Geburtsmeldung<\/h4>\n<iframe title=\"YouTube video player\" src=\"https:\/\/www.youtube.com\/embed\/Nx3cjt66-bI?si=dmsS5wkdh9U9Bd3v\" width=\"560\" height=\"315\" frameborder=\"0\" allowfullscreen=\"allowfullscreen\"><\/iframe>\n<\/div>\n<div class=\"wp-block-column\">\n<h4 class=\"wp-block-heading\">Schalmtest stets zur Hand<\/h4>\n<iframe width=\"560\" height=\"315\" src=\"https:\/\/www.youtube.com\/embed\/mpT8tPhcXqo?si=8ye76G1tMVzyRZco\" title=\"YouTube video player\" frameborder=\"0\" allow=\"accelerometer; autoplay; clipboard-write; encrypted-media; gyroscope; picture-in-picture; web-share\" allowfullscreen=\"\"><\/iframe>\n<\/div>\n<\/div>\n<\/details><strong>Beide Versionen sind jedoch verbunden und synchronisiert, sodass sie die genau gleichen Daten beinhalten.<\/strong>\n\nHolsteinVision ist ein unentbehrliches elektronisches Werkzeug f\u00fcr das Herdenmanagement. Einfache Bedinung, Benutzerfreundlichkeit und vollst\u00e4ndige Ausrichtung auf die Bed\u00fcrfnisse der Z\u00fcchter: HolsteinVision ist DIE Referenz.\n<ul>\n \t<li>Tierliste gem\u00e4ss ausw\u00e4hlbaren Parametern<\/li>\n \t<li>Erfassung der KBs und Belegungen sowie der Gesundheitsdaten<\/li>\n \t<li>Monatliche Information der Milchkontrolle<\/li>\n \t<li>Herdenmanagement mit Kuhplaner, Fruchtbarkeits\u00fcberwachung und Aktionsliste<\/li>\n \t<li>Anpaarungsversuche mit Pedigree und Inzuchtgrad der Nachkommen<\/li>\n \t<li>Herunterladen der Dateien f\u00fcr Dritte<\/li>\n \t<li>Anmeldung zur LBE<\/li>\n \t<li>Nachrichtendienst<\/li>\n \t<li>Zugriff auf alle Zuchtdokumente im PDF-Format (einschliesslich Katalog, Stallkarte, Behandlungsjournal usw.)<\/li>\n \t<li>Zugriff auf alle archivierten professionellen Fotos<\/li>\n \t<li>Ein Abonnement fur die Holstein News (4 Ausgaben pro Jahr)<\/li>\n \t<li style=\"list-style-type: none;\">\n<\/li><\/ul>\nZudem werden die Daten aller Tiere des Betriebs kontinuierlich aktualisiert und sind rund um die Uhr verf\u00fcgbar.\n\nMit der <a href=\"https:\/\/www.holsteinvision.ch\/holstein\/searchActivis\/jsp\/recherche.jsp?mm=&amp;nom=&amp;nomc=&amp;sexe=&amp;anneea=&amp;anneeb=&amp;tri=aninomcourt,animarquemetallique\" target=\"_blank\" rel=\"noopener noreferrer\">Tiersuche<\/a> hat jeder <a href=\"https:\/\/www.holsteinvision.ch\" target=\"_blank\" rel=\"noopener noreferrer\">HolsteinVision-Benutzer<\/a> zudem ohne Code freien Zugang den Katalogseiten aller aktiven Holsteintiere (Abstammung und Zuchtwerte).\n<h3 class=\"wp-block-heading\">Ihre Herde immer und \u00fcberall dabei!<\/h3>\nDas Herdenmanagement war noch nie so einfach. Mit der Holstein Mobile-App k\u00f6nnen Sie alle Vorteile von HolsteinVision auf Ihrem Smartphone nutzen\n\nHolstein Mobile ist im <a href=\"https:\/\/play.google.com\/store\/apps\/details?id=ch.holstein.holmo\">Play Store<\/a> und <a href=\"https:\/\/itunes.apple.com\/ch\/app\/holstein-mobile\/id924858914\">AppStore<\/a> gratis verf\u00fcgbar.\n\n<strong>NEU !<\/strong> Die <strong>Benutzer von Tablets<\/strong> k\u00f6nnen von nun an die App auch gratis downloaden. Entweder im <a href=\"https:\/\/itunes.apple.com\/ch\/app\/holstein-mobile\/id924858914\">App Store<\/a>, wenn Sie ein iPad besitzen oder im <a href=\"https:\/\/play.google.com\/store\/apps\/details?id=ch.holstein.holmo\">Play Store<\/a> f\u00fcr die Benutzer von Android-Tablets.\t\t\t\t\t\t\t\t<\/div>\n\t\t\t\t<\/div>\n\t\t\t\t\t<\/div>\n\t\t\t\t<\/div>\n\t\t\t\t<\/div>\n\t\t","protected":false},"excerpt":{"rendered":"<p>HolsteinVision existiert in zwei Varianten: die mobile Version (f\u00fcr Smartphone) und die PC-Version. Abonnieren Um sich anzumelden, f\u00fcllen Sie einfach das folgende Formular aus. Als Abonnent erhalten Sie unser Magazin Holstein News viermal im Jahr kostenlos. Video Tutorials Nutzen Sie die Vorteile der Funktionalit\u00e4ten von HolsteinVision voll aus TVD-Geburtsmeldung Schalmtest stets zur Hand Beide Versionen [&hellip;]<\/p>\n","protected":false},"author":1,"featured_media":25395,"parent":11204,"menu_order":0,"comment_status":"closed","ping_status":"closed","template":"","meta":{"_acf_changed":false,"_monsterinsights_skip_tracking":false,"_monsterinsights_sitenote_active":false,"_monsterinsights_sitenote_note":"","_monsterinsights_sitenote_category":0,"footnotes":""},"class_list":["post-9164","page","type-page","status-publish","has-post-thumbnail","hentry"],"acf":[],"yoast_head":"<!-- This site is optimized with the Yoast SEO plugin v26.9 - https:\/\/yoast.com\/product\/yoast-seo-wordpress\/ -->\n<title>Zwei Varianten \u2013 eine L\u00f6sung! - Holstein Switzerland<\/title>\n<meta name=\"robots\" content=\"index, follow, max-snippet:-1, max-image-preview:large, max-video-preview:-1\" \/>\n<link rel=\"canonical\" href=\"https:\/\/www.holstein.ch\/de\/unsere-leistungen\/holsteinvision\/\" \/>\n<meta property=\"og:locale\" content=\"de_DE\" \/>\n<meta property=\"og:type\" content=\"article\" \/>\n<meta property=\"og:title\" content=\"Zwei Varianten \u2013 eine L\u00f6sung! - Holstein Switzerland\" \/>\n<meta property=\"og:description\" content=\"HolsteinVision existiert in zwei Varianten: die mobile Version (f\u00fcr Smartphone) und die PC-Version. Abonnieren Um sich anzumelden, f\u00fcllen Sie einfach das folgende Formular aus. Als Abonnent erhalten Sie unser Magazin Holstein News viermal im Jahr kostenlos. Video Tutorials Nutzen Sie die Vorteile der Funktionalit\u00e4ten von HolsteinVision voll aus TVD-Geburtsmeldung Schalmtest stets zur Hand Beide Versionen [&hellip;]\" \/>\n<meta property=\"og:url\" content=\"https:\/\/www.holstein.ch\/de\/unsere-leistungen\/holsteinvision\/\" \/>\n<meta property=\"og:site_name\" content=\"Holstein Switzerland\" \/>\n<meta property=\"article:publisher\" content=\"https:\/\/www.facebook.com\/HolSwi\" \/>\n<meta property=\"article:modified_time\" content=\"2025-10-07T13:08:12+00:00\" \/>\n<meta property=\"og:image\" content=\"https:\/\/www.holstein.ch\/wp-content\/uploads\/2023\/10\/holsteinvision.png\" \/>\n\t<meta property=\"og:image:width\" content=\"800\" \/>\n\t<meta property=\"og:image:height\" content=\"580\" \/>\n\t<meta property=\"og:image:type\" content=\"image\/png\" \/>\n<meta name=\"twitter:card\" content=\"summary_large_image\" \/>\n<meta name=\"twitter:label1\" content=\"Gesch\u00e4tzte Lesezeit\" \/>\n\t<meta name=\"twitter:data1\" content=\"2\u00a0Minuten\" \/>\n<script type=\"application\/ld+json\" class=\"yoast-schema-graph\">{\"@context\":\"https:\/\/schema.org\",\"@graph\":[{\"@type\":\"WebPage\",\"@id\":\"https:\/\/www.holstein.ch\/de\/unsere-leistungen\/holsteinvision\/\",\"url\":\"https:\/\/www.holstein.ch\/de\/unsere-leistungen\/holsteinvision\/\",\"name\":\"Zwei Varianten \u2013 eine L\u00f6sung! - Holstein Switzerland\",\"isPartOf\":{\"@id\":\"https:\/\/www.holstein.ch\/de\/#website\"},\"primaryImageOfPage\":{\"@id\":\"https:\/\/www.holstein.ch\/de\/unsere-leistungen\/holsteinvision\/#primaryimage\"},\"image\":{\"@id\":\"https:\/\/www.holstein.ch\/de\/unsere-leistungen\/holsteinvision\/#primaryimage\"},\"thumbnailUrl\":\"https:\/\/www.holstein.ch\/wp-content\/uploads\/2023\/10\/holsteinvision.png\",\"datePublished\":\"2019-05-12T09:35:24+00:00\",\"dateModified\":\"2025-10-07T13:08:12+00:00\",\"breadcrumb\":{\"@id\":\"https:\/\/www.holstein.ch\/de\/unsere-leistungen\/holsteinvision\/#breadcrumb\"},\"inLanguage\":\"de\",\"potentialAction\":[{\"@type\":\"ReadAction\",\"target\":[\"https:\/\/www.holstein.ch\/de\/unsere-leistungen\/holsteinvision\/\"]}]},{\"@type\":\"ImageObject\",\"inLanguage\":\"de\",\"@id\":\"https:\/\/www.holstein.ch\/de\/unsere-leistungen\/holsteinvision\/#primaryimage\",\"url\":\"https:\/\/www.holstein.ch\/wp-content\/uploads\/2023\/10\/holsteinvision.png\",\"contentUrl\":\"https:\/\/www.holstein.ch\/wp-content\/uploads\/2023\/10\/holsteinvision.png\",\"width\":800,\"height\":580,\"caption\":\"Holstein Vision\"},{\"@type\":\"BreadcrumbList\",\"@id\":\"https:\/\/www.holstein.ch\/de\/unsere-leistungen\/holsteinvision\/#breadcrumb\",\"itemListElement\":[{\"@type\":\"ListItem\",\"position\":1,\"name\":\"Unsere Leistungen\",\"item\":\"https:\/\/www.holstein.ch\/de\/unsere-leistungen\/\"},{\"@type\":\"ListItem\",\"position\":2,\"name\":\"Zwei Varianten \u2013 eine L\u00f6sung!\"}]},{\"@type\":\"WebSite\",\"@id\":\"https:\/\/www.holstein.ch\/de\/#website\",\"url\":\"https:\/\/www.holstein.ch\/de\/\",\"name\":\"Holstein Switzerland\",\"description\":\"Holstein Switzerland\",\"publisher\":{\"@id\":\"https:\/\/www.holstein.ch\/de\/#organization\"},\"potentialAction\":[{\"@type\":\"SearchAction\",\"target\":{\"@type\":\"EntryPoint\",\"urlTemplate\":\"https:\/\/www.holstein.ch\/de\/?s={search_term_string}\"},\"query-input\":{\"@type\":\"PropertyValueSpecification\",\"valueRequired\":true,\"valueName\":\"search_term_string\"}}],\"inLanguage\":\"de\"},{\"@type\":\"Organization\",\"@id\":\"https:\/\/www.holstein.ch\/de\/#organization\",\"name\":\"Holstein Switzerland\",\"url\":\"https:\/\/www.holstein.ch\/de\/\",\"logo\":{\"@type\":\"ImageObject\",\"inLanguage\":\"de\",\"@id\":\"https:\/\/www.holstein.ch\/de\/#\/schema\/logo\/image\/\",\"url\":\"https:\/\/www.holstein.ch\/wp-content\/uploads\/2023\/09\/holstein_switzerland_logo.png\",\"contentUrl\":\"https:\/\/www.holstein.ch\/wp-content\/uploads\/2023\/09\/holstein_switzerland_logo.png\",\"width\":800,\"height\":621,\"caption\":\"Holstein Switzerland\"},\"image\":{\"@id\":\"https:\/\/www.holstein.ch\/de\/#\/schema\/logo\/image\/\"},\"sameAs\":[\"https:\/\/www.facebook.com\/HolSwi\",\"https:\/\/www.youtube.com\/@holsteinswitzerland\",\"https:\/\/www.instagram.com\/holstein_switzerland\"]}]}<\/script>\n<!-- \/ Yoast SEO plugin. -->","yoast_head_json":{"title":"Zwei Varianten \u2013 eine L\u00f6sung! - Holstein Switzerland","robots":{"index":"index","follow":"follow","max-snippet":"max-snippet:-1","max-image-preview":"max-image-preview:large","max-video-preview":"max-video-preview:-1"},"canonical":"https:\/\/www.holstein.ch\/de\/unsere-leistungen\/holsteinvision\/","og_locale":"de_DE","og_type":"article","og_title":"Zwei Varianten \u2013 eine L\u00f6sung! - Holstein Switzerland","og_description":"HolsteinVision existiert in zwei Varianten: die mobile Version (f\u00fcr Smartphone) und die PC-Version. Abonnieren Um sich anzumelden, f\u00fcllen Sie einfach das folgende Formular aus. Als Abonnent erhalten Sie unser Magazin Holstein News viermal im Jahr kostenlos. Video Tutorials Nutzen Sie die Vorteile der Funktionalit\u00e4ten von HolsteinVision voll aus TVD-Geburtsmeldung Schalmtest stets zur Hand Beide Versionen [&hellip;]","og_url":"https:\/\/www.holstein.ch\/de\/unsere-leistungen\/holsteinvision\/","og_site_name":"Holstein Switzerland","article_publisher":"https:\/\/www.facebook.com\/HolSwi","article_modified_time":"2025-10-07T13:08:12+00:00","og_image":[{"width":800,"height":580,"url":"https:\/\/www.holstein.ch\/wp-content\/uploads\/2023\/10\/holsteinvision.png","type":"image\/png"}],"twitter_card":"summary_large_image","twitter_misc":{"Gesch\u00e4tzte Lesezeit":"2\u00a0Minuten"},"schema":{"@context":"https:\/\/schema.org","@graph":[{"@type":"WebPage","@id":"https:\/\/www.holstein.ch\/de\/unsere-leistungen\/holsteinvision\/","url":"https:\/\/www.holstein.ch\/de\/unsere-leistungen\/holsteinvision\/","name":"Zwei Varianten \u2013 eine L\u00f6sung! - Holstein Switzerland","isPartOf":{"@id":"https:\/\/www.holstein.ch\/de\/#website"},"primaryImageOfPage":{"@id":"https:\/\/www.holstein.ch\/de\/unsere-leistungen\/holsteinvision\/#primaryimage"},"image":{"@id":"https:\/\/www.holstein.ch\/de\/unsere-leistungen\/holsteinvision\/#primaryimage"},"thumbnailUrl":"https:\/\/www.holstein.ch\/wp-content\/uploads\/2023\/10\/holsteinvision.png","datePublished":"2019-05-12T09:35:24+00:00","dateModified":"2025-10-07T13:08:12+00:00","breadcrumb":{"@id":"https:\/\/www.holstein.ch\/de\/unsere-leistungen\/holsteinvision\/#breadcrumb"},"inLanguage":"de","potentialAction":[{"@type":"ReadAction","target":["https:\/\/www.holstein.ch\/de\/unsere-leistungen\/holsteinvision\/"]}]},{"@type":"ImageObject","inLanguage":"de","@id":"https:\/\/www.holstein.ch\/de\/unsere-leistungen\/holsteinvision\/#primaryimage","url":"https:\/\/www.holstein.ch\/wp-content\/uploads\/2023\/10\/holsteinvision.png","contentUrl":"https:\/\/www.holstein.ch\/wp-content\/uploads\/2023\/10\/holsteinvision.png","width":800,"height":580,"caption":"Holstein Vision"},{"@type":"BreadcrumbList","@id":"https:\/\/www.holstein.ch\/de\/unsere-leistungen\/holsteinvision\/#breadcrumb","itemListElement":[{"@type":"ListItem","position":1,"name":"Unsere Leistungen","item":"https:\/\/www.holstein.ch\/de\/unsere-leistungen\/"},{"@type":"ListItem","position":2,"name":"Zwei Varianten \u2013 eine L\u00f6sung!"}]},{"@type":"WebSite","@id":"https:\/\/www.holstein.ch\/de\/#website","url":"https:\/\/www.holstein.ch\/de\/","name":"Holstein Switzerland","description":"Holstein Switzerland","publisher":{"@id":"https:\/\/www.holstein.ch\/de\/#organization"},"potentialAction":[{"@type":"SearchAction","target":{"@type":"EntryPoint","urlTemplate":"https:\/\/www.holstein.ch\/de\/?s={search_term_string}"},"query-input":{"@type":"PropertyValueSpecification","valueRequired":true,"valueName":"search_term_string"}}],"inLanguage":"de"},{"@type":"Organization","@id":"https:\/\/www.holstein.ch\/de\/#organization","name":"Holstein Switzerland","url":"https:\/\/www.holstein.ch\/de\/","logo":{"@type":"ImageObject","inLanguage":"de","@id":"https:\/\/www.holstein.ch\/de\/#\/schema\/logo\/image\/","url":"https:\/\/www.holstein.ch\/wp-content\/uploads\/2023\/09\/holstein_switzerland_logo.png","contentUrl":"https:\/\/www.holstein.ch\/wp-content\/uploads\/2023\/09\/holstein_switzerland_logo.png","width":800,"height":621,"caption":"Holstein Switzerland"},"image":{"@id":"https:\/\/www.holstein.ch\/de\/#\/schema\/logo\/image\/"},"sameAs":["https:\/\/www.facebook.com\/HolSwi","https:\/\/www.youtube.com\/@holsteinswitzerland","https:\/\/www.instagram.com\/holstein_switzerland"]}]}},"_links":{"self":[{"href":"https:\/\/www.holstein.ch\/de\/wp-json\/wp\/v2\/pages\/9164","targetHints":{"allow":["GET"]}}],"collection":[{"href":"https:\/\/www.holstein.ch\/de\/wp-json\/wp\/v2\/pages"}],"about":[{"href":"https:\/\/www.holstein.ch\/de\/wp-json\/wp\/v2\/types\/page"}],"author":[{"embeddable":true,"href":"https:\/\/www.holstein.ch\/de\/wp-json\/wp\/v2\/users\/1"}],"replies":[{"embeddable":true,"href":"https:\/\/www.holstein.ch\/de\/wp-json\/wp\/v2\/comments?post=9164"}],"version-history":[{"count":29,"href":"https:\/\/www.holstein.ch\/de\/wp-json\/wp\/v2\/pages\/9164\/revisions"}],"predecessor-version":[{"id":35360,"href":"https:\/\/www.holstein.ch\/de\/wp-json\/wp\/v2\/pages\/9164\/revisions\/35360"}],"up":[{"embeddable":true,"href":"https:\/\/www.holstein.ch\/de\/wp-json\/wp\/v2\/pages\/11204"}],"wp:featuredmedia":[{"embeddable":true,"href":"https:\/\/www.holstein.ch\/de\/wp-json\/wp\/v2\/media\/25395"}],"wp:attachment":[{"href":"https:\/\/www.holstein.ch\/de\/wp-json\/wp\/v2\/media?parent=9164"}],"curies":[{"name":"wp","href":"https:\/\/api.w.org\/{rel}","templated":true}]}}