{"id":9166,"date":"2020-04-03T07:00:15","date_gmt":"2020-04-03T05:00:15","guid":{"rendered":"https:\/\/holstein.ch\/zuchtwertschatzungen\/"},"modified":"2026-03-11T08:34:02","modified_gmt":"2026-03-11T07:34:02","slug":"zuchtwertschatzung","status":"publish","type":"page","link":"https:\/\/www.holstein.ch\/de\/unsere-leistungen\/zuchtwertschatzung\/","title":{"rendered":"Zuchtwertsch\u00e4tzungen"},"content":{"rendered":"\t\t<div data-elementor-type=\"wp-page\" data-elementor-id=\"9166\" class=\"elementor elementor-9166 elementor-7759\" data-elementor-post-type=\"page\">\n\t\t\t\t<div class=\"has_ae_slider elementor-element elementor-element-6c319765 e-flex e-con-boxed ae-bg-gallery-type-default e-con e-parent\" data-id=\"6c319765\" data-element_type=\"container\">\n\t\t\t\t\t<div class=\"e-con-inner\">\n\t\t\t\t<div class=\"elementor-element elementor-element-559593f5 elementor-widget elementor-widget-text-editor\" data-id=\"559593f5\" data-element_type=\"widget\" data-widget_type=\"text-editor.default\">\n\t\t\t\t<div class=\"elementor-widget-container\">\n\t\t\t\t\t\t\t\t\t<p>Die Zuchtwertsch\u00e4tzungen erm\u00f6glichen eine Einsch\u00e4tzung des genetischen Wertes der Tiere mit allen verf\u00fcgbaren Informationen. Zur Berechnung des genetischen Zuchtwertes werden sowohl die Leistungen des Tiers als auch seine Verwandtschaft und seine DNA ber\u00fccksichtigt.<\/p><details class=\"wp-block-details iset\"><summary>ISET<\/summary><p>Der Gesamtindex (ISET) stellt das wichtigste Selektionsziel f\u00fcr die Holsteinrasse in der Schweiz dar. Seit 2015 wird der Index von beiden Zuchtverb\u00e4nden mit Holsteintieren verwendet. Der ISET wird regelm\u00e4ssig den \u00c4nderungen auf dem Markt angepasst, um K\u00fche zu selektionieren, die den heutigen Produktionsbedingungen entsprechen.<\/p><p>Der ISET setzt sich aus drei Hauptelemente zusammen, die einen eigenen Index haben:<\/p><ul><li>Produktion \u2013 IPL<\/li><li>K\u00f6rperbau \u2013 ITP <\/li><li>Funktionelle Kriterien \u2013 IFF<\/li><\/ul><p>Die Gewichtung der spezifischen Kriterien im ISET ber\u00fccksichtigt ihre Korrelation untereinander. Das Ziel ist, die gew\u00fcnschten Eigenschaften der Holsteinrasse (Produktion, K\u00f6rperbau, Gesundheit) direkt oder indirekt zu verbessern, ohne andere wichtige Merkmale zu beeintr\u00e4chtigen (Kalbeverlauf, Persistenz usw.).<\/p><p>Die jetzigen Gewichtungen und erwarteten Auswirkungen auf die genetische Weiterentwicklung der Holsteinrasse sind untenstehend ersichtlich.<\/p><figure class=\"wp-block-image size-full\"><img fetchpriority=\"high\" decoding=\"async\" class=\"alignnone wp-image-36246 size-full\" src=\"https:\/\/www.holstein.ch\/wp-content\/uploads\/2026\/03\/Graphique-ISET-mars2026.jpg\" alt=\"\" width=\"589\" height=\"638\" srcset=\"https:\/\/www.holstein.ch\/wp-content\/uploads\/2026\/03\/Graphique-ISET-mars2026.jpg 589w, https:\/\/www.holstein.ch\/wp-content\/uploads\/2026\/03\/Graphique-ISET-mars2026-277x300.jpg 277w, https:\/\/www.holstein.ch\/wp-content\/uploads\/2026\/03\/Graphique-ISET-mars2026-138x150.jpg 138w\" sizes=\"(max-width: 589px) 100vw, 589px\" \/><\/figure><p>Der ISET wird in Form eines Indexes mit einem Durchschnitt bei 1\u2019000 und einer Standardabweichung von 100 publiziert. Das bedeutet, dass Tiere mit 1\u2019200 ISET und mehr ca. die besten 2% der Rasse darstellen.<\/p><p>Die Elemente des ISET (IPL, ITP, IFF) werden mit einem Durchschnitt bei 100 und einer Standardabweichung von 10 publiziert.<\/p><\/details><details class=\"wp-block-details ipl\"><summary>IPL<\/summary><p>Der IPL fasst die ZW der Milchleistung zusammen. Er ber\u00fccksichtigt die produzierten Fett- und Proteinmengen. Das Ziel des IPL ist, den Proteingehalt weiter zu steigern, den Fettgehalt zu stabilisieren und die Produktion zu erh\u00f6hen.<\/p><\/details><details class=\"wp-block-details itp\"><summary>ITP<\/summary><p>Der ITP sagt die Einstufungsnote in der 1<sup>.<\/sup> Laktation voraus. Er ber\u00fccksichtigt alle Elemente der linearen Beschreibung. Nur die Werte der Gliedmassen und der Euteranlage fliessen in die Berechnung des ISET ein.<\/p><\/details><details class=\"wp-block-details iff\"><summary>IFF<\/summary><p>Der Index der funktionellen Merkmale (IFF) beinhaltet die Zuchtwerte f\u00fcr Gesundheit (Zellzahl), Lebensdauer, Fruchtbarkeit, Stabilit\u00e4t des Stoffwechsels (BCS) und die Gr\u00f6sse.<\/p><\/details>\t\t\t\t\t\t\t\t<\/div>\n\t\t\t\t<\/div>\n\t\t\t\t\t<\/div>\n\t\t\t\t<\/div>\n\t\t\t\t<\/div>\n\t\t","protected":false},"excerpt":{"rendered":"","protected":false},"author":1,"featured_media":25880,"parent":11204,"menu_order":0,"comment_status":"closed","ping_status":"closed","template":"","meta":{"_acf_changed":false,"_monsterinsights_skip_tracking":false,"_monsterinsights_sitenote_active":false,"_monsterinsights_sitenote_note":"","_monsterinsights_sitenote_category":0,"footnotes":""},"class_list":["post-9166","page","type-page","status-publish","has-post-thumbnail","hentry"],"acf":[],"yoast_head":"<!-- This site is optimized with the Yoast SEO plugin v26.9 - https:\/\/yoast.com\/product\/yoast-seo-wordpress\/ -->\n<title>Zuchtwertsch\u00e4tzungen - Holstein Switzerland<\/title>\n<meta name=\"robots\" content=\"index, follow, max-snippet:-1, max-image-preview:large, max-video-preview:-1\" \/>\n<link rel=\"canonical\" href=\"https:\/\/www.holstein.ch\/de\/unsere-leistungen\/zuchtwertschatzung\/\" \/>\n<meta property=\"og:locale\" content=\"de_DE\" \/>\n<meta property=\"og:type\" content=\"article\" \/>\n<meta property=\"og:title\" content=\"Zuchtwertsch\u00e4tzungen - Holstein Switzerland\" \/>\n<meta property=\"og:url\" content=\"https:\/\/www.holstein.ch\/de\/unsere-leistungen\/zuchtwertschatzung\/\" \/>\n<meta property=\"og:site_name\" content=\"Holstein Switzerland\" \/>\n<meta property=\"article:publisher\" content=\"https:\/\/www.facebook.com\/HolSwi\" \/>\n<meta property=\"article:modified_time\" content=\"2026-03-11T07:34:02+00:00\" \/>\n<meta property=\"og:image\" content=\"https:\/\/www.holstein.ch\/wp-content\/uploads\/2023\/10\/evaluationGenetique.jpg\" \/>\n\t<meta property=\"og:image:width\" content=\"1000\" \/>\n\t<meta property=\"og:image:height\" content=\"667\" \/>\n\t<meta property=\"og:image:type\" content=\"image\/jpeg\" \/>\n<meta name=\"twitter:card\" content=\"summary_large_image\" \/>\n<meta name=\"twitter:label1\" content=\"Gesch\u00e4tzte Lesezeit\" \/>\n\t<meta name=\"twitter:data1\" content=\"1\u00a0Minute\" \/>\n<script type=\"application\/ld+json\" class=\"yoast-schema-graph\">{\"@context\":\"https:\/\/schema.org\",\"@graph\":[{\"@type\":\"WebPage\",\"@id\":\"https:\/\/www.holstein.ch\/de\/unsere-leistungen\/zuchtwertschatzung\/\",\"url\":\"https:\/\/www.holstein.ch\/de\/unsere-leistungen\/zuchtwertschatzung\/\",\"name\":\"Zuchtwertsch\u00e4tzungen - Holstein Switzerland\",\"isPartOf\":{\"@id\":\"https:\/\/www.holstein.ch\/de\/#website\"},\"primaryImageOfPage\":{\"@id\":\"https:\/\/www.holstein.ch\/de\/unsere-leistungen\/zuchtwertschatzung\/#primaryimage\"},\"image\":{\"@id\":\"https:\/\/www.holstein.ch\/de\/unsere-leistungen\/zuchtwertschatzung\/#primaryimage\"},\"thumbnailUrl\":\"https:\/\/www.holstein.ch\/wp-content\/uploads\/2023\/10\/evaluationGenetique.jpg\",\"datePublished\":\"2020-04-03T05:00:15+00:00\",\"dateModified\":\"2026-03-11T07:34:02+00:00\",\"breadcrumb\":{\"@id\":\"https:\/\/www.holstein.ch\/de\/unsere-leistungen\/zuchtwertschatzung\/#breadcrumb\"},\"inLanguage\":\"de\",\"potentialAction\":[{\"@type\":\"ReadAction\",\"target\":[\"https:\/\/www.holstein.ch\/de\/unsere-leistungen\/zuchtwertschatzung\/\"]}]},{\"@type\":\"ImageObject\",\"inLanguage\":\"de\",\"@id\":\"https:\/\/www.holstein.ch\/de\/unsere-leistungen\/zuchtwertschatzung\/#primaryimage\",\"url\":\"https:\/\/www.holstein.ch\/wp-content\/uploads\/2023\/10\/evaluationGenetique.jpg\",\"contentUrl\":\"https:\/\/www.holstein.ch\/wp-content\/uploads\/2023\/10\/evaluationGenetique.jpg\",\"width\":1000,\"height\":667,\"caption\":\"\u00c9valuation g\u00e9n\u00e9tique\"},{\"@type\":\"BreadcrumbList\",\"@id\":\"https:\/\/www.holstein.ch\/de\/unsere-leistungen\/zuchtwertschatzung\/#breadcrumb\",\"itemListElement\":[{\"@type\":\"ListItem\",\"position\":1,\"name\":\"Unsere Leistungen\",\"item\":\"https:\/\/www.holstein.ch\/de\/unsere-leistungen\/\"},{\"@type\":\"ListItem\",\"position\":2,\"name\":\"Zuchtwertsch\u00e4tzungen\"}]},{\"@type\":\"WebSite\",\"@id\":\"https:\/\/www.holstein.ch\/de\/#website\",\"url\":\"https:\/\/www.holstein.ch\/de\/\",\"name\":\"Holstein Switzerland\",\"description\":\"Holstein Switzerland\",\"publisher\":{\"@id\":\"https:\/\/www.holstein.ch\/de\/#organization\"},\"potentialAction\":[{\"@type\":\"SearchAction\",\"target\":{\"@type\":\"EntryPoint\",\"urlTemplate\":\"https:\/\/www.holstein.ch\/de\/?s={search_term_string}\"},\"query-input\":{\"@type\":\"PropertyValueSpecification\",\"valueRequired\":true,\"valueName\":\"search_term_string\"}}],\"inLanguage\":\"de\"},{\"@type\":\"Organization\",\"@id\":\"https:\/\/www.holstein.ch\/de\/#organization\",\"name\":\"Holstein Switzerland\",\"url\":\"https:\/\/www.holstein.ch\/de\/\",\"logo\":{\"@type\":\"ImageObject\",\"inLanguage\":\"de\",\"@id\":\"https:\/\/www.holstein.ch\/de\/#\/schema\/logo\/image\/\",\"url\":\"https:\/\/www.holstein.ch\/wp-content\/uploads\/2023\/09\/holstein_switzerland_logo.png\",\"contentUrl\":\"https:\/\/www.holstein.ch\/wp-content\/uploads\/2023\/09\/holstein_switzerland_logo.png\",\"width\":800,\"height\":621,\"caption\":\"Holstein Switzerland\"},\"image\":{\"@id\":\"https:\/\/www.holstein.ch\/de\/#\/schema\/logo\/image\/\"},\"sameAs\":[\"https:\/\/www.facebook.com\/HolSwi\",\"https:\/\/www.youtube.com\/@holsteinswitzerland\",\"https:\/\/www.instagram.com\/holstein_switzerland\"]}]}<\/script>\n<!-- \/ Yoast SEO plugin. -->","yoast_head_json":{"title":"Zuchtwertsch\u00e4tzungen - Holstein Switzerland","robots":{"index":"index","follow":"follow","max-snippet":"max-snippet:-1","max-image-preview":"max-image-preview:large","max-video-preview":"max-video-preview:-1"},"canonical":"https:\/\/www.holstein.ch\/de\/unsere-leistungen\/zuchtwertschatzung\/","og_locale":"de_DE","og_type":"article","og_title":"Zuchtwertsch\u00e4tzungen - Holstein Switzerland","og_url":"https:\/\/www.holstein.ch\/de\/unsere-leistungen\/zuchtwertschatzung\/","og_site_name":"Holstein Switzerland","article_publisher":"https:\/\/www.facebook.com\/HolSwi","article_modified_time":"2026-03-11T07:34:02+00:00","og_image":[{"width":1000,"height":667,"url":"https:\/\/www.holstein.ch\/wp-content\/uploads\/2023\/10\/evaluationGenetique.jpg","type":"image\/jpeg"}],"twitter_card":"summary_large_image","twitter_misc":{"Gesch\u00e4tzte Lesezeit":"1\u00a0Minute"},"schema":{"@context":"https:\/\/schema.org","@graph":[{"@type":"WebPage","@id":"https:\/\/www.holstein.ch\/de\/unsere-leistungen\/zuchtwertschatzung\/","url":"https:\/\/www.holstein.ch\/de\/unsere-leistungen\/zuchtwertschatzung\/","name":"Zuchtwertsch\u00e4tzungen - Holstein Switzerland","isPartOf":{"@id":"https:\/\/www.holstein.ch\/de\/#website"},"primaryImageOfPage":{"@id":"https:\/\/www.holstein.ch\/de\/unsere-leistungen\/zuchtwertschatzung\/#primaryimage"},"image":{"@id":"https:\/\/www.holstein.ch\/de\/unsere-leistungen\/zuchtwertschatzung\/#primaryimage"},"thumbnailUrl":"https:\/\/www.holstein.ch\/wp-content\/uploads\/2023\/10\/evaluationGenetique.jpg","datePublished":"2020-04-03T05:00:15+00:00","dateModified":"2026-03-11T07:34:02+00:00","breadcrumb":{"@id":"https:\/\/www.holstein.ch\/de\/unsere-leistungen\/zuchtwertschatzung\/#breadcrumb"},"inLanguage":"de","potentialAction":[{"@type":"ReadAction","target":["https:\/\/www.holstein.ch\/de\/unsere-leistungen\/zuchtwertschatzung\/"]}]},{"@type":"ImageObject","inLanguage":"de","@id":"https:\/\/www.holstein.ch\/de\/unsere-leistungen\/zuchtwertschatzung\/#primaryimage","url":"https:\/\/www.holstein.ch\/wp-content\/uploads\/2023\/10\/evaluationGenetique.jpg","contentUrl":"https:\/\/www.holstein.ch\/wp-content\/uploads\/2023\/10\/evaluationGenetique.jpg","width":1000,"height":667,"caption":"\u00c9valuation g\u00e9n\u00e9tique"},{"@type":"BreadcrumbList","@id":"https:\/\/www.holstein.ch\/de\/unsere-leistungen\/zuchtwertschatzung\/#breadcrumb","itemListElement":[{"@type":"ListItem","position":1,"name":"Unsere Leistungen","item":"https:\/\/www.holstein.ch\/de\/unsere-leistungen\/"},{"@type":"ListItem","position":2,"name":"Zuchtwertsch\u00e4tzungen"}]},{"@type":"WebSite","@id":"https:\/\/www.holstein.ch\/de\/#website","url":"https:\/\/www.holstein.ch\/de\/","name":"Holstein Switzerland","description":"Holstein Switzerland","publisher":{"@id":"https:\/\/www.holstein.ch\/de\/#organization"},"potentialAction":[{"@type":"SearchAction","target":{"@type":"EntryPoint","urlTemplate":"https:\/\/www.holstein.ch\/de\/?s={search_term_string}"},"query-input":{"@type":"PropertyValueSpecification","valueRequired":true,"valueName":"search_term_string"}}],"inLanguage":"de"},{"@type":"Organization","@id":"https:\/\/www.holstein.ch\/de\/#organization","name":"Holstein Switzerland","url":"https:\/\/www.holstein.ch\/de\/","logo":{"@type":"ImageObject","inLanguage":"de","@id":"https:\/\/www.holstein.ch\/de\/#\/schema\/logo\/image\/","url":"https:\/\/www.holstein.ch\/wp-content\/uploads\/2023\/09\/holstein_switzerland_logo.png","contentUrl":"https:\/\/www.holstein.ch\/wp-content\/uploads\/2023\/09\/holstein_switzerland_logo.png","width":800,"height":621,"caption":"Holstein Switzerland"},"image":{"@id":"https:\/\/www.holstein.ch\/de\/#\/schema\/logo\/image\/"},"sameAs":["https:\/\/www.facebook.com\/HolSwi","https:\/\/www.youtube.com\/@holsteinswitzerland","https:\/\/www.instagram.com\/holstein_switzerland"]}]}},"_links":{"self":[{"href":"https:\/\/www.holstein.ch\/de\/wp-json\/wp\/v2\/pages\/9166","targetHints":{"allow":["GET"]}}],"collection":[{"href":"https:\/\/www.holstein.ch\/de\/wp-json\/wp\/v2\/pages"}],"about":[{"href":"https:\/\/www.holstein.ch\/de\/wp-json\/wp\/v2\/types\/page"}],"author":[{"embeddable":true,"href":"https:\/\/www.holstein.ch\/de\/wp-json\/wp\/v2\/users\/1"}],"replies":[{"embeddable":true,"href":"https:\/\/www.holstein.ch\/de\/wp-json\/wp\/v2\/comments?post=9166"}],"version-history":[{"count":29,"href":"https:\/\/www.holstein.ch\/de\/wp-json\/wp\/v2\/pages\/9166\/revisions"}],"predecessor-version":[{"id":36259,"href":"https:\/\/www.holstein.ch\/de\/wp-json\/wp\/v2\/pages\/9166\/revisions\/36259"}],"up":[{"embeddable":true,"href":"https:\/\/www.holstein.ch\/de\/wp-json\/wp\/v2\/pages\/11204"}],"wp:featuredmedia":[{"embeddable":true,"href":"https:\/\/www.holstein.ch\/de\/wp-json\/wp\/v2\/media\/25880"}],"wp:attachment":[{"href":"https:\/\/www.holstein.ch\/de\/wp-json\/wp\/v2\/media?parent=9166"}],"curies":[{"name":"wp","href":"https:\/\/api.w.org\/{rel}","templated":true}]}}