{"id":9180,"date":"2019-05-29T16:32:43","date_gmt":"2019-05-29T14:32:43","guid":{"rendered":"https:\/\/holstein.ch\/lineare-beschreibung-und-einstufung\/"},"modified":"2025-10-07T13:48:56","modified_gmt":"2025-10-07T11:48:56","slug":"lineare-beschreibung-und-einstufung","status":"publish","type":"page","link":"https:\/\/www.holstein.ch\/de\/unsere-leistungen\/lineare-beschreibung-und-einstufung\/","title":{"rendered":"Lineare Beschreibung und Einstufung"},"content":{"rendered":"\n<p class=\"introduction\"><strong>Bei der linearen Beschreibung und Einstufung (LBE) geht es um die Bewertung des Exterieurs der K\u00fche und ihrer \u00dcbereinstimmung mit einem idealen Kuhtyp (True Type). Die Lineare Beschreibung und Einstufung (LBE) bewertet das Exterieur der K\u00fche und ihren K\u00f6rperbau im Vergleich mit einem Idealtier. Letzteres ist ein Holsteintier, das seinem Arbeitsumfeld bestens angepasst ist.<\/strong><\/p>\n\n<p>Die LBE erm\u00f6glicht folgendes:<\/p>\n\n<ul class=\"wp-block-list\">\n<li>Objektive Bewertung der K\u00fche anhand einer international anerkannten Norm<\/li>\n\n\n\n<li>Fr\u00fchzeitig Selektion der K\u00fche mit einer hohen Langlebigkeit auf dem Betrieb<\/li>\n\n\n\n<li>Sch\u00e4tzung des \u00dcbertragungsmodells der KB-Stiere<\/li>\n\n\n\n<li>Sch\u00e4tzung der Zuchtwerte der Jungstiere<\/li>\n\n\n\n<li>Anpaarungshilfe f\u00fcr die K\u00fche der Herde<\/li>\n\n\n\n<li>Hervorhebung der besten Tiere der Rasse<\/li>\n\n\n\n<li>Verwendung f\u00fcr Auszeichnungen (Meisterz\u00fcchter, K\u00fche mit Sternen, Goldmedaille)<\/li>\n<\/ul>\n\n<p>Die LBE wird von der spezialisierten Firma Linear AG durchgef\u00fchrt, die diese Arbeit f\u00fcr verschiedene Schweizer Zuchtverb\u00e4nde \u00fcbernimmt. Die Einstufer von Linear werden f\u00fcr die Einstufung der K\u00fche geschult.<\/p>\n\n<details class=\"wp-block-details schema-holstein is-layout-flow wp-block-details-is-layout-flow\"><summary>Holstein-Schema<\/summary>\n<p>Die harmonisierte Liste der Merkmale, die beschrieben werden m\u00fcssen, wird von ICAR definiert und umfasst 18 internationale Merkmale. Zus\u00e4tzlich zu diesen 18 Merkmalen werden in der Schweiz noch 7 zus\u00e4tzliche Merkmale beschrieben. Insgesamt gibt es also 25 Merkmale.<\/p>\n\n\n\n<p>Die Merkmale werden in Bl\u00f6cken zusammengefasst, die den verschiedenen K\u00f6rperteilen des Tieres entsprechen. In der Schweiz gibt es 4 Bl\u00f6cke:<\/p>\n\n\n\n<ul class=\"wp-block-list\">\n<li>Format &amp; Kapazit\u00e4t<\/li>\n\n\n\n<li>Becken<\/li>\n\n\n\n<li>Mitglieder<\/li>\n\n\n\n<li>Euteranlage<\/li>\n<\/ul>\n\n\n\n<figure class=\"wp-block-image size-full\"><img fetchpriority=\"high\" decoding=\"async\" width=\"547\" height=\"327\" src=\"https:\/\/u91g9azcjo.preview.infomaniak.website\/wp-content\/uploads\/2019\/05\/image001.png\" alt=\"\" class=\"wp-image-7800\" srcset=\"https:\/\/www.holstein.ch\/wp-content\/uploads\/2019\/05\/image001.png 547w, https:\/\/www.holstein.ch\/wp-content\/uploads\/2019\/05\/image001-480x287.png 480w, https:\/\/www.holstein.ch\/wp-content\/uploads\/2019\/05\/image001-500x299.png 500w, https:\/\/www.holstein.ch\/wp-content\/uploads\/2019\/05\/image001-300x179.png 300w, https:\/\/www.holstein.ch\/wp-content\/uploads\/2019\/05\/image001-244x146.png 244w, https:\/\/www.holstein.ch\/wp-content\/uploads\/2019\/05\/image001-50x30.png 50w, https:\/\/www.holstein.ch\/wp-content\/uploads\/2019\/05\/image001-125x75.png 125w\" sizes=\"(max-width: 547px) 100vw, 547px\" \/><\/figure>\n\n\n\n<p><em>Abb. 9 Beschriebene Merkmale (Quelle: Linear AG, 2014, Einstufung)<\/em><\/p>\n\n\n\n<p>Bei der Einstufung wird die lineare Beschreibung des Tiers mit derjenigen eines Idealtiers verglichen. Dieses Idealtier wird \u00abTrue Type\u00bb genannt. Der Vergleich wird auf einer Skala von 60 bis 97 ausgedr\u00fcckt. Ein Tier mit einer \u00e4hnlichen linearen Beschreibung wie diejenige des \u00abTrue Type\u00bb erzielt eine Note nahe bei 97, w\u00e4hrend ein Tier, das dem gesuchten Ideal \u00fcberhaupt nicht entspricht, eine Note nahe bei 60 erh\u00e4lt.<\/p>\n\n\n\n<p>Die Einstufungsnoten werden in Klassen zusammengefasst mit einer Beschreibung, die eine Information zum Wert des Tieres gibt. Die Liste der Klassen ist in der Tabelle 2 ersichtlich.<\/p>\n\n\n\n<h4 class=\"wp-block-heading\">Tabelle 2 Definition der Klassen<\/h4>\n\n\n\n<figure class=\"wp-block-table\"><table><tbody><tr><td><strong>Klasse<\/strong><\/td><td><strong>Abk\u00fcrzung<\/strong><\/td><td><strong>Minimum<\/strong><\/td><td><strong>Maximum<\/strong><\/td><\/tr><tr><td><strong>Hervorragend<\/strong><\/td><td><strong>EX<\/strong><\/td><td><strong>90<\/strong><\/td><td><strong>97<\/strong><\/td><\/tr><tr><td><strong>Sehr gut<\/strong><\/td><td><strong>VG<\/strong><\/td><td><strong>85<\/strong><\/td><td><strong>89<\/strong><\/td><\/tr><tr><td><strong>Gut Plus<\/strong><\/td><td><strong>GP<\/strong><\/td><td><strong>80<\/strong><\/td><td><strong>84<\/strong><\/td><\/tr><tr><td><strong>Gut<\/strong><\/td><td><strong>G<\/strong><\/td><td><strong>75<\/strong><\/td><td><strong>79<\/strong><\/td><\/tr><tr><td><strong>Mittelm\u00e4ssig<\/strong><\/td><td><strong>F<\/strong><\/td><td><strong>70<\/strong><\/td><td><strong>74<\/strong><\/td><\/tr><tr><td><strong>Schlecht<\/strong><\/td><td><strong>P<\/strong><\/td><td><strong>60<\/strong><\/td><td><strong>69<\/strong><\/td><\/tr><\/tbody><\/table><\/figure>\n\n\n\n<p>Um ein besseres Bild des Tieres aufgrund der Einstufungsnoten zu erhalten, wird auch jedem Block eine Einstufungsnote gegeben.<\/p>\n\n\n\n<p>Die h\u00f6chsten Einstufungen (Klasse \u00abExcellent\u00bb) sind \u00e4lteren Tieren vorbehalten, die sich \u00fcber mehrere Laktationen bew\u00e4hrt haben (oder \u00fcber mehrere Jahre bei Stieren). Die Berechnung h\u00e4ngt also, wie in der Tabelle 3 ersichtlich, vom Alter ab.<\/p>\n\n\n\n<h4 class=\"wp-block-heading\">Tabelle 3 H\u00f6chstnoten<\/h4>\n\n\n\n<figure class=\"wp-block-table\"><table><thead><tr><td><strong>Laktation (K\u00fche)<\/strong><\/td><td><strong>Maximum<\/strong><\/td><\/tr><tr><td><strong>1<\/strong><\/td><td>VG-88<\/td><\/tr><tr><td><strong>2<\/strong><\/td><td>VG-89<\/td><\/tr><tr><td><strong>3<\/strong><\/td><td>EX-95<\/td><\/tr><tr><td><strong>4<\/strong><\/td><td>EX-96<\/td><\/tr><tr><td><strong>5 und mehr<\/strong><\/td><td>EX-97<\/td><\/tr><\/thead><\/table><\/figure>\n<\/details>\n\n<details class=\"wp-block-details classification-et-longevite is-layout-flow wp-block-details-is-layout-flow\"><summary>Einstufung und Langlebigkeit<\/summary>\n<p>Die LBE wurde als fr\u00fchzeitigen Indikator der Langlebigkeit eingef\u00fchrt. Die ausgew\u00e4hlten Merkmale wiesen oft eine hohe Korrelation mit der Langlebigkeit auf. Obwohl es heute nicht mehr der Hauptgrund ist, besteht immer noch eine positive Korrelation zwischen den Zuchtwerten (ZW) f\u00fcr K\u00f6rperbau (auf Basis der Einstufung) und der Nutzungsdauer (vgl. untenstehende Grafik).<\/p>\n\n\n\n<figure class=\"wp-block-image size-full\"><img decoding=\"async\" width=\"868\" height=\"659\" src=\"https:\/\/u91g9azcjo.preview.infomaniak.website\/wp-content\/uploads\/2019\/05\/correllation_duree_lactation.png\" alt=\"\" class=\"wp-image-7792\" srcset=\"https:\/\/www.holstein.ch\/wp-content\/uploads\/2019\/05\/correllation_duree_lactation.png 868w, https:\/\/www.holstein.ch\/wp-content\/uploads\/2019\/05\/correllation_duree_lactation-474x360.png 474w, https:\/\/www.holstein.ch\/wp-content\/uploads\/2019\/05\/correllation_duree_lactation-500x380.png 500w, https:\/\/www.holstein.ch\/wp-content\/uploads\/2019\/05\/correllation_duree_lactation-300x228.png 300w, https:\/\/www.holstein.ch\/wp-content\/uploads\/2019\/05\/correllation_duree_lactation-768x583.png 768w, https:\/\/www.holstein.ch\/wp-content\/uploads\/2019\/05\/correllation_duree_lactation-192x146.png 192w, https:\/\/www.holstein.ch\/wp-content\/uploads\/2019\/05\/correllation_duree_lactation-50x38.png 50w, https:\/\/www.holstein.ch\/wp-content\/uploads\/2019\/05\/correllation_duree_lactation-99x75.png 99w, https:\/\/www.holstein.ch\/wp-content\/uploads\/2019\/05\/correllation_duree_lactation-600x456.png 600w\" sizes=\"(max-width: 868px) 100vw, 868px\" \/><\/figure>\n\n\n\n<p><em>Abb. 10 Korrelation zwischen den verschiedenen Merkmalen und der Nutzungsdauer<\/em><\/p>\n\n\n\n<p>Die LBE ist aber auch ein n\u00fctzlicher Indikator f\u00fcr andere Elemente. Die Verwendung von Melkrobotern ist zum Beispiel einfacher, wenn die Zitzenverteilung gut ist, und die Mobilit\u00e4t ist ein guter Indikator f\u00fcr die Eignung zur S\u00f6mmerung einer Kuh. Schliesslich weist die Eutertiefe eine positive Korrelation mit der Eutergesundheit auf.<\/p>\n<\/details>\n","protected":false},"excerpt":{"rendered":"<p>Bei der linearen Beschreibung und Einstufung (LBE) geht es um die Bewertung des Exterieurs der K\u00fche und ihrer \u00dcbereinstimmung mit einem idealen Kuhtyp (True Type). Die Lineare Beschreibung und Einstufung (LBE) bewertet das Exterieur der K\u00fche und ihren K\u00f6rperbau im Vergleich mit einem Idealtier. Letzteres ist ein Holsteintier, das seinem Arbeitsumfeld bestens angepasst ist. Die [&hellip;]<\/p>\n","protected":false},"author":1,"featured_media":25872,"parent":11204,"menu_order":0,"comment_status":"closed","ping_status":"closed","template":"","meta":{"_acf_changed":false,"_monsterinsights_skip_tracking":false,"_monsterinsights_sitenote_active":false,"_monsterinsights_sitenote_note":"","_monsterinsights_sitenote_category":0,"footnotes":""},"class_list":["post-9180","page","type-page","status-publish","has-post-thumbnail","hentry"],"acf":[],"yoast_head":"<!-- This site is optimized with the Yoast SEO plugin v26.9 - https:\/\/yoast.com\/product\/yoast-seo-wordpress\/ -->\n<title>Lineare Beschreibung und Einstufung - Holstein Switzerland<\/title>\n<meta name=\"robots\" content=\"index, follow, max-snippet:-1, max-image-preview:large, max-video-preview:-1\" \/>\n<link rel=\"canonical\" href=\"https:\/\/www.holstein.ch\/de\/unsere-leistungen\/lineare-beschreibung-und-einstufung\/\" \/>\n<meta property=\"og:locale\" content=\"de_DE\" \/>\n<meta property=\"og:type\" content=\"article\" \/>\n<meta property=\"og:title\" content=\"Lineare Beschreibung und Einstufung - Holstein Switzerland\" \/>\n<meta property=\"og:description\" content=\"Bei der linearen Beschreibung und Einstufung (LBE) geht es um die Bewertung des Exterieurs der K\u00fche und ihrer \u00dcbereinstimmung mit einem idealen Kuhtyp (True Type). Die Lineare Beschreibung und Einstufung (LBE) bewertet das Exterieur der K\u00fche und ihren K\u00f6rperbau im Vergleich mit einem Idealtier. Letzteres ist ein Holsteintier, das seinem Arbeitsumfeld bestens angepasst ist. Die [&hellip;]\" \/>\n<meta property=\"og:url\" content=\"https:\/\/www.holstein.ch\/de\/unsere-leistungen\/lineare-beschreibung-und-einstufung\/\" \/>\n<meta property=\"og:site_name\" content=\"Holstein Switzerland\" \/>\n<meta property=\"article:publisher\" content=\"https:\/\/www.facebook.com\/HolSwi\" \/>\n<meta property=\"article:modified_time\" content=\"2025-10-07T11:48:56+00:00\" \/>\n<meta property=\"og:image\" content=\"https:\/\/www.holstein.ch\/wp-content\/uploads\/2023\/10\/DLC-2020-2.jpg\" \/>\n\t<meta property=\"og:image:width\" content=\"800\" \/>\n\t<meta property=\"og:image:height\" content=\"533\" \/>\n\t<meta property=\"og:image:type\" content=\"image\/jpeg\" \/>\n<meta name=\"twitter:card\" content=\"summary_large_image\" \/>\n<meta name=\"twitter:label1\" content=\"Gesch\u00e4tzte Lesezeit\" \/>\n\t<meta name=\"twitter:data1\" content=\"4\u00a0Minuten\" \/>\n<script type=\"application\/ld+json\" class=\"yoast-schema-graph\">{\"@context\":\"https:\/\/schema.org\",\"@graph\":[{\"@type\":\"WebPage\",\"@id\":\"https:\/\/www.holstein.ch\/de\/unsere-leistungen\/lineare-beschreibung-und-einstufung\/\",\"url\":\"https:\/\/www.holstein.ch\/de\/unsere-leistungen\/lineare-beschreibung-und-einstufung\/\",\"name\":\"Lineare Beschreibung und Einstufung - Holstein Switzerland\",\"isPartOf\":{\"@id\":\"https:\/\/www.holstein.ch\/de\/#website\"},\"primaryImageOfPage\":{\"@id\":\"https:\/\/www.holstein.ch\/de\/unsere-leistungen\/lineare-beschreibung-und-einstufung\/#primaryimage\"},\"image\":{\"@id\":\"https:\/\/www.holstein.ch\/de\/unsere-leistungen\/lineare-beschreibung-und-einstufung\/#primaryimage\"},\"thumbnailUrl\":\"https:\/\/www.holstein.ch\/wp-content\/uploads\/2023\/10\/DLC-2020-2.jpg\",\"datePublished\":\"2019-05-29T14:32:43+00:00\",\"dateModified\":\"2025-10-07T11:48:56+00:00\",\"breadcrumb\":{\"@id\":\"https:\/\/www.holstein.ch\/de\/unsere-leistungen\/lineare-beschreibung-und-einstufung\/#breadcrumb\"},\"inLanguage\":\"de\",\"potentialAction\":[{\"@type\":\"ReadAction\",\"target\":[\"https:\/\/www.holstein.ch\/de\/unsere-leistungen\/lineare-beschreibung-und-einstufung\/\"]}]},{\"@type\":\"ImageObject\",\"inLanguage\":\"de\",\"@id\":\"https:\/\/www.holstein.ch\/de\/unsere-leistungen\/lineare-beschreibung-und-einstufung\/#primaryimage\",\"url\":\"https:\/\/www.holstein.ch\/wp-content\/uploads\/2023\/10\/DLC-2020-2.jpg\",\"contentUrl\":\"https:\/\/www.holstein.ch\/wp-content\/uploads\/2023\/10\/DLC-2020-2.jpg\",\"width\":800,\"height\":533,\"caption\":\"DLC\"},{\"@type\":\"BreadcrumbList\",\"@id\":\"https:\/\/www.holstein.ch\/de\/unsere-leistungen\/lineare-beschreibung-und-einstufung\/#breadcrumb\",\"itemListElement\":[{\"@type\":\"ListItem\",\"position\":1,\"name\":\"Unsere Leistungen\",\"item\":\"https:\/\/www.holstein.ch\/de\/unsere-leistungen\/\"},{\"@type\":\"ListItem\",\"position\":2,\"name\":\"Lineare Beschreibung und Einstufung\"}]},{\"@type\":\"WebSite\",\"@id\":\"https:\/\/www.holstein.ch\/de\/#website\",\"url\":\"https:\/\/www.holstein.ch\/de\/\",\"name\":\"Holstein Switzerland\",\"description\":\"Holstein Switzerland\",\"publisher\":{\"@id\":\"https:\/\/www.holstein.ch\/de\/#organization\"},\"potentialAction\":[{\"@type\":\"SearchAction\",\"target\":{\"@type\":\"EntryPoint\",\"urlTemplate\":\"https:\/\/www.holstein.ch\/de\/?s={search_term_string}\"},\"query-input\":{\"@type\":\"PropertyValueSpecification\",\"valueRequired\":true,\"valueName\":\"search_term_string\"}}],\"inLanguage\":\"de\"},{\"@type\":\"Organization\",\"@id\":\"https:\/\/www.holstein.ch\/de\/#organization\",\"name\":\"Holstein Switzerland\",\"url\":\"https:\/\/www.holstein.ch\/de\/\",\"logo\":{\"@type\":\"ImageObject\",\"inLanguage\":\"de\",\"@id\":\"https:\/\/www.holstein.ch\/de\/#\/schema\/logo\/image\/\",\"url\":\"https:\/\/www.holstein.ch\/wp-content\/uploads\/2023\/09\/holstein_switzerland_logo.png\",\"contentUrl\":\"https:\/\/www.holstein.ch\/wp-content\/uploads\/2023\/09\/holstein_switzerland_logo.png\",\"width\":800,\"height\":621,\"caption\":\"Holstein Switzerland\"},\"image\":{\"@id\":\"https:\/\/www.holstein.ch\/de\/#\/schema\/logo\/image\/\"},\"sameAs\":[\"https:\/\/www.facebook.com\/HolSwi\",\"https:\/\/www.youtube.com\/@holsteinswitzerland\",\"https:\/\/www.instagram.com\/holstein_switzerland\"]}]}<\/script>\n<!-- \/ Yoast SEO plugin. -->","yoast_head_json":{"title":"Lineare Beschreibung und Einstufung - Holstein Switzerland","robots":{"index":"index","follow":"follow","max-snippet":"max-snippet:-1","max-image-preview":"max-image-preview:large","max-video-preview":"max-video-preview:-1"},"canonical":"https:\/\/www.holstein.ch\/de\/unsere-leistungen\/lineare-beschreibung-und-einstufung\/","og_locale":"de_DE","og_type":"article","og_title":"Lineare Beschreibung und Einstufung - Holstein Switzerland","og_description":"Bei der linearen Beschreibung und Einstufung (LBE) geht es um die Bewertung des Exterieurs der K\u00fche und ihrer \u00dcbereinstimmung mit einem idealen Kuhtyp (True Type). Die Lineare Beschreibung und Einstufung (LBE) bewertet das Exterieur der K\u00fche und ihren K\u00f6rperbau im Vergleich mit einem Idealtier. Letzteres ist ein Holsteintier, das seinem Arbeitsumfeld bestens angepasst ist. Die [&hellip;]","og_url":"https:\/\/www.holstein.ch\/de\/unsere-leistungen\/lineare-beschreibung-und-einstufung\/","og_site_name":"Holstein Switzerland","article_publisher":"https:\/\/www.facebook.com\/HolSwi","article_modified_time":"2025-10-07T11:48:56+00:00","og_image":[{"width":800,"height":533,"url":"https:\/\/www.holstein.ch\/wp-content\/uploads\/2023\/10\/DLC-2020-2.jpg","type":"image\/jpeg"}],"twitter_card":"summary_large_image","twitter_misc":{"Gesch\u00e4tzte Lesezeit":"4\u00a0Minuten"},"schema":{"@context":"https:\/\/schema.org","@graph":[{"@type":"WebPage","@id":"https:\/\/www.holstein.ch\/de\/unsere-leistungen\/lineare-beschreibung-und-einstufung\/","url":"https:\/\/www.holstein.ch\/de\/unsere-leistungen\/lineare-beschreibung-und-einstufung\/","name":"Lineare Beschreibung und Einstufung - Holstein Switzerland","isPartOf":{"@id":"https:\/\/www.holstein.ch\/de\/#website"},"primaryImageOfPage":{"@id":"https:\/\/www.holstein.ch\/de\/unsere-leistungen\/lineare-beschreibung-und-einstufung\/#primaryimage"},"image":{"@id":"https:\/\/www.holstein.ch\/de\/unsere-leistungen\/lineare-beschreibung-und-einstufung\/#primaryimage"},"thumbnailUrl":"https:\/\/www.holstein.ch\/wp-content\/uploads\/2023\/10\/DLC-2020-2.jpg","datePublished":"2019-05-29T14:32:43+00:00","dateModified":"2025-10-07T11:48:56+00:00","breadcrumb":{"@id":"https:\/\/www.holstein.ch\/de\/unsere-leistungen\/lineare-beschreibung-und-einstufung\/#breadcrumb"},"inLanguage":"de","potentialAction":[{"@type":"ReadAction","target":["https:\/\/www.holstein.ch\/de\/unsere-leistungen\/lineare-beschreibung-und-einstufung\/"]}]},{"@type":"ImageObject","inLanguage":"de","@id":"https:\/\/www.holstein.ch\/de\/unsere-leistungen\/lineare-beschreibung-und-einstufung\/#primaryimage","url":"https:\/\/www.holstein.ch\/wp-content\/uploads\/2023\/10\/DLC-2020-2.jpg","contentUrl":"https:\/\/www.holstein.ch\/wp-content\/uploads\/2023\/10\/DLC-2020-2.jpg","width":800,"height":533,"caption":"DLC"},{"@type":"BreadcrumbList","@id":"https:\/\/www.holstein.ch\/de\/unsere-leistungen\/lineare-beschreibung-und-einstufung\/#breadcrumb","itemListElement":[{"@type":"ListItem","position":1,"name":"Unsere Leistungen","item":"https:\/\/www.holstein.ch\/de\/unsere-leistungen\/"},{"@type":"ListItem","position":2,"name":"Lineare Beschreibung und Einstufung"}]},{"@type":"WebSite","@id":"https:\/\/www.holstein.ch\/de\/#website","url":"https:\/\/www.holstein.ch\/de\/","name":"Holstein Switzerland","description":"Holstein Switzerland","publisher":{"@id":"https:\/\/www.holstein.ch\/de\/#organization"},"potentialAction":[{"@type":"SearchAction","target":{"@type":"EntryPoint","urlTemplate":"https:\/\/www.holstein.ch\/de\/?s={search_term_string}"},"query-input":{"@type":"PropertyValueSpecification","valueRequired":true,"valueName":"search_term_string"}}],"inLanguage":"de"},{"@type":"Organization","@id":"https:\/\/www.holstein.ch\/de\/#organization","name":"Holstein Switzerland","url":"https:\/\/www.holstein.ch\/de\/","logo":{"@type":"ImageObject","inLanguage":"de","@id":"https:\/\/www.holstein.ch\/de\/#\/schema\/logo\/image\/","url":"https:\/\/www.holstein.ch\/wp-content\/uploads\/2023\/09\/holstein_switzerland_logo.png","contentUrl":"https:\/\/www.holstein.ch\/wp-content\/uploads\/2023\/09\/holstein_switzerland_logo.png","width":800,"height":621,"caption":"Holstein Switzerland"},"image":{"@id":"https:\/\/www.holstein.ch\/de\/#\/schema\/logo\/image\/"},"sameAs":["https:\/\/www.facebook.com\/HolSwi","https:\/\/www.youtube.com\/@holsteinswitzerland","https:\/\/www.instagram.com\/holstein_switzerland"]}]}},"_links":{"self":[{"href":"https:\/\/www.holstein.ch\/de\/wp-json\/wp\/v2\/pages\/9180","targetHints":{"allow":["GET"]}}],"collection":[{"href":"https:\/\/www.holstein.ch\/de\/wp-json\/wp\/v2\/pages"}],"about":[{"href":"https:\/\/www.holstein.ch\/de\/wp-json\/wp\/v2\/types\/page"}],"author":[{"embeddable":true,"href":"https:\/\/www.holstein.ch\/de\/wp-json\/wp\/v2\/users\/1"}],"replies":[{"embeddable":true,"href":"https:\/\/www.holstein.ch\/de\/wp-json\/wp\/v2\/comments?post=9180"}],"version-history":[{"count":28,"href":"https:\/\/www.holstein.ch\/de\/wp-json\/wp\/v2\/pages\/9180\/revisions"}],"predecessor-version":[{"id":35349,"href":"https:\/\/www.holstein.ch\/de\/wp-json\/wp\/v2\/pages\/9180\/revisions\/35349"}],"up":[{"embeddable":true,"href":"https:\/\/www.holstein.ch\/de\/wp-json\/wp\/v2\/pages\/11204"}],"wp:featuredmedia":[{"embeddable":true,"href":"https:\/\/www.holstein.ch\/de\/wp-json\/wp\/v2\/media\/25872"}],"wp:attachment":[{"href":"https:\/\/www.holstein.ch\/de\/wp-json\/wp\/v2\/media?parent=9180"}],"curies":[{"name":"wp","href":"https:\/\/api.w.org\/{rel}","templated":true}]}}