{"id":9191,"date":"2019-05-12T12:16:30","date_gmt":"2019-05-12T10:16:30","guid":{"rendered":"https:\/\/holstein.ch\/anpaarungsplan\/"},"modified":"2023-12-11T16:14:25","modified_gmt":"2023-12-11T15:14:25","slug":"anpaarungsplan","status":"publish","type":"page","link":"https:\/\/www.holstein.ch\/de\/unsere-leistungen\/anpaarungsplan\/","title":{"rendered":"Anpaarungsplan"},"content":{"rendered":"\n<p><strong>Jede Z\u00fcchterin oder jeder Z\u00fcchter kann die genetische Verbesserung der Herde dank des Anpaarungsplans von Holstein Switzerland voranbringen. Der Plan hilft, die Zuchtziele zu erreichen und die Stiere zu finden, die den Bed\u00fcrfnissen entsprechen. Er schl\u00e4gt die besten Anpaarungen f\u00fcr jedes weibliche Tier der Herde vor.<\/strong><\/p>\n\n<p>Der Anpaarungsplan im HolsteinVision wird in 3 Schritten erstellt:<\/p>\n\n<ul class=\"wp-block-list\">\n<li>Definition des Zuchtziels anhand der 4 wichtigsten Kriterien f\u00fcr die Herde<\/li>\n\n\n\n<li>Auswahl der Stiere unter denjenigen, die dazu beitragen, das Zuchtziel zu erreichen<\/li>\n\n\n\n<li>Zuteilung der ausgew\u00e4hlten Stiere an die weiblichen Tiere der Herde, um ihre Hauptschw\u00e4chen zu verbessern<\/li>\n<\/ul>\n\n<p>Auf Anfrage der Z\u00fcchterin oder des Z\u00fcchters kann der Anpaarungsplan vom Aussendienstmitarbeiter von Holstein Switzerland erstellt werden.<\/p>\n\n<p>Der Plan enth\u00e4lt alle Stiere, die von den KB-Organisationen in der Schweiz angeboten werden. Er kann aber auch mit anderen Stieren, die der Z\u00fcchter oder die Z\u00fcchterin bereits gekauft hat, erg\u00e4nzt werden.<\/p>\n\n<p>Die Verwaltung des Samenlagers des Betriebs ist im Anpaarungsplan integriert. Sie erm\u00f6glicht die \u00dcberpr\u00fcfung des Lagerbestands sowie die Lokalisierung der Dosen im Container. Bei jeder Bearbeitung des Anpaarungsplans wird ein Bericht erstellt, damit die Z\u00fcchterin oder der Z\u00fcchter die Weiterentwicklung der Herde \u00fcber mehrere Jahre beobachten kann.<\/p>\n\n<p>Im Bericht werden ebenfalls die Kriterien aufgef\u00fchrt, welche die selektionierten Stiere in der Herde verbessern. Der Anpaarungsplan verringert Inzucht und verhindert Anpaarungen, die Erbfehler verursachen k\u00f6nnten.<\/p>\n\n<figure class=\"wp-block-image\"><img decoding=\"async\" src=\"https:\/\/www.holstein.ch\/wp-content\/uploads\/2023\/10\/plan_accouplement.png\" alt=\"Anpaarungsplan\"\/><\/figure>\n\n<figure class=\"wp-block-embed is-type-video is-provider-youtube wp-block-embed-youtube wp-embed-aspect-16-9 wp-has-aspect-ratio\"><div class=\"wp-block-embed__wrapper\">\n<iframe title=\"Holstein News - Juni | juin 2020 - Plan d&#039;accouplement | Anpaarungsplan\" width=\"800\" height=\"450\" src=\"https:\/\/www.youtube.com\/embed\/nyQjrweNits?feature=oembed\" frameborder=\"0\" allow=\"accelerometer; autoplay; clipboard-write; encrypted-media; gyroscope; picture-in-picture; web-share\" allowfullscreen><\/iframe>\n<\/div><\/figure>\n","protected":false},"excerpt":{"rendered":"<p>Jede Z\u00fcchterin oder jeder Z\u00fcchter kann die genetische Verbesserung der Herde dank des Anpaarungsplans von Holstein Switzerland voranbringen. Der Plan hilft, die Zuchtziele zu erreichen und die Stiere zu finden, die den Bed\u00fcrfnissen entsprechen. Er schl\u00e4gt die besten Anpaarungen f\u00fcr jedes weibliche Tier der Herde vor. Der Anpaarungsplan im HolsteinVision wird in 3 Schritten erstellt: [&hellip;]<\/p>\n","protected":false},"author":42,"featured_media":27071,"parent":11204,"menu_order":0,"comment_status":"closed","ping_status":"closed","template":"","meta":{"_acf_changed":false,"_monsterinsights_skip_tracking":false,"_monsterinsights_sitenote_active":false,"_monsterinsights_sitenote_note":"","_monsterinsights_sitenote_category":0,"footnotes":""},"class_list":["post-9191","page","type-page","status-publish","has-post-thumbnail","hentry"],"acf":[],"yoast_head":"<!-- This site is optimized with the Yoast SEO plugin v26.9 - https:\/\/yoast.com\/product\/yoast-seo-wordpress\/ -->\n<title>Anpaarungsplan - Holstein Switzerland<\/title>\n<meta name=\"robots\" content=\"index, follow, max-snippet:-1, max-image-preview:large, max-video-preview:-1\" \/>\n<link rel=\"canonical\" href=\"https:\/\/www.holstein.ch\/de\/unsere-leistungen\/anpaarungsplan\/\" \/>\n<meta property=\"og:locale\" content=\"de_DE\" \/>\n<meta property=\"og:type\" content=\"article\" \/>\n<meta property=\"og:title\" content=\"Anpaarungsplan - Holstein Switzerland\" \/>\n<meta property=\"og:description\" content=\"Jede Z\u00fcchterin oder jeder Z\u00fcchter kann die genetische Verbesserung der Herde dank des Anpaarungsplans von Holstein Switzerland voranbringen. Der Plan hilft, die Zuchtziele zu erreichen und die Stiere zu finden, die den Bed\u00fcrfnissen entsprechen. Er schl\u00e4gt die besten Anpaarungen f\u00fcr jedes weibliche Tier der Herde vor. Der Anpaarungsplan im HolsteinVision wird in 3 Schritten erstellt: [&hellip;]\" \/>\n<meta property=\"og:url\" content=\"https:\/\/www.holstein.ch\/de\/unsere-leistungen\/anpaarungsplan\/\" \/>\n<meta property=\"og:site_name\" content=\"Holstein Switzerland\" \/>\n<meta property=\"article:publisher\" content=\"https:\/\/www.facebook.com\/HolSwi\" \/>\n<meta property=\"article:modified_time\" content=\"2023-12-11T15:14:25+00:00\" \/>\n<meta property=\"og:image\" content=\"https:\/\/www.holstein.ch\/wp-content\/uploads\/2023\/10\/plan-accouplement-illu-scaled.jpeg\" \/>\n\t<meta property=\"og:image:width\" content=\"2560\" \/>\n\t<meta property=\"og:image:height\" content=\"1686\" \/>\n\t<meta property=\"og:image:type\" content=\"image\/jpeg\" \/>\n<meta name=\"twitter:card\" content=\"summary_large_image\" \/>\n<meta name=\"twitter:label1\" content=\"Gesch\u00e4tzte Lesezeit\" \/>\n\t<meta name=\"twitter:data1\" content=\"2\u00a0Minuten\" \/>\n<script type=\"application\/ld+json\" class=\"yoast-schema-graph\">{\"@context\":\"https:\/\/schema.org\",\"@graph\":[{\"@type\":\"WebPage\",\"@id\":\"https:\/\/www.holstein.ch\/de\/unsere-leistungen\/anpaarungsplan\/\",\"url\":\"https:\/\/www.holstein.ch\/de\/unsere-leistungen\/anpaarungsplan\/\",\"name\":\"Anpaarungsplan - Holstein Switzerland\",\"isPartOf\":{\"@id\":\"https:\/\/www.holstein.ch\/de\/#website\"},\"primaryImageOfPage\":{\"@id\":\"https:\/\/www.holstein.ch\/de\/unsere-leistungen\/anpaarungsplan\/#primaryimage\"},\"image\":{\"@id\":\"https:\/\/www.holstein.ch\/de\/unsere-leistungen\/anpaarungsplan\/#primaryimage\"},\"thumbnailUrl\":\"https:\/\/www.holstein.ch\/wp-content\/uploads\/2023\/10\/plan-accouplement-illu-scaled.jpeg\",\"datePublished\":\"2019-05-12T10:16:30+00:00\",\"dateModified\":\"2023-12-11T15:14:25+00:00\",\"breadcrumb\":{\"@id\":\"https:\/\/www.holstein.ch\/de\/unsere-leistungen\/anpaarungsplan\/#breadcrumb\"},\"inLanguage\":\"de\",\"potentialAction\":[{\"@type\":\"ReadAction\",\"target\":[\"https:\/\/www.holstein.ch\/de\/unsere-leistungen\/anpaarungsplan\/\"]}]},{\"@type\":\"ImageObject\",\"inLanguage\":\"de\",\"@id\":\"https:\/\/www.holstein.ch\/de\/unsere-leistungen\/anpaarungsplan\/#primaryimage\",\"url\":\"https:\/\/www.holstein.ch\/wp-content\/uploads\/2023\/10\/plan-accouplement-illu-scaled.jpeg\",\"contentUrl\":\"https:\/\/www.holstein.ch\/wp-content\/uploads\/2023\/10\/plan-accouplement-illu-scaled.jpeg\",\"width\":2560,\"height\":1686,\"caption\":\"Plan d'accouplement\"},{\"@type\":\"BreadcrumbList\",\"@id\":\"https:\/\/www.holstein.ch\/de\/unsere-leistungen\/anpaarungsplan\/#breadcrumb\",\"itemListElement\":[{\"@type\":\"ListItem\",\"position\":1,\"name\":\"Unsere Leistungen\",\"item\":\"https:\/\/www.holstein.ch\/de\/unsere-leistungen\/\"},{\"@type\":\"ListItem\",\"position\":2,\"name\":\"Anpaarungsplan\"}]},{\"@type\":\"WebSite\",\"@id\":\"https:\/\/www.holstein.ch\/de\/#website\",\"url\":\"https:\/\/www.holstein.ch\/de\/\",\"name\":\"Holstein Switzerland\",\"description\":\"Holstein Switzerland\",\"publisher\":{\"@id\":\"https:\/\/www.holstein.ch\/de\/#organization\"},\"potentialAction\":[{\"@type\":\"SearchAction\",\"target\":{\"@type\":\"EntryPoint\",\"urlTemplate\":\"https:\/\/www.holstein.ch\/de\/?s={search_term_string}\"},\"query-input\":{\"@type\":\"PropertyValueSpecification\",\"valueRequired\":true,\"valueName\":\"search_term_string\"}}],\"inLanguage\":\"de\"},{\"@type\":\"Organization\",\"@id\":\"https:\/\/www.holstein.ch\/de\/#organization\",\"name\":\"Holstein Switzerland\",\"url\":\"https:\/\/www.holstein.ch\/de\/\",\"logo\":{\"@type\":\"ImageObject\",\"inLanguage\":\"de\",\"@id\":\"https:\/\/www.holstein.ch\/de\/#\/schema\/logo\/image\/\",\"url\":\"https:\/\/www.holstein.ch\/wp-content\/uploads\/2023\/09\/holstein_switzerland_logo.png\",\"contentUrl\":\"https:\/\/www.holstein.ch\/wp-content\/uploads\/2023\/09\/holstein_switzerland_logo.png\",\"width\":800,\"height\":621,\"caption\":\"Holstein Switzerland\"},\"image\":{\"@id\":\"https:\/\/www.holstein.ch\/de\/#\/schema\/logo\/image\/\"},\"sameAs\":[\"https:\/\/www.facebook.com\/HolSwi\",\"https:\/\/www.youtube.com\/@holsteinswitzerland\",\"https:\/\/www.instagram.com\/holstein_switzerland\"]}]}<\/script>\n<!-- \/ Yoast SEO plugin. -->","yoast_head_json":{"title":"Anpaarungsplan - Holstein Switzerland","robots":{"index":"index","follow":"follow","max-snippet":"max-snippet:-1","max-image-preview":"max-image-preview:large","max-video-preview":"max-video-preview:-1"},"canonical":"https:\/\/www.holstein.ch\/de\/unsere-leistungen\/anpaarungsplan\/","og_locale":"de_DE","og_type":"article","og_title":"Anpaarungsplan - Holstein Switzerland","og_description":"Jede Z\u00fcchterin oder jeder Z\u00fcchter kann die genetische Verbesserung der Herde dank des Anpaarungsplans von Holstein Switzerland voranbringen. Der Plan hilft, die Zuchtziele zu erreichen und die Stiere zu finden, die den Bed\u00fcrfnissen entsprechen. Er schl\u00e4gt die besten Anpaarungen f\u00fcr jedes weibliche Tier der Herde vor. Der Anpaarungsplan im HolsteinVision wird in 3 Schritten erstellt: [&hellip;]","og_url":"https:\/\/www.holstein.ch\/de\/unsere-leistungen\/anpaarungsplan\/","og_site_name":"Holstein Switzerland","article_publisher":"https:\/\/www.facebook.com\/HolSwi","article_modified_time":"2023-12-11T15:14:25+00:00","og_image":[{"width":2560,"height":1686,"url":"https:\/\/www.holstein.ch\/wp-content\/uploads\/2023\/10\/plan-accouplement-illu-scaled.jpeg","type":"image\/jpeg"}],"twitter_card":"summary_large_image","twitter_misc":{"Gesch\u00e4tzte Lesezeit":"2\u00a0Minuten"},"schema":{"@context":"https:\/\/schema.org","@graph":[{"@type":"WebPage","@id":"https:\/\/www.holstein.ch\/de\/unsere-leistungen\/anpaarungsplan\/","url":"https:\/\/www.holstein.ch\/de\/unsere-leistungen\/anpaarungsplan\/","name":"Anpaarungsplan - Holstein Switzerland","isPartOf":{"@id":"https:\/\/www.holstein.ch\/de\/#website"},"primaryImageOfPage":{"@id":"https:\/\/www.holstein.ch\/de\/unsere-leistungen\/anpaarungsplan\/#primaryimage"},"image":{"@id":"https:\/\/www.holstein.ch\/de\/unsere-leistungen\/anpaarungsplan\/#primaryimage"},"thumbnailUrl":"https:\/\/www.holstein.ch\/wp-content\/uploads\/2023\/10\/plan-accouplement-illu-scaled.jpeg","datePublished":"2019-05-12T10:16:30+00:00","dateModified":"2023-12-11T15:14:25+00:00","breadcrumb":{"@id":"https:\/\/www.holstein.ch\/de\/unsere-leistungen\/anpaarungsplan\/#breadcrumb"},"inLanguage":"de","potentialAction":[{"@type":"ReadAction","target":["https:\/\/www.holstein.ch\/de\/unsere-leistungen\/anpaarungsplan\/"]}]},{"@type":"ImageObject","inLanguage":"de","@id":"https:\/\/www.holstein.ch\/de\/unsere-leistungen\/anpaarungsplan\/#primaryimage","url":"https:\/\/www.holstein.ch\/wp-content\/uploads\/2023\/10\/plan-accouplement-illu-scaled.jpeg","contentUrl":"https:\/\/www.holstein.ch\/wp-content\/uploads\/2023\/10\/plan-accouplement-illu-scaled.jpeg","width":2560,"height":1686,"caption":"Plan d'accouplement"},{"@type":"BreadcrumbList","@id":"https:\/\/www.holstein.ch\/de\/unsere-leistungen\/anpaarungsplan\/#breadcrumb","itemListElement":[{"@type":"ListItem","position":1,"name":"Unsere Leistungen","item":"https:\/\/www.holstein.ch\/de\/unsere-leistungen\/"},{"@type":"ListItem","position":2,"name":"Anpaarungsplan"}]},{"@type":"WebSite","@id":"https:\/\/www.holstein.ch\/de\/#website","url":"https:\/\/www.holstein.ch\/de\/","name":"Holstein Switzerland","description":"Holstein Switzerland","publisher":{"@id":"https:\/\/www.holstein.ch\/de\/#organization"},"potentialAction":[{"@type":"SearchAction","target":{"@type":"EntryPoint","urlTemplate":"https:\/\/www.holstein.ch\/de\/?s={search_term_string}"},"query-input":{"@type":"PropertyValueSpecification","valueRequired":true,"valueName":"search_term_string"}}],"inLanguage":"de"},{"@type":"Organization","@id":"https:\/\/www.holstein.ch\/de\/#organization","name":"Holstein Switzerland","url":"https:\/\/www.holstein.ch\/de\/","logo":{"@type":"ImageObject","inLanguage":"de","@id":"https:\/\/www.holstein.ch\/de\/#\/schema\/logo\/image\/","url":"https:\/\/www.holstein.ch\/wp-content\/uploads\/2023\/09\/holstein_switzerland_logo.png","contentUrl":"https:\/\/www.holstein.ch\/wp-content\/uploads\/2023\/09\/holstein_switzerland_logo.png","width":800,"height":621,"caption":"Holstein Switzerland"},"image":{"@id":"https:\/\/www.holstein.ch\/de\/#\/schema\/logo\/image\/"},"sameAs":["https:\/\/www.facebook.com\/HolSwi","https:\/\/www.youtube.com\/@holsteinswitzerland","https:\/\/www.instagram.com\/holstein_switzerland"]}]}},"_links":{"self":[{"href":"https:\/\/www.holstein.ch\/de\/wp-json\/wp\/v2\/pages\/9191","targetHints":{"allow":["GET"]}}],"collection":[{"href":"https:\/\/www.holstein.ch\/de\/wp-json\/wp\/v2\/pages"}],"about":[{"href":"https:\/\/www.holstein.ch\/de\/wp-json\/wp\/v2\/types\/page"}],"author":[{"embeddable":true,"href":"https:\/\/www.holstein.ch\/de\/wp-json\/wp\/v2\/users\/42"}],"replies":[{"embeddable":true,"href":"https:\/\/www.holstein.ch\/de\/wp-json\/wp\/v2\/comments?post=9191"}],"version-history":[{"count":14,"href":"https:\/\/www.holstein.ch\/de\/wp-json\/wp\/v2\/pages\/9191\/revisions"}],"predecessor-version":[{"id":29706,"href":"https:\/\/www.holstein.ch\/de\/wp-json\/wp\/v2\/pages\/9191\/revisions\/29706"}],"up":[{"embeddable":true,"href":"https:\/\/www.holstein.ch\/de\/wp-json\/wp\/v2\/pages\/11204"}],"wp:featuredmedia":[{"embeddable":true,"href":"https:\/\/www.holstein.ch\/de\/wp-json\/wp\/v2\/media\/27071"}],"wp:attachment":[{"href":"https:\/\/www.holstein.ch\/de\/wp-json\/wp\/v2\/media?parent=9191"}],"curies":[{"name":"wp","href":"https:\/\/api.w.org\/{rel}","templated":true}]}}