{"id":9194,"date":"2019-06-17T15:38:53","date_gmt":"2019-06-17T13:38:53","guid":{"rendered":"https:\/\/holstein.ch\/professionelle-fotos\/"},"modified":"2023-03-20T16:19:31","modified_gmt":"2023-03-20T15:19:31","slug":"professionelle-fotos","status":"publish","type":"page","link":"https:\/\/www.holstein.ch\/de\/unsere-leistungen\/professionelle-fotos\/","title":{"rendered":"Professionelle Fotos"},"content":{"rendered":"<p>[vc_row css=&#8221;.vc_custom_1557488773143{padding-top: 8% !important;}&#8221;][vc_column][ultimate_heading main_heading=&#8221;Professionelle Fotos&#8221; heading_tag=&#8221;h1&#8243; sub_heading_color=&#8221;#00acaa&#8221; alignment=&#8221;left&#8221; spacer=&#8221;line_only&#8221; spacer_position=&#8221;middle&#8221; line_height=&#8221;1&#8243; line_color=&#8221;#00acaa&#8221; line_width=&#8221;100&#8243;]<\/p>\n<h3>Wir haben das Vergn\u00fcgen, mit zwei professionellen Fotografen bei verschiedenen Veranstaltungen zusammenzuarbeiten.<\/h3>\n<p>[\/ultimate_heading][\/vc_column][\/vc_row][vc_row css=&#8221;.vc_custom_1557656969835{margin-bottom: 3% !important;}&#8221;][vc_column][vc_column_text]Die Berufsfotografen Giorgio Soldi und Martin Killewald (Keleki) reisen regelm\u00e4ssig in die Schweiz, sei es anl\u00e4sslich von Zuchtveranstaltungen oder im Rahmen von unabh\u00e4ngigen oder von der Genossenschaft organisierter Touren. Um die Daten der n\u00e4chsten Touren zu erfahren und sich anzumelden, kontaktieren Sie bitte Pierre-Alain Br\u00fcgger unter 026 564 12 09 oder per E-Mail auf <a href=\"mailto:bruegger@holstein.ch\">bruegger@holstein.ch<\/a>. Sie k\u00f6nnen sich auch direkt bei Keleki melden unter +49 (1) 72 951 58 57.<\/p>\n<p>Die Bilder dieser zwei Fotografen werden regelm\u00e4ssig der Genossenschaft \u00fcbermittelt und archiviert. Sie k\u00f6nnen uns auch Fotos anderer Fotografen oder private Bilder zukommen lassen, aber nur als Datei. Diese Fotos werden ebenfalls\u00a0archiviert und auf\u00a0<a href=\"https:\/\/www.holsteinvision.ch\/\" target=\"_blank\" rel=\"noopener noreferrer\">www.holsteinvision.ch<\/a>\u00a0ver\u00f6ffentlicht.<\/p>\n<p>Die Genossenschaft sucht immer gute Stimmungsbilder mit nat\u00fcrlichem Hintergrund (Berge, Seen, Blumen, H\u00e4user usw.). Denken Sie beim Besuch des Fotografen daran.[\/vc_column_text][\/vc_column][\/vc_row]<\/p>\n","protected":false},"excerpt":{"rendered":"<p>[vc_row css=&#8221;.vc_custom_1557488773143{padding-top: 8% !important;}&#8221;][vc_column][ultimate_heading main_heading=&#8221;Professionelle Fotos&#8221; heading_tag=&#8221;h1&#8243; sub_heading_color=&#8221;#00acaa&#8221; alignment=&#8221;left&#8221; spacer=&#8221;line_only&#8221; spacer_position=&#8221;middle&#8221; line_height=&#8221;1&#8243; line_color=&#8221;#00acaa&#8221; line_width=&#8221;100&#8243;] Wir haben das Vergn\u00fcgen, mit zwei professionellen Fotografen bei verschiedenen Veranstaltungen zusammenzuarbeiten. [\/ultimate_heading][\/vc_column][\/vc_row][vc_row css=&#8221;.vc_custom_1557656969835{margin-bottom: 3% !important;}&#8221;][vc_column][vc_column_text]Die Berufsfotografen Giorgio Soldi und Martin Killewald (Keleki) reisen regelm\u00e4ssig in die Schweiz, sei es anl\u00e4sslich von Zuchtveranstaltungen oder im Rahmen von unabh\u00e4ngigen oder von der [&hellip;]<\/p>\n","protected":false},"author":1,"featured_media":0,"parent":11204,"menu_order":0,"comment_status":"closed","ping_status":"closed","template":"","meta":{"_acf_changed":false,"_monsterinsights_skip_tracking":false,"_monsterinsights_sitenote_active":false,"_monsterinsights_sitenote_note":"","_monsterinsights_sitenote_category":0,"footnotes":""},"class_list":["post-9194","page","type-page","status-publish","hentry"],"acf":[],"yoast_head":"<!-- This site is optimized with the Yoast SEO plugin v26.9 - https:\/\/yoast.com\/product\/yoast-seo-wordpress\/ -->\n<title>Professionelle Fotos - Holstein Switzerland<\/title>\n<meta name=\"robots\" content=\"index, follow, max-snippet:-1, max-image-preview:large, max-video-preview:-1\" \/>\n<link rel=\"canonical\" href=\"https:\/\/www.holstein.ch\/de\/unsere-leistungen\/professionelle-fotos\/\" \/>\n<meta property=\"og:locale\" content=\"de_DE\" \/>\n<meta property=\"og:type\" content=\"article\" \/>\n<meta property=\"og:title\" content=\"Professionelle Fotos - Holstein Switzerland\" \/>\n<meta property=\"og:description\" content=\"[vc_row css=&#8221;.vc_custom_1557488773143{padding-top: 8% !important;}&#8221;][vc_column][ultimate_heading main_heading=&#8221;Professionelle Fotos&#8221; heading_tag=&#8221;h1&#8243; sub_heading_color=&#8221;#00acaa&#8221; alignment=&#8221;left&#8221; spacer=&#8221;line_only&#8221; spacer_position=&#8221;middle&#8221; line_height=&#8221;1&#8243; line_color=&#8221;#00acaa&#8221; line_width=&#8221;100&#8243;] Wir haben das Vergn\u00fcgen, mit zwei professionellen Fotografen bei verschiedenen Veranstaltungen zusammenzuarbeiten. [\/ultimate_heading][\/vc_column][\/vc_row][vc_row css=&#8221;.vc_custom_1557656969835{margin-bottom: 3% !important;}&#8221;][vc_column][vc_column_text]Die Berufsfotografen Giorgio Soldi und Martin Killewald (Keleki) reisen regelm\u00e4ssig in die Schweiz, sei es anl\u00e4sslich von Zuchtveranstaltungen oder im Rahmen von unabh\u00e4ngigen oder von der [&hellip;]\" \/>\n<meta property=\"og:url\" content=\"https:\/\/www.holstein.ch\/de\/unsere-leistungen\/professionelle-fotos\/\" \/>\n<meta property=\"og:site_name\" content=\"Holstein Switzerland\" \/>\n<meta property=\"article:publisher\" content=\"https:\/\/www.facebook.com\/HolSwi\" \/>\n<meta property=\"article:modified_time\" content=\"2023-03-20T15:19:31+00:00\" \/>\n<meta name=\"twitter:card\" content=\"summary_large_image\" \/>\n<meta name=\"twitter:label1\" content=\"Gesch\u00e4tzte Lesezeit\" \/>\n\t<meta name=\"twitter:data1\" content=\"1\u00a0Minute\" \/>\n<script type=\"application\/ld+json\" class=\"yoast-schema-graph\">{\"@context\":\"https:\/\/schema.org\",\"@graph\":[{\"@type\":\"WebPage\",\"@id\":\"https:\/\/www.holstein.ch\/de\/unsere-leistungen\/professionelle-fotos\/\",\"url\":\"https:\/\/www.holstein.ch\/de\/unsere-leistungen\/professionelle-fotos\/\",\"name\":\"Professionelle Fotos - Holstein Switzerland\",\"isPartOf\":{\"@id\":\"https:\/\/www.holstein.ch\/de\/#website\"},\"datePublished\":\"2019-06-17T13:38:53+00:00\",\"dateModified\":\"2023-03-20T15:19:31+00:00\",\"breadcrumb\":{\"@id\":\"https:\/\/www.holstein.ch\/de\/unsere-leistungen\/professionelle-fotos\/#breadcrumb\"},\"inLanguage\":\"de\",\"potentialAction\":[{\"@type\":\"ReadAction\",\"target\":[\"https:\/\/www.holstein.ch\/de\/unsere-leistungen\/professionelle-fotos\/\"]}]},{\"@type\":\"BreadcrumbList\",\"@id\":\"https:\/\/www.holstein.ch\/de\/unsere-leistungen\/professionelle-fotos\/#breadcrumb\",\"itemListElement\":[{\"@type\":\"ListItem\",\"position\":1,\"name\":\"Unsere Leistungen\",\"item\":\"https:\/\/www.holstein.ch\/de\/unsere-leistungen\/\"},{\"@type\":\"ListItem\",\"position\":2,\"name\":\"Professionelle Fotos\"}]},{\"@type\":\"WebSite\",\"@id\":\"https:\/\/www.holstein.ch\/de\/#website\",\"url\":\"https:\/\/www.holstein.ch\/de\/\",\"name\":\"Holstein Switzerland\",\"description\":\"Holstein Switzerland\",\"publisher\":{\"@id\":\"https:\/\/www.holstein.ch\/de\/#organization\"},\"potentialAction\":[{\"@type\":\"SearchAction\",\"target\":{\"@type\":\"EntryPoint\",\"urlTemplate\":\"https:\/\/www.holstein.ch\/de\/?s={search_term_string}\"},\"query-input\":{\"@type\":\"PropertyValueSpecification\",\"valueRequired\":true,\"valueName\":\"search_term_string\"}}],\"inLanguage\":\"de\"},{\"@type\":\"Organization\",\"@id\":\"https:\/\/www.holstein.ch\/de\/#organization\",\"name\":\"Holstein Switzerland\",\"url\":\"https:\/\/www.holstein.ch\/de\/\",\"logo\":{\"@type\":\"ImageObject\",\"inLanguage\":\"de\",\"@id\":\"https:\/\/www.holstein.ch\/de\/#\/schema\/logo\/image\/\",\"url\":\"https:\/\/www.holstein.ch\/wp-content\/uploads\/2023\/09\/holstein_switzerland_logo.png\",\"contentUrl\":\"https:\/\/www.holstein.ch\/wp-content\/uploads\/2023\/09\/holstein_switzerland_logo.png\",\"width\":800,\"height\":621,\"caption\":\"Holstein Switzerland\"},\"image\":{\"@id\":\"https:\/\/www.holstein.ch\/de\/#\/schema\/logo\/image\/\"},\"sameAs\":[\"https:\/\/www.facebook.com\/HolSwi\",\"https:\/\/www.youtube.com\/@holsteinswitzerland\",\"https:\/\/www.instagram.com\/holstein_switzerland\"]}]}<\/script>\n<!-- \/ Yoast SEO plugin. -->","yoast_head_json":{"title":"Professionelle Fotos - Holstein Switzerland","robots":{"index":"index","follow":"follow","max-snippet":"max-snippet:-1","max-image-preview":"max-image-preview:large","max-video-preview":"max-video-preview:-1"},"canonical":"https:\/\/www.holstein.ch\/de\/unsere-leistungen\/professionelle-fotos\/","og_locale":"de_DE","og_type":"article","og_title":"Professionelle Fotos - Holstein Switzerland","og_description":"[vc_row css=&#8221;.vc_custom_1557488773143{padding-top: 8% !important;}&#8221;][vc_column][ultimate_heading main_heading=&#8221;Professionelle Fotos&#8221; heading_tag=&#8221;h1&#8243; sub_heading_color=&#8221;#00acaa&#8221; alignment=&#8221;left&#8221; spacer=&#8221;line_only&#8221; spacer_position=&#8221;middle&#8221; line_height=&#8221;1&#8243; line_color=&#8221;#00acaa&#8221; line_width=&#8221;100&#8243;] Wir haben das Vergn\u00fcgen, mit zwei professionellen Fotografen bei verschiedenen Veranstaltungen zusammenzuarbeiten. [\/ultimate_heading][\/vc_column][\/vc_row][vc_row css=&#8221;.vc_custom_1557656969835{margin-bottom: 3% !important;}&#8221;][vc_column][vc_column_text]Die Berufsfotografen Giorgio Soldi und Martin Killewald (Keleki) reisen regelm\u00e4ssig in die Schweiz, sei es anl\u00e4sslich von Zuchtveranstaltungen oder im Rahmen von unabh\u00e4ngigen oder von der [&hellip;]","og_url":"https:\/\/www.holstein.ch\/de\/unsere-leistungen\/professionelle-fotos\/","og_site_name":"Holstein Switzerland","article_publisher":"https:\/\/www.facebook.com\/HolSwi","article_modified_time":"2023-03-20T15:19:31+00:00","twitter_card":"summary_large_image","twitter_misc":{"Gesch\u00e4tzte Lesezeit":"1\u00a0Minute"},"schema":{"@context":"https:\/\/schema.org","@graph":[{"@type":"WebPage","@id":"https:\/\/www.holstein.ch\/de\/unsere-leistungen\/professionelle-fotos\/","url":"https:\/\/www.holstein.ch\/de\/unsere-leistungen\/professionelle-fotos\/","name":"Professionelle Fotos - Holstein Switzerland","isPartOf":{"@id":"https:\/\/www.holstein.ch\/de\/#website"},"datePublished":"2019-06-17T13:38:53+00:00","dateModified":"2023-03-20T15:19:31+00:00","breadcrumb":{"@id":"https:\/\/www.holstein.ch\/de\/unsere-leistungen\/professionelle-fotos\/#breadcrumb"},"inLanguage":"de","potentialAction":[{"@type":"ReadAction","target":["https:\/\/www.holstein.ch\/de\/unsere-leistungen\/professionelle-fotos\/"]}]},{"@type":"BreadcrumbList","@id":"https:\/\/www.holstein.ch\/de\/unsere-leistungen\/professionelle-fotos\/#breadcrumb","itemListElement":[{"@type":"ListItem","position":1,"name":"Unsere Leistungen","item":"https:\/\/www.holstein.ch\/de\/unsere-leistungen\/"},{"@type":"ListItem","position":2,"name":"Professionelle Fotos"}]},{"@type":"WebSite","@id":"https:\/\/www.holstein.ch\/de\/#website","url":"https:\/\/www.holstein.ch\/de\/","name":"Holstein Switzerland","description":"Holstein Switzerland","publisher":{"@id":"https:\/\/www.holstein.ch\/de\/#organization"},"potentialAction":[{"@type":"SearchAction","target":{"@type":"EntryPoint","urlTemplate":"https:\/\/www.holstein.ch\/de\/?s={search_term_string}"},"query-input":{"@type":"PropertyValueSpecification","valueRequired":true,"valueName":"search_term_string"}}],"inLanguage":"de"},{"@type":"Organization","@id":"https:\/\/www.holstein.ch\/de\/#organization","name":"Holstein Switzerland","url":"https:\/\/www.holstein.ch\/de\/","logo":{"@type":"ImageObject","inLanguage":"de","@id":"https:\/\/www.holstein.ch\/de\/#\/schema\/logo\/image\/","url":"https:\/\/www.holstein.ch\/wp-content\/uploads\/2023\/09\/holstein_switzerland_logo.png","contentUrl":"https:\/\/www.holstein.ch\/wp-content\/uploads\/2023\/09\/holstein_switzerland_logo.png","width":800,"height":621,"caption":"Holstein Switzerland"},"image":{"@id":"https:\/\/www.holstein.ch\/de\/#\/schema\/logo\/image\/"},"sameAs":["https:\/\/www.facebook.com\/HolSwi","https:\/\/www.youtube.com\/@holsteinswitzerland","https:\/\/www.instagram.com\/holstein_switzerland"]}]}},"_links":{"self":[{"href":"https:\/\/www.holstein.ch\/de\/wp-json\/wp\/v2\/pages\/9194","targetHints":{"allow":["GET"]}}],"collection":[{"href":"https:\/\/www.holstein.ch\/de\/wp-json\/wp\/v2\/pages"}],"about":[{"href":"https:\/\/www.holstein.ch\/de\/wp-json\/wp\/v2\/types\/page"}],"author":[{"embeddable":true,"href":"https:\/\/www.holstein.ch\/de\/wp-json\/wp\/v2\/users\/1"}],"replies":[{"embeddable":true,"href":"https:\/\/www.holstein.ch\/de\/wp-json\/wp\/v2\/comments?post=9194"}],"version-history":[{"count":6,"href":"https:\/\/www.holstein.ch\/de\/wp-json\/wp\/v2\/pages\/9194\/revisions"}],"predecessor-version":[{"id":22755,"href":"https:\/\/www.holstein.ch\/de\/wp-json\/wp\/v2\/pages\/9194\/revisions\/22755"}],"up":[{"embeddable":true,"href":"https:\/\/www.holstein.ch\/de\/wp-json\/wp\/v2\/pages\/11204"}],"wp:attachment":[{"href":"https:\/\/www.holstein.ch\/de\/wp-json\/wp\/v2\/media?parent=9194"}],"curies":[{"name":"wp","href":"https:\/\/api.w.org\/{rel}","templated":true}]}}