{"id":9204,"date":"2019-05-28T15:57:26","date_gmt":"2019-05-28T13:57:26","guid":{"rendered":"https:\/\/holstein.ch\/gesundheitsdaten\/"},"modified":"2024-03-13T11:37:49","modified_gmt":"2024-03-13T10:37:49","slug":"gesundheitsdaten","status":"publish","type":"page","link":"https:\/\/www.holstein.ch\/de\/unsere-leistungen\/gesundheitsdaten\/","title":{"rendered":"Gesundheitsdaten"},"content":{"rendered":"\n<p class=\"introduction\"><strong>Die Gesundheit der K\u00fche ist ein wichtiges Element f\u00fcr die Milchproduktion.<\/strong><\/p>\n\n<p>Die Gesundheit der K\u00fche ist ein wichtiges Element f\u00fcr die Milchproduktion. Einerseits verursachen gesunde K\u00fche weniger Kosten (Tierarzt und andere), und sie weisen eine bessere Produktion auf; mit gesunden K\u00fchen Milch zu produzieren ist andererseits auch von einem ethischen Standpunkt her gut und erm\u00f6glicht, den Antibiotikaeinsatz zu reduzieren.<\/p>\n\n<p>Die Verbesserung der Tiergesundheit erfordert ein gutes Herdenmanagement und die Selektion auf Gesundheitsmerkmalen. Die Grundlage dieser Elemente ist eine umfassende Erfassung der Krankheiten, die auf dem Betrieb diagnostiziert werden, und ihrer Behandlung. Holstein Switzerland hat ein Onlinesystem f\u00fcr die Gesundheitsdatenerfassung zusammen mit den anderen Zuchtverb\u00e4nden eingef\u00fchrt.<\/p>\n\n<h3 class=\"wp-block-heading\">Betriebsnetz &#8211; Gesundheitsdaten<\/h3>\n\n<p>Die Gesundheitsdaten sind f\u00fcr Holstein Switzerland sehr wertvoll, und dieser Wert soll entsprechend honoriert werden. Zus\u00e4tzlich zu den Zuchtbeitr\u00e4gen des BLW, die Holstein Switzerland an die Z\u00fcchter weitergibt, erhalten die Z\u00fcchter des Betriebsnetzes eine Entsch\u00e4digung f\u00fcr alle erfassten Daten zur Mastitis und zu Stoffwechselkrankheiten (Milchfieber, Ketose, Azidose usw.).<\/p>\n\n<p>Anmeldung und weitere Informationen : <a href=\"mailto:netw%6f%72k@%68ol%73tein%2ec%68\" rel=\"nofollow\">network@holstein.ch<\/a><\/p>\n\n<h2 class=\"wp-block-heading\" id=\"santepis\">Eutergesundheit<\/h2>\n\n<p>Die Eutergesundheit ist f\u00fcr die Milchproduktion \u00e4usserst wichtig. Zur Unterst\u00fctzung der Z\u00fcchterinnen und Z\u00fcchter beim t\u00e4glichen Management der Eutergesundheit hat Holstein Switzerland eine Entscheidungshilfe entwickelt, die auf der Zellzahl der drei letzten W\u00e4gungen, den Gesundheitsdaten im Behandlungsjournal und den verf\u00fcgbaren MID-Resultaten basiert.<\/p>\n\n<p>Diese Hilfe wird als \u2018Eutergesundheitsabonnement\u2019 angeboten. Es werden Massnahmen vorgeschlagen, um den systematischen Antibiotikaeinsatz zu verhindern, sowohl w\u00e4hrend der Produktionsphase als auch w\u00e4hrend der Galtzeit. Falls Antibiotika doch eingesetzt werden m\u00fcssen, wird Ihnen vorher eine Analyse der Erreger in der Milch vorgeschlagen. So kann in Absprache mit Ihrem Tierarzt ein spezifisches Antibiotikum eingesetzt werden statt eines Breitbandantibiotikums. Das Bestellformular f\u00fcr die MID-Analyse von Suisselab ist direkt auf der Eutergesundheits-Seite verf\u00fcgbar.<\/p>\n\n<h3 class=\"wp-block-heading\">Mastitis-Identifikation MID<\/h3>\n\n<p>Die MID-Analyse von <a href=\"https:\/\/www.suisselab.ch\/fr\/dienstleistungen\/test-didentification-des-mammites-mid\/\" target=\"_blank\" rel=\"noreferrer noopener\">Suisselab AG<\/a> erm\u00f6glicht die Identifikation und Quantifizierung der 16 wichtigsten Erreger oder Erregergruppen der Mastitis sowie des \u03b2-lactamase-Gens, das eine Penicillin-Resistenz verursacht.<\/p>\n\n<style>.elementor-widget-ae-acf span, .elementor-widget-ae-acf a  {\ncolor:inherit;\n}\n<\/style>\n","protected":false},"excerpt":{"rendered":"<p>Die Gesundheit der K\u00fche ist ein wichtiges Element f\u00fcr die Milchproduktion. Die Gesundheit der K\u00fche ist ein wichtiges Element f\u00fcr die Milchproduktion. Einerseits verursachen gesunde K\u00fche weniger Kosten (Tierarzt und andere), und sie weisen eine bessere Produktion auf; mit gesunden K\u00fchen Milch zu produzieren ist andererseits auch von einem ethischen Standpunkt her gut und erm\u00f6glicht, [&hellip;]<\/p>\n","protected":false},"author":1,"featured_media":25878,"parent":11204,"menu_order":0,"comment_status":"closed","ping_status":"closed","template":"","meta":{"_acf_changed":false,"_monsterinsights_skip_tracking":false,"_monsterinsights_sitenote_active":false,"_monsterinsights_sitenote_note":"","_monsterinsights_sitenote_category":0,"footnotes":""},"class_list":["post-9204","page","type-page","status-publish","has-post-thumbnail","hentry"],"acf":[],"yoast_head":"<!-- This site is optimized with the Yoast SEO plugin v26.9 - https:\/\/yoast.com\/product\/yoast-seo-wordpress\/ -->\n<title>Gesundheitsdaten - Holstein Switzerland<\/title>\n<meta name=\"robots\" content=\"index, follow, max-snippet:-1, max-image-preview:large, max-video-preview:-1\" \/>\n<link rel=\"canonical\" href=\"https:\/\/www.holstein.ch\/de\/unsere-leistungen\/gesundheitsdaten\/\" \/>\n<meta property=\"og:locale\" content=\"de_DE\" \/>\n<meta property=\"og:type\" content=\"article\" \/>\n<meta property=\"og:title\" content=\"Gesundheitsdaten - Holstein Switzerland\" \/>\n<meta property=\"og:description\" content=\"Die Gesundheit der K\u00fche ist ein wichtiges Element f\u00fcr die Milchproduktion. Die Gesundheit der K\u00fche ist ein wichtiges Element f\u00fcr die Milchproduktion. Einerseits verursachen gesunde K\u00fche weniger Kosten (Tierarzt und andere), und sie weisen eine bessere Produktion auf; mit gesunden K\u00fchen Milch zu produzieren ist andererseits auch von einem ethischen Standpunkt her gut und erm\u00f6glicht, [&hellip;]\" \/>\n<meta property=\"og:url\" content=\"https:\/\/www.holstein.ch\/de\/unsere-leistungen\/gesundheitsdaten\/\" \/>\n<meta property=\"og:site_name\" content=\"Holstein Switzerland\" \/>\n<meta property=\"article:publisher\" content=\"https:\/\/www.facebook.com\/HolSwi\" \/>\n<meta property=\"article:modified_time\" content=\"2024-03-13T10:37:49+00:00\" \/>\n<meta property=\"og:image\" content=\"https:\/\/www.holstein.ch\/wp-content\/uploads\/2023\/10\/donnees-sante.jpg\" \/>\n\t<meta property=\"og:image:width\" content=\"800\" \/>\n\t<meta property=\"og:image:height\" content=\"533\" \/>\n\t<meta property=\"og:image:type\" content=\"image\/jpeg\" \/>\n<meta name=\"twitter:card\" content=\"summary_large_image\" \/>\n<meta name=\"twitter:label1\" content=\"Gesch\u00e4tzte Lesezeit\" \/>\n\t<meta name=\"twitter:data1\" content=\"2\u00a0Minuten\" \/>\n<script type=\"application\/ld+json\" class=\"yoast-schema-graph\">{\"@context\":\"https:\/\/schema.org\",\"@graph\":[{\"@type\":\"WebPage\",\"@id\":\"https:\/\/www.holstein.ch\/de\/unsere-leistungen\/gesundheitsdaten\/\",\"url\":\"https:\/\/www.holstein.ch\/de\/unsere-leistungen\/gesundheitsdaten\/\",\"name\":\"Gesundheitsdaten - Holstein Switzerland\",\"isPartOf\":{\"@id\":\"https:\/\/www.holstein.ch\/de\/#website\"},\"primaryImageOfPage\":{\"@id\":\"https:\/\/www.holstein.ch\/de\/unsere-leistungen\/gesundheitsdaten\/#primaryimage\"},\"image\":{\"@id\":\"https:\/\/www.holstein.ch\/de\/unsere-leistungen\/gesundheitsdaten\/#primaryimage\"},\"thumbnailUrl\":\"https:\/\/www.holstein.ch\/wp-content\/uploads\/2023\/10\/donnees-sante.jpg\",\"datePublished\":\"2019-05-28T13:57:26+00:00\",\"dateModified\":\"2024-03-13T10:37:49+00:00\",\"breadcrumb\":{\"@id\":\"https:\/\/www.holstein.ch\/de\/unsere-leistungen\/gesundheitsdaten\/#breadcrumb\"},\"inLanguage\":\"de\",\"potentialAction\":[{\"@type\":\"ReadAction\",\"target\":[\"https:\/\/www.holstein.ch\/de\/unsere-leistungen\/gesundheitsdaten\/\"]}]},{\"@type\":\"ImageObject\",\"inLanguage\":\"de\",\"@id\":\"https:\/\/www.holstein.ch\/de\/unsere-leistungen\/gesundheitsdaten\/#primaryimage\",\"url\":\"https:\/\/www.holstein.ch\/wp-content\/uploads\/2023\/10\/donnees-sante.jpg\",\"contentUrl\":\"https:\/\/www.holstein.ch\/wp-content\/uploads\/2023\/10\/donnees-sante.jpg\",\"width\":800,\"height\":533,\"caption\":\"Donn\u00e9es de sant\u00e9\"},{\"@type\":\"BreadcrumbList\",\"@id\":\"https:\/\/www.holstein.ch\/de\/unsere-leistungen\/gesundheitsdaten\/#breadcrumb\",\"itemListElement\":[{\"@type\":\"ListItem\",\"position\":1,\"name\":\"Unsere Leistungen\",\"item\":\"https:\/\/www.holstein.ch\/de\/unsere-leistungen\/\"},{\"@type\":\"ListItem\",\"position\":2,\"name\":\"Gesundheitsdaten\"}]},{\"@type\":\"WebSite\",\"@id\":\"https:\/\/www.holstein.ch\/de\/#website\",\"url\":\"https:\/\/www.holstein.ch\/de\/\",\"name\":\"Holstein Switzerland\",\"description\":\"Holstein Switzerland\",\"publisher\":{\"@id\":\"https:\/\/www.holstein.ch\/de\/#organization\"},\"potentialAction\":[{\"@type\":\"SearchAction\",\"target\":{\"@type\":\"EntryPoint\",\"urlTemplate\":\"https:\/\/www.holstein.ch\/de\/?s={search_term_string}\"},\"query-input\":{\"@type\":\"PropertyValueSpecification\",\"valueRequired\":true,\"valueName\":\"search_term_string\"}}],\"inLanguage\":\"de\"},{\"@type\":\"Organization\",\"@id\":\"https:\/\/www.holstein.ch\/de\/#organization\",\"name\":\"Holstein Switzerland\",\"url\":\"https:\/\/www.holstein.ch\/de\/\",\"logo\":{\"@type\":\"ImageObject\",\"inLanguage\":\"de\",\"@id\":\"https:\/\/www.holstein.ch\/de\/#\/schema\/logo\/image\/\",\"url\":\"https:\/\/www.holstein.ch\/wp-content\/uploads\/2023\/09\/holstein_switzerland_logo.png\",\"contentUrl\":\"https:\/\/www.holstein.ch\/wp-content\/uploads\/2023\/09\/holstein_switzerland_logo.png\",\"width\":800,\"height\":621,\"caption\":\"Holstein Switzerland\"},\"image\":{\"@id\":\"https:\/\/www.holstein.ch\/de\/#\/schema\/logo\/image\/\"},\"sameAs\":[\"https:\/\/www.facebook.com\/HolSwi\",\"https:\/\/www.youtube.com\/@holsteinswitzerland\",\"https:\/\/www.instagram.com\/holstein_switzerland\"]}]}<\/script>\n<!-- \/ Yoast SEO plugin. -->","yoast_head_json":{"title":"Gesundheitsdaten - Holstein Switzerland","robots":{"index":"index","follow":"follow","max-snippet":"max-snippet:-1","max-image-preview":"max-image-preview:large","max-video-preview":"max-video-preview:-1"},"canonical":"https:\/\/www.holstein.ch\/de\/unsere-leistungen\/gesundheitsdaten\/","og_locale":"de_DE","og_type":"article","og_title":"Gesundheitsdaten - Holstein Switzerland","og_description":"Die Gesundheit der K\u00fche ist ein wichtiges Element f\u00fcr die Milchproduktion. Die Gesundheit der K\u00fche ist ein wichtiges Element f\u00fcr die Milchproduktion. Einerseits verursachen gesunde K\u00fche weniger Kosten (Tierarzt und andere), und sie weisen eine bessere Produktion auf; mit gesunden K\u00fchen Milch zu produzieren ist andererseits auch von einem ethischen Standpunkt her gut und erm\u00f6glicht, [&hellip;]","og_url":"https:\/\/www.holstein.ch\/de\/unsere-leistungen\/gesundheitsdaten\/","og_site_name":"Holstein Switzerland","article_publisher":"https:\/\/www.facebook.com\/HolSwi","article_modified_time":"2024-03-13T10:37:49+00:00","og_image":[{"width":800,"height":533,"url":"https:\/\/www.holstein.ch\/wp-content\/uploads\/2023\/10\/donnees-sante.jpg","type":"image\/jpeg"}],"twitter_card":"summary_large_image","twitter_misc":{"Gesch\u00e4tzte Lesezeit":"2\u00a0Minuten"},"schema":{"@context":"https:\/\/schema.org","@graph":[{"@type":"WebPage","@id":"https:\/\/www.holstein.ch\/de\/unsere-leistungen\/gesundheitsdaten\/","url":"https:\/\/www.holstein.ch\/de\/unsere-leistungen\/gesundheitsdaten\/","name":"Gesundheitsdaten - Holstein Switzerland","isPartOf":{"@id":"https:\/\/www.holstein.ch\/de\/#website"},"primaryImageOfPage":{"@id":"https:\/\/www.holstein.ch\/de\/unsere-leistungen\/gesundheitsdaten\/#primaryimage"},"image":{"@id":"https:\/\/www.holstein.ch\/de\/unsere-leistungen\/gesundheitsdaten\/#primaryimage"},"thumbnailUrl":"https:\/\/www.holstein.ch\/wp-content\/uploads\/2023\/10\/donnees-sante.jpg","datePublished":"2019-05-28T13:57:26+00:00","dateModified":"2024-03-13T10:37:49+00:00","breadcrumb":{"@id":"https:\/\/www.holstein.ch\/de\/unsere-leistungen\/gesundheitsdaten\/#breadcrumb"},"inLanguage":"de","potentialAction":[{"@type":"ReadAction","target":["https:\/\/www.holstein.ch\/de\/unsere-leistungen\/gesundheitsdaten\/"]}]},{"@type":"ImageObject","inLanguage":"de","@id":"https:\/\/www.holstein.ch\/de\/unsere-leistungen\/gesundheitsdaten\/#primaryimage","url":"https:\/\/www.holstein.ch\/wp-content\/uploads\/2023\/10\/donnees-sante.jpg","contentUrl":"https:\/\/www.holstein.ch\/wp-content\/uploads\/2023\/10\/donnees-sante.jpg","width":800,"height":533,"caption":"Donn\u00e9es de sant\u00e9"},{"@type":"BreadcrumbList","@id":"https:\/\/www.holstein.ch\/de\/unsere-leistungen\/gesundheitsdaten\/#breadcrumb","itemListElement":[{"@type":"ListItem","position":1,"name":"Unsere Leistungen","item":"https:\/\/www.holstein.ch\/de\/unsere-leistungen\/"},{"@type":"ListItem","position":2,"name":"Gesundheitsdaten"}]},{"@type":"WebSite","@id":"https:\/\/www.holstein.ch\/de\/#website","url":"https:\/\/www.holstein.ch\/de\/","name":"Holstein Switzerland","description":"Holstein Switzerland","publisher":{"@id":"https:\/\/www.holstein.ch\/de\/#organization"},"potentialAction":[{"@type":"SearchAction","target":{"@type":"EntryPoint","urlTemplate":"https:\/\/www.holstein.ch\/de\/?s={search_term_string}"},"query-input":{"@type":"PropertyValueSpecification","valueRequired":true,"valueName":"search_term_string"}}],"inLanguage":"de"},{"@type":"Organization","@id":"https:\/\/www.holstein.ch\/de\/#organization","name":"Holstein Switzerland","url":"https:\/\/www.holstein.ch\/de\/","logo":{"@type":"ImageObject","inLanguage":"de","@id":"https:\/\/www.holstein.ch\/de\/#\/schema\/logo\/image\/","url":"https:\/\/www.holstein.ch\/wp-content\/uploads\/2023\/09\/holstein_switzerland_logo.png","contentUrl":"https:\/\/www.holstein.ch\/wp-content\/uploads\/2023\/09\/holstein_switzerland_logo.png","width":800,"height":621,"caption":"Holstein Switzerland"},"image":{"@id":"https:\/\/www.holstein.ch\/de\/#\/schema\/logo\/image\/"},"sameAs":["https:\/\/www.facebook.com\/HolSwi","https:\/\/www.youtube.com\/@holsteinswitzerland","https:\/\/www.instagram.com\/holstein_switzerland"]}]}},"_links":{"self":[{"href":"https:\/\/www.holstein.ch\/de\/wp-json\/wp\/v2\/pages\/9204","targetHints":{"allow":["GET"]}}],"collection":[{"href":"https:\/\/www.holstein.ch\/de\/wp-json\/wp\/v2\/pages"}],"about":[{"href":"https:\/\/www.holstein.ch\/de\/wp-json\/wp\/v2\/types\/page"}],"author":[{"embeddable":true,"href":"https:\/\/www.holstein.ch\/de\/wp-json\/wp\/v2\/users\/1"}],"replies":[{"embeddable":true,"href":"https:\/\/www.holstein.ch\/de\/wp-json\/wp\/v2\/comments?post=9204"}],"version-history":[{"count":14,"href":"https:\/\/www.holstein.ch\/de\/wp-json\/wp\/v2\/pages\/9204\/revisions"}],"predecessor-version":[{"id":31534,"href":"https:\/\/www.holstein.ch\/de\/wp-json\/wp\/v2\/pages\/9204\/revisions\/31534"}],"up":[{"embeddable":true,"href":"https:\/\/www.holstein.ch\/de\/wp-json\/wp\/v2\/pages\/11204"}],"wp:featuredmedia":[{"embeddable":true,"href":"https:\/\/www.holstein.ch\/de\/wp-json\/wp\/v2\/media\/25878"}],"wp:attachment":[{"href":"https:\/\/www.holstein.ch\/de\/wp-json\/wp\/v2\/media?parent=9204"}],"curies":[{"name":"wp","href":"https:\/\/api.w.org\/{rel}","templated":true}]}}