{"id":11999,"date":"2019-07-10T13:20:56","date_gmt":"2019-07-10T11:20:56","guid":{"rendered":"https:\/\/www.holstein.ch\/?page_id=11999"},"modified":"2026-04-27T08:55:21","modified_gmt":"2026-04-27T06:55:21","slug":"listes-des-juges-et-organisations-cantonales","status":"publish","type":"page","link":"https:\/\/www.holstein.ch\/fr\/listes-des-juges-et-organisations-cantonales\/","title":{"rendered":"Listes des juges et organisations cantonales"},"content":{"rendered":"\n\n\n\n\n<hr style=\"border-bottom: 1px solid #0098B0; margin-top: 30px;\"\/>\n\n\n\n<p style=\"font-size:18px; text-transform:uppercase; font-weight: 600; margin:0px; \">Liste des juges Holstein <\/p> <p style=\"font-style:italic; margin:0px; \">agr\u00e9\u00e9s par les Coop\u00e9ratives HOS et SHB, \u00e9tat au 25.02.2026<\/p>\n\n\n\n<div class=\"wp-block-buttons is-content-justification-left is-layout-flex wp-container-core-buttons-is-layout-fc4fd283 wp-block-buttons-is-layout-flex\">\n<div class=\"wp-block-button\"><a class=\"wp-block-button__link wp-element-button\" href=\"\/wp-content\/uploads\/2023\/10\/2026-04-08_Richterliste_liste_des_juges_HOS_SHB.pdf\" target=\"_blank\" rel=\"noreferrer noopener\">T\u00e9l\u00e9charger la liste<\/a><\/div>\n<\/div>\n\n\n\n<hr style=\"border-bottom: 1px solid #0098B0; margin-top: 30px;\"\/>\n\n\n\n<p style=\"font-size:18px;  text-transform:uppercase; font-weight: 600; margin:0px; \">Liste des syndicats et des associations d\u2019\u00e9leveurs, et leur pr\u00e9sidents<\/p> <p style=\"font-style:italic; margin:0px; \">\u00e9tat au 01.04.2026<\/p>\n\n\n\n<div class=\"wp-block-buttons is-content-justification-left is-layout-flex wp-container-core-buttons-is-layout-fc4fd283 wp-block-buttons-is-layout-flex\">\n<div class=\"wp-block-button\"><a class=\"wp-block-button__link wp-element-button\" href=\"https:\/\/www.holstein.ch\/wp-content\/uploads\/2023\/10\/Liste-des-syndicats-eleveurs-et-presidents_2026_3.pdf\" target=\"_blank\" rel=\"noreferrer noopener\">T\u00e9l\u00e9charger la liste<\/a><\/div>\n<\/div>\n\n\n\n<hr style=\"border-bottom: 1px solid #0098B0; margin-top: 30px;\"\/>\n\n\n\n<p style=\"font-size:18px; text-transform:uppercase; font-weight: 600;margin:0px; \">Liste des f\u00e9d\u00e9rations cantonales<\/p> <p style=\"font-style:italic; margin:0px; \"> \u00e9tat 03.03.2026<\/p>\n\n\n\n<div class=\"wp-block-buttons is-layout-flex wp-block-buttons-is-layout-flex\">\n<div class=\"wp-block-button\"><a class=\"wp-block-button__link wp-element-button\" href=\"\/wp-content\/uploads\/Liste-des-federations-cantonales-2026.pdf\" target=\"_blank\" rel=\"noreferrer noopener\">T\u00e9l\u00e9charger la liste<\/a><\/div>\n<\/div>\n\n\n\n<figure class=\"wp-block-table\"><table><tbody><tr><td><strong>Canton<\/strong><\/td><td><strong>F\u00e9d\u00e9ration<\/strong><\/td><td><strong>P. = pr\u00e9sident<br>S. = secr\u00e9taire<\/strong><\/td><td><strong>e-mail<\/strong><\/td><td><strong>T\u00e9l\u00e9phone<\/strong><\/td><\/tr><tr><td>AG<\/td><td>Holstein Aargau<\/td><td>P. ENDER Thomas, H\u00f6llstrasse 7, 5625 Kallern<br>S. SANER Rainer, Schurfleweg 17, 5413 Birmenstorf<\/td><td>thomas.ender@bluewin.ch<br>rainersaner@bluewin.ch<\/td><td>079 431 85 10<br>079 209 62 40<\/td><\/tr><tr><td>BE<\/td><td>Holstein Bern<\/td><td>P. ZUTTER Andreas, Althaus Steinhausstr. 11, 3150 Schwarzenburg<br>S. LEHMANN Ramona, L\u00e4tthubel 31, 3532 Mirchel<\/td><td>andreaszutter64@hotmail.com<br>lehmannur@gmx.ch<\/td><td>079 358 11 88<br>079 750 05 72<\/td><\/tr><tr><td>BL<\/td><td>Holsteinzuchtverband<br>Baselland<\/td><td>P. ODERMATT Armin, Vorderer Rohrberg, 4253 Liesberg<br>S. WISLER Sonja, Hof Breiten, 4435 Niederdorf<\/td><td>rohrberg.holstein@bluewin.ch<br>hofbreiten@gmail.com<\/td><td>032 422 08 72<br>061 961 01 97<br>079 224 16 29<\/td><\/tr><tr><td>FR<\/td><td>Holstein Fribourg<\/td><td>P. CARDINAUX Beno\u00eet, Ch. de la Bioleyre 1, 1669 Bouloz<br>S. CONUS Justine, Rte de Grangeneuve 31, 1725 Posieux<\/td><td>cardinaux.benoit.evelyne@bluewin.ch<br>justine.conus@fr.ch<\/td><td>079 541 29 19<br><br>026 305 55 67<br>079 663 17 83<\/td><\/tr><tr><td>JU<\/td><td>F\u00e9d\u00e9ration jurassienne<br>de la race Holstein<\/td><td>P. CH\u00c9TELAT Patrick, Chemin de la Tu\u00e8re 2, 2823 Courcelon<br>S. LIMACHER Christine, Rue Fattet 191, 2944 Bonfol<\/td><td><br>pchetelat@yahoo.fr<br>christine.henz@live.fr<\/td><td>079 606 96 67<br>079 753 36 44<\/td><\/tr><tr><td>LU\/OW\/<br>NW\/SZ\/ZG<\/td><td>Zentralschweizerischer<br>Holsteinzuchtverband<\/td><td>P. BAMERT Anton, Kr\u00e4hnest 4, 8856 Tuggen<br>S. BUDMIGER Ursula, Allmendhof, 6210 Sursee<\/td><td>bamert-birchler@bluewin.ch<br>ursula.budmiger@gmail.ch<\/td><td>079 601 72 71<br>079 416 73 01<\/td><\/tr><tr><td>NE<\/td><td>F\u00e9d\u00e9ration<br>neuch\u00e2teloise de la<br>race Holstein<\/td><td>P. REY Jacques, La Ronde, 2126 Les Verri\u00e8res<br>S. ROHRBACH Fran\u00e7ois, Le Valanvron 25, 2300 La Chaux\/Fonds<\/td><td>j.rey@swiss-expo.com<br>francoisrohrbach967@gmail.com<\/td><td>079 757 85 45<br>079 429 34 35<\/td><\/tr><tr><td>SO<\/td><td>Solothurnischer<br>Holsteinzuchtverband<\/td><td>P. WALKER Christian, Witiweg 1, 2544 Bettlach<br>S. ENDER Manuel, Passwangstrasse 28, 4227 B\u00fcsserach<\/td><td>chruesch.walker@gmail.com<br>ender.manuel@hotmail.com<\/td><td>078 829 40 70<br>079 842 74 70<\/td><\/tr><tr><td>VD\/GE\/VS<\/td><td>Holstein Vaud-Valais-Gen\u00e8ve<\/td><td>P. HENCHOZ Pascal, Ferme des Mollanges, 1417 Essertines-s-Yverdon<br>S. JOTTERAND S\u00e9verine, Vy de Ballens 29, 1145 Bi\u00e8re<\/td><td>mollanges.henchoz@gmail.com<br>dph@mail.ch<br><\/td><td>079 777 19 20<br>079 668 71 93<\/td><\/tr><tr><td>SG\/SH\/<br>TG\/ZH<\/td><td>Ostschweizer<br>Holsteinzuchtverband<\/td><td>P. WIEDERKEHR Simon, Buechholz, 9123 Nassen<br>S. MEESE Susanne, Strickhof, Eschikon 21, 8315 Lindau<\/td><td>simon.corina.wiederkehr@bluewin.ch<br>susanne.meese@strickhof.ch<\/td><td>079 439 97 02<br>058 105 83 45<\/td><\/tr><\/tbody><\/table><\/figure>\n\n\n\n<p><\/p>\n","protected":false},"excerpt":{"rendered":"<p>Liste des juges Holstein agr\u00e9\u00e9s par les Coop\u00e9ratives HOS et SHB, \u00e9tat au 25.02.2026 Liste des syndicats et des associations d\u2019\u00e9leveurs, et leur pr\u00e9sidents \u00e9tat au 01.04.2026 Liste des f\u00e9d\u00e9rations cantonales \u00e9tat 03.03.2026 Canton F\u00e9d\u00e9ration P. = pr\u00e9sidentS. = secr\u00e9taire e-mail T\u00e9l\u00e9phone AG Holstein Aargau P. ENDER Thomas, H\u00f6llstrasse 7, 5625 KallernS. SANER Rainer, Schurfleweg [&hellip;]<\/p>\n","protected":false},"author":1,"featured_media":0,"parent":0,"menu_order":0,"comment_status":"closed","ping_status":"closed","template":"","meta":{"_acf_changed":false,"_monsterinsights_skip_tracking":false,"_monsterinsights_sitenote_active":false,"_monsterinsights_sitenote_note":"","_monsterinsights_sitenote_category":0,"footnotes":""},"class_list":["post-11999","page","type-page","status-publish","hentry"],"acf":[],"yoast_head":"<!-- This site is optimized with the Yoast SEO plugin v26.9 - https:\/\/yoast.com\/product\/yoast-seo-wordpress\/ -->\n<title>Listes des juges et organisations cantonales - Holstein Switzerland<\/title>\n<meta name=\"robots\" content=\"index, follow, max-snippet:-1, max-image-preview:large, max-video-preview:-1\" \/>\n<link rel=\"canonical\" href=\"https:\/\/www.holstein.ch\/fr\/listes-des-juges-et-organisations-cantonales\/\" \/>\n<meta property=\"og:locale\" content=\"fr_FR\" \/>\n<meta property=\"og:type\" content=\"article\" \/>\n<meta property=\"og:title\" content=\"Listes des juges et organisations cantonales - Holstein Switzerland\" \/>\n<meta property=\"og:description\" content=\"Liste des juges Holstein agr\u00e9\u00e9s par les Coop\u00e9ratives HOS et SHB, \u00e9tat au 25.02.2026 Liste des syndicats et des associations d\u2019\u00e9leveurs, et leur pr\u00e9sidents \u00e9tat au 01.04.2026 Liste des f\u00e9d\u00e9rations cantonales \u00e9tat 03.03.2026 Canton F\u00e9d\u00e9ration P. = pr\u00e9sidentS. = secr\u00e9taire e-mail T\u00e9l\u00e9phone AG Holstein Aargau P. ENDER Thomas, H\u00f6llstrasse 7, 5625 KallernS. SANER Rainer, Schurfleweg [&hellip;]\" \/>\n<meta property=\"og:url\" content=\"https:\/\/www.holstein.ch\/fr\/listes-des-juges-et-organisations-cantonales\/\" \/>\n<meta property=\"og:site_name\" content=\"Holstein Switzerland\" \/>\n<meta property=\"article:publisher\" content=\"https:\/\/www.facebook.com\/HolSwi\" \/>\n<meta property=\"article:modified_time\" content=\"2026-04-27T06:55:21+00:00\" \/>\n<meta name=\"twitter:card\" content=\"summary_large_image\" \/>\n<meta name=\"twitter:label1\" content=\"Dur\u00e9e de lecture estim\u00e9e\" \/>\n\t<meta name=\"twitter:data1\" content=\"2 minutes\" \/>\n<script type=\"application\/ld+json\" class=\"yoast-schema-graph\">{\"@context\":\"https:\/\/schema.org\",\"@graph\":[{\"@type\":\"WebPage\",\"@id\":\"https:\/\/www.holstein.ch\/fr\/listes-des-juges-et-organisations-cantonales\/\",\"url\":\"https:\/\/www.holstein.ch\/fr\/listes-des-juges-et-organisations-cantonales\/\",\"name\":\"Listes des juges et organisations cantonales - Holstein Switzerland\",\"isPartOf\":{\"@id\":\"https:\/\/www.holstein.ch\/fr\/#website\"},\"datePublished\":\"2019-07-10T11:20:56+00:00\",\"dateModified\":\"2026-04-27T06:55:21+00:00\",\"inLanguage\":\"fr-FR\",\"potentialAction\":[{\"@type\":\"ReadAction\",\"target\":[\"https:\/\/www.holstein.ch\/fr\/listes-des-juges-et-organisations-cantonales\/\"]}]},{\"@type\":\"WebSite\",\"@id\":\"https:\/\/www.holstein.ch\/fr\/#website\",\"url\":\"https:\/\/www.holstein.ch\/fr\/\",\"name\":\"Holstein Switzerland\",\"description\":\"Holstein Switzerland\",\"publisher\":{\"@id\":\"https:\/\/www.holstein.ch\/fr\/#organization\"},\"potentialAction\":[{\"@type\":\"SearchAction\",\"target\":{\"@type\":\"EntryPoint\",\"urlTemplate\":\"https:\/\/www.holstein.ch\/fr\/?s={search_term_string}\"},\"query-input\":{\"@type\":\"PropertyValueSpecification\",\"valueRequired\":true,\"valueName\":\"search_term_string\"}}],\"inLanguage\":\"fr-FR\"},{\"@type\":\"Organization\",\"@id\":\"https:\/\/www.holstein.ch\/fr\/#organization\",\"name\":\"Holstein Switzerland\",\"url\":\"https:\/\/www.holstein.ch\/fr\/\",\"logo\":{\"@type\":\"ImageObject\",\"inLanguage\":\"fr-FR\",\"@id\":\"https:\/\/www.holstein.ch\/fr\/#\/schema\/logo\/image\/\",\"url\":\"https:\/\/www.holstein.ch\/wp-content\/uploads\/2023\/09\/holstein_switzerland_logo.png\",\"contentUrl\":\"https:\/\/www.holstein.ch\/wp-content\/uploads\/2023\/09\/holstein_switzerland_logo.png\",\"width\":800,\"height\":621,\"caption\":\"Holstein Switzerland\"},\"image\":{\"@id\":\"https:\/\/www.holstein.ch\/fr\/#\/schema\/logo\/image\/\"},\"sameAs\":[\"https:\/\/www.facebook.com\/HolSwi\",\"https:\/\/www.youtube.com\/@holsteinswitzerland\",\"https:\/\/www.instagram.com\/holstein_switzerland\"]}]}<\/script>\n<!-- \/ Yoast SEO plugin. -->","yoast_head_json":{"title":"Listes des juges et organisations cantonales - Holstein Switzerland","robots":{"index":"index","follow":"follow","max-snippet":"max-snippet:-1","max-image-preview":"max-image-preview:large","max-video-preview":"max-video-preview:-1"},"canonical":"https:\/\/www.holstein.ch\/fr\/listes-des-juges-et-organisations-cantonales\/","og_locale":"fr_FR","og_type":"article","og_title":"Listes des juges et organisations cantonales - Holstein Switzerland","og_description":"Liste des juges Holstein agr\u00e9\u00e9s par les Coop\u00e9ratives HOS et SHB, \u00e9tat au 25.02.2026 Liste des syndicats et des associations d\u2019\u00e9leveurs, et leur pr\u00e9sidents \u00e9tat au 01.04.2026 Liste des f\u00e9d\u00e9rations cantonales \u00e9tat 03.03.2026 Canton F\u00e9d\u00e9ration P. = pr\u00e9sidentS. = secr\u00e9taire e-mail T\u00e9l\u00e9phone AG Holstein Aargau P. ENDER Thomas, H\u00f6llstrasse 7, 5625 KallernS. SANER Rainer, Schurfleweg [&hellip;]","og_url":"https:\/\/www.holstein.ch\/fr\/listes-des-juges-et-organisations-cantonales\/","og_site_name":"Holstein Switzerland","article_publisher":"https:\/\/www.facebook.com\/HolSwi","article_modified_time":"2026-04-27T06:55:21+00:00","twitter_card":"summary_large_image","twitter_misc":{"Dur\u00e9e de lecture estim\u00e9e":"2 minutes"},"schema":{"@context":"https:\/\/schema.org","@graph":[{"@type":"WebPage","@id":"https:\/\/www.holstein.ch\/fr\/listes-des-juges-et-organisations-cantonales\/","url":"https:\/\/www.holstein.ch\/fr\/listes-des-juges-et-organisations-cantonales\/","name":"Listes des juges et organisations cantonales - Holstein Switzerland","isPartOf":{"@id":"https:\/\/www.holstein.ch\/fr\/#website"},"datePublished":"2019-07-10T11:20:56+00:00","dateModified":"2026-04-27T06:55:21+00:00","inLanguage":"fr-FR","potentialAction":[{"@type":"ReadAction","target":["https:\/\/www.holstein.ch\/fr\/listes-des-juges-et-organisations-cantonales\/"]}]},{"@type":"WebSite","@id":"https:\/\/www.holstein.ch\/fr\/#website","url":"https:\/\/www.holstein.ch\/fr\/","name":"Holstein Switzerland","description":"Holstein Switzerland","publisher":{"@id":"https:\/\/www.holstein.ch\/fr\/#organization"},"potentialAction":[{"@type":"SearchAction","target":{"@type":"EntryPoint","urlTemplate":"https:\/\/www.holstein.ch\/fr\/?s={search_term_string}"},"query-input":{"@type":"PropertyValueSpecification","valueRequired":true,"valueName":"search_term_string"}}],"inLanguage":"fr-FR"},{"@type":"Organization","@id":"https:\/\/www.holstein.ch\/fr\/#organization","name":"Holstein Switzerland","url":"https:\/\/www.holstein.ch\/fr\/","logo":{"@type":"ImageObject","inLanguage":"fr-FR","@id":"https:\/\/www.holstein.ch\/fr\/#\/schema\/logo\/image\/","url":"https:\/\/www.holstein.ch\/wp-content\/uploads\/2023\/09\/holstein_switzerland_logo.png","contentUrl":"https:\/\/www.holstein.ch\/wp-content\/uploads\/2023\/09\/holstein_switzerland_logo.png","width":800,"height":621,"caption":"Holstein Switzerland"},"image":{"@id":"https:\/\/www.holstein.ch\/fr\/#\/schema\/logo\/image\/"},"sameAs":["https:\/\/www.facebook.com\/HolSwi","https:\/\/www.youtube.com\/@holsteinswitzerland","https:\/\/www.instagram.com\/holstein_switzerland"]}]}},"_links":{"self":[{"href":"https:\/\/www.holstein.ch\/fr\/wp-json\/wp\/v2\/pages\/11999","targetHints":{"allow":["GET"]}}],"collection":[{"href":"https:\/\/www.holstein.ch\/fr\/wp-json\/wp\/v2\/pages"}],"about":[{"href":"https:\/\/www.holstein.ch\/fr\/wp-json\/wp\/v2\/types\/page"}],"author":[{"embeddable":true,"href":"https:\/\/www.holstein.ch\/fr\/wp-json\/wp\/v2\/users\/1"}],"replies":[{"embeddable":true,"href":"https:\/\/www.holstein.ch\/fr\/wp-json\/wp\/v2\/comments?post=11999"}],"version-history":[{"count":55,"href":"https:\/\/www.holstein.ch\/fr\/wp-json\/wp\/v2\/pages\/11999\/revisions"}],"predecessor-version":[{"id":36553,"href":"https:\/\/www.holstein.ch\/fr\/wp-json\/wp\/v2\/pages\/11999\/revisions\/36553"}],"wp:attachment":[{"href":"https:\/\/www.holstein.ch\/fr\/wp-json\/wp\/v2\/media?parent=11999"}],"curies":[{"name":"wp","href":"https:\/\/api.w.org\/{rel}","templated":true}]}}