{"id":15790,"date":"2020-11-17T10:52:23","date_gmt":"2020-11-17T09:52:23","guid":{"rendered":"https:\/\/www.holstein.ch\/?page_id=15790"},"modified":"2025-12-03T11:00:00","modified_gmt":"2025-12-03T10:00:00","slug":"tarifs-holstein","status":"publish","type":"page","link":"https:\/\/www.holstein.ch\/fr\/nos-prestations\/tarifs-holstein\/","title":{"rendered":"Tarifs"},"content":{"rendered":"\n<p><strong>D\u00e9couvrez les tarifs de nos prestations<\/strong><\/p>\n\n\n\n<p>Les membres de Holstein Switzerland b\u00e9n\u00e9ficient des prestations <strong>gratuites<\/strong> suivantes:<\/p>\n\n\n\n<ul class=\"wp-block-list\">\n<li>Enregistrement des IA et saillies<\/li>\n\n\n\n<li>Reprise du troupeau entier d\u2019un autre herdbook suisse<\/li>\n\n\n\n<li>\u00c9tablissement d\u2019un certificat zootechnique<\/li>\n\n\n\n<li>Registre des ins\u00e9minations et des saillies<\/li>\n\n\n\n<li>Liste du b\u00e9tail (liste d\u2019ins\u00e9minations)<\/li>\n\n\n\n<li>Attestation d\u2019ins\u00e9mination \/ de saillie<\/li>\n\n\n\n<li>Enregistrement d\u2019un pr\u00e9fixe d\u2019\u00e9levage<\/li>\n\n\n\n<li>Fertalys, re-tester<\/li>\n<\/ul>\n\n\n\n<p><em>Tarifs valables pour les membres de Holstein Switzerland<\/em><br><em>d\u00e8s le 1er janvier 2026, TVA 8.1% non comprise<\/em><\/p>\n\n\n\n<details class=\"wp-block-details is-layout-flow wp-block-details-is-layout-flow\"><summary>HolsteinVision<\/summary>\n<figure class=\"wp-block-table\"><table><tbody><tr><td>Abonnement par ann\u00e9e<\/td><td>50 CHF<\/td><\/tr><tr><td>Suppl\u00e9ment pour impressions papier, <em>par animal inscrit au HB<\/em><\/td><td>3 CHF, max. 100.-<\/td><\/tr><\/tbody><\/table><\/figure>\n<\/details>\n\n\n\n<details class=\"wp-block-details is-layout-flow wp-block-details-is-layout-flow\"><summary>Herdbook<\/summary>\n<figure class=\"wp-block-table\"><table><tbody><tr><th colspan=\"2\">Enregistrement au HB, y.c. contribution au programme d\u2019\u00e9levage<\/th><\/tr><tr><th colspan=\"2\">Veau issu d\u2019IA des partenaires contractuels par ann\u00e9e (Swissgenetics \/ Select Star)<\/th><\/tr><tr><td>HB A<\/td><td>7 CHF<\/td><\/tr><tr><td>HB B<\/td><td>13 CHF<\/td><\/tr><tr><td>HB C &amp; 0<\/td><td>19 CHF<\/td><\/tr><tr><th colspan=\"2\">Veau issu d\u2019IA d\u2019autres distributeurs ou de saillie<\/th><\/tr><tr><td>HB A<\/td><td>12 CHF<\/td><\/tr><tr><td>HB B<\/td><td>18 CHF<\/td><\/tr><tr><td>HB C &amp; 0<\/td><td>24 CHF<\/td><\/tr><tr><td>Veau issu d\u2019embryon CH<\/td><td>15 CHF<\/td><\/tr><tr><td>Veau issu d\u2019embryon import\u00e9<sup>1<\/sup> et animaux import\u00e9s<br>\u00e0 l\u2019exception des taureaux d\u2019IA<\/td><td>50 CHF<\/td><\/tr><tr><th colspan=\"2\">Enregistrement des IA et saillies, tarif par IA \/ saillie premi\u00e8re<\/th><\/tr><tr><td>Ins\u00e9mination \/ saillie transmise par le RIS ou reprise de la BDTA, \u00e0 saisir<\/td><td>5 CHF<\/td><\/tr><tr><th colspan=\"2\">Sujet repris d\u2019un autre herdbook suisse<\/th><\/tr><tr><td>Animal isol\u00e9<\/td><td>5 CHF<\/td><\/tr><tr><th colspan=\"2\">Membres individuels<\/th><\/tr><tr><td>Taxe par animal femelle inscrit au herdbook<\/td><td>2 CHF, max. 200.-<\/td><\/tr><tr><th colspan=\"2\">Etablissement de certificat zootechnique<sup>2<\/sup><\/th><\/tr><tr><td>Duplicata sur demande<\/td><td>10 CHF<\/td><\/tr><tr><td>Pour animaux export\u00e9s (y c. certificat ADN), par commande<\/td><td>40 CHF<\/td><\/tr><tr><td>Suppl\u00e9ment par certificat<\/td><td>10 CHF<\/td><\/tr><tr><th colspan=\"2\">Autres<\/th><\/tr><tr><td>Annonce d\u2019une co-propri\u00e9t\u00e9 ; changement de propri\u00e9taire (par animal<sup>3<\/sup>)<\/td><td>50 CHF<\/td><\/tr><tr><td>Toute demande sp\u00e9cifique (liste, etc.)<\/td><td>20 CHF<\/td><\/tr><\/tbody><\/table><\/figure>\n\n\n\n<p><sup>1<\/sup> Si plusieurs embryons issus du m\u00eame accouplement\u2009: taxe unique encaiss\u00e9e sur le premier veau<br><sup>2<\/sup> Remarque: toute activit\u00e9 implique l\u2019\u00e9tablissement d\u2019un certificat<br><sup>3<\/sup> Conditions sp\u00e9ciales si &gt; 5 animaux ;<br>propri\u00e9taire \u2260 exploitation de stationnement<\/p>\n<\/details>\n\n\n\n<details class=\"wp-block-details is-layout-flow wp-block-details-is-layout-flow\"><summary>Contr\u00f4le laitier<\/summary>\n<figure class=\"wp-block-table\"><table><tbody><tr><th colspan=\"2\">Contr\u00f4le et analyses (cellules et ANP)<\/th><\/tr><tr><td>Forfait de traitement, par contr\u00f4le<\/td><td>15 CHF<\/td><\/tr><tr><th colspan=\"2\">Suppl\u00e9ment par \u00e9chantillon<\/th><\/tr><tr><td>A4 (HB et MLP-Outsourcing)<\/td><td>0.80 CHF<\/td><\/tr><tr><td>A4 (autres)<\/td><td>3.10 CHF<\/td><\/tr><tr><td>AT4 ou robot (HB et MLP-Outsourcing)<\/td><td>0.48 CHF<\/td><\/tr><tr><td>AT4 ou robot (autres)<\/td><td>2.05 CHF<\/td><\/tr><tr><td>Fertalys, par \u00e9chantillon<\/td><td>7.50 CHF<\/td><\/tr><tr><td>Frais de port, par contr\u00f4le et par \u00e9chantillon<\/td><td>0.25 CHF<\/td><\/tr><\/tbody><\/table><\/figure>\n<\/details>\n\n\n\n<details class=\"wp-block-details is-layout-flow wp-block-details-is-layout-flow\"><summary>S\u00e9lection g\u00e9nomique<\/summary>\n<figure class=\"wp-block-table\"><table><tbody><tr><th colspan=\"2\">G\u00e9notypage et frais administratifs<\/th><\/tr><tr><td>G\u00e9notypage puce GHD, Profil ADN, BLAD, Dominant Red, HH1, HH3, HH4, Kappa cas\u00e9ine,<br>B\u00eata cas\u00e9ine A2, Polled, facteur rouge et CDH<\/td><td>180 CHF<\/td><\/tr><tr><td>G\u00e9notypage puce LD, Profil ADN, BLAD, Dominant Red, HH1, HH3, HH4, Kappa cas\u00e9ine,<br>B\u00eata cas\u00e9ine A2, Polled, facteur rouge et CDH<\/td><td>80 CHF<\/td><\/tr><tr><td>Contr\u00f4le d\u2019ascendance, par g\u00e9notypage<\/td><td>80 CHF<\/td><\/tr><tr><th colspan=\"2\">Tests g\u00e9nomiques suppl\u00e9mentaires, par animal<\/th><\/tr><tr><td>Commande GTPI<\/td><td>21 CHF<\/td><\/tr><tr><td>Test Brachyspina<\/td><td>20 CHF<\/td><\/tr><tr><td>Test CVM<\/td><td>30 CHF<\/td><\/tr><\/tbody><\/table><\/figure>\n<\/details>\n\n\n\n<details class=\"wp-block-details is-layout-flow wp-block-details-is-layout-flow\"><summary>Description lin\u00e9aire et classification\u2074<\/summary>\n<figure class=\"wp-block-table\"><table><tbody><tr><td>Visite d\u2019exploitation, forfait de base (y.c. 4 DLC)<\/td><td>45 CHF<\/td><\/tr><tr><td>d\u00e8s la 5\u00e8me DLC, par animal<\/td><td>4 CHF<\/td><\/tr><tr><td>DLC suppl\u00e9mentaire dans la m\u00eame lactation<\/td><td>14 CHF<\/td><\/tr><tr><td>DLC sp\u00e9ciale hors programme<\/td><td>200 CHF<\/td><\/tr><\/tbody><\/table><\/figure>\n<\/details>\n\n\n\n<details class=\"wp-block-details is-layout-flow wp-block-details-is-layout-flow\"><summary>Plan d&#8217;accouplement<\/summary>\n<figure class=\"wp-block-table\"><table><tbody><tr><td>Licence \u00ab\u2009Inizia\u2009\u00bb \/an<\/td><td>24 CHF<\/td><\/tr><tr><td>Licence \u00ab\u2009Optima\u2009\u00bb \/an<\/td><td>44 CHF<\/td><\/tr><tr><td>Conseil personnalis\u00e9 par notre conseiller<\/td><td>80 CHF \/ heure<\/td><\/tr><\/tbody><\/table><\/figure>\n<\/details>\n\n\n\n<details class=\"wp-block-details is-layout-flow wp-block-details-is-layout-flow\"><summary>Sant\u00e9 du pis<\/summary>\n<figure class=\"wp-block-table\"><table><tbody><tr><td>Abonnement \/an<\/td><td>30 CHF<\/td><\/tr><\/tbody><\/table><\/figure>\n<\/details>\n\n\n\n<details class=\"wp-block-details is-layout-flow wp-block-details-is-layout-flow\"><summary>Catalogues et pancartes<\/summary>\n<figure class=\"wp-block-table\"><table><tbody><tr><td>\u00c9laboration du catalogue, forfait de base<\/td><td>30 CHF<\/td><\/tr><tr><td>\u2013 catalogue d\u2019exposition, suppl\u00e9ment par animal<\/td><td>1.50 CHF<\/td><\/tr><tr><td>\u2013 catalogue de vente, suppl\u00e9ment par animal<\/td><td>5 CHF<\/td><\/tr><tr><td>Impression, par catalogue<\/td><td>4 CHF<\/td><\/tr><tr><td>Pancarte d\u2019\u00e9curie ou d\u2019exposition, par animal<\/td><td>2 CHF<\/td><\/tr><\/tbody><\/table><\/figure>\n<\/details>\n\n\n\n<details class=\"wp-block-details is-layout-flow wp-block-details-is-layout-flow\"><summary>Photos professionnelles<\/summary>\n<p>Tourn\u00e9e photos &#8211; Soldi<\/p>\n\n\n\n<figure class=\"wp-block-table\"><table><tbody><tr><td>Premi\u00e8re position<\/td><td>200 CHF<\/td><\/tr><tr><td>Position suppl\u00e9mentaire m\u00eame vache<\/td><td>120 CHF<\/td><\/tr><tr><td>Pis m\u00eame vache<\/td><td>80 CHF<\/td><\/tr><\/tbody><\/table><\/figure>\n\n\n\n<p>La liste des photographes est disponible dans le menu &#8220;<a href=\"\/fr\/liens\/\">Partenaires<\/a>&#8221; <\/p>\n<\/details>\n\n\n\n<details class=\"wp-block-details is-layout-flow wp-block-details-is-layout-flow\"><summary>Formations et expos\u00e9s<\/summary>\n<p>N\u2019h\u00e9sitez pas \u00e0 demander une offre pour une formation ou un expos\u00e9 sp\u00e9cialis\u00e9!<\/p>\n<\/details>\n\n\n\n<p><\/p>\n\n\n\n<p><sup>4<\/sup> Une annulation de derni\u00e8re minute, moins de 48h avant date fix\u00e9e co\u00fbte CHF 50.-<br>Une DLC annul\u00e9e sur place (vaches non pr\u00e9par\u00e9es, refus, absence, etc.) co\u00fbte CHF 200.-<\/p>\n","protected":false},"excerpt":{"rendered":"<p>D\u00e9couvrez les tarifs de nos prestations Les membres de Holstein Switzerland b\u00e9n\u00e9ficient des prestations gratuites suivantes: Tarifs valables pour les membres de Holstein Switzerlandd\u00e8s le 1er janvier 2026, TVA 8.1% non comprise 4 Une annulation de derni\u00e8re minute, moins de 48h avant date fix\u00e9e co\u00fbte CHF 50.-Une DLC annul\u00e9e sur place (vaches non pr\u00e9par\u00e9es, refus, [&hellip;]<\/p>\n","protected":false},"author":42,"featured_media":27448,"parent":6970,"menu_order":0,"comment_status":"closed","ping_status":"closed","template":"","meta":{"_acf_changed":false,"_monsterinsights_skip_tracking":false,"_monsterinsights_sitenote_active":false,"_monsterinsights_sitenote_note":"","_monsterinsights_sitenote_category":0,"footnotes":""},"class_list":["post-15790","page","type-page","status-publish","has-post-thumbnail","hentry"],"acf":[],"yoast_head":"<!-- This site is optimized with the Yoast SEO plugin v26.9 - https:\/\/yoast.com\/product\/yoast-seo-wordpress\/ -->\n<title>Tarifs - Holstein Switzerland<\/title>\n<meta name=\"robots\" content=\"index, follow, max-snippet:-1, max-image-preview:large, max-video-preview:-1\" \/>\n<link rel=\"canonical\" href=\"https:\/\/www.holstein.ch\/fr\/nos-prestations\/tarifs-holstein\/\" \/>\n<meta property=\"og:locale\" content=\"fr_FR\" \/>\n<meta property=\"og:type\" content=\"article\" \/>\n<meta property=\"og:title\" content=\"Tarifs - Holstein Switzerland\" \/>\n<meta property=\"og:description\" content=\"D\u00e9couvrez les tarifs de nos prestations Les membres de Holstein Switzerland b\u00e9n\u00e9ficient des prestations gratuites suivantes: Tarifs valables pour les membres de Holstein Switzerlandd\u00e8s le 1er janvier 2026, TVA 8.1% non comprise 4 Une annulation de derni\u00e8re minute, moins de 48h avant date fix\u00e9e co\u00fbte CHF 50.-Une DLC annul\u00e9e sur place (vaches non pr\u00e9par\u00e9es, refus, [&hellip;]\" \/>\n<meta property=\"og:url\" content=\"https:\/\/www.holstein.ch\/fr\/nos-prestations\/tarifs-holstein\/\" \/>\n<meta property=\"og:site_name\" content=\"Holstein Switzerland\" \/>\n<meta property=\"article:publisher\" content=\"https:\/\/www.facebook.com\/HolSwi\" \/>\n<meta property=\"article:modified_time\" content=\"2025-12-03T10:00:00+00:00\" \/>\n<meta property=\"og:image\" content=\"https:\/\/www.holstein.ch\/wp-content\/uploads\/2023\/11\/tarifs_holstein.jpg\" \/>\n\t<meta property=\"og:image:width\" content=\"1000\" \/>\n\t<meta property=\"og:image:height\" content=\"667\" \/>\n\t<meta property=\"og:image:type\" content=\"image\/jpeg\" \/>\n<meta name=\"twitter:card\" content=\"summary_large_image\" \/>\n<meta name=\"twitter:label1\" content=\"Dur\u00e9e de lecture estim\u00e9e\" \/>\n\t<meta name=\"twitter:data1\" content=\"4 minutes\" \/>\n<script type=\"application\/ld+json\" class=\"yoast-schema-graph\">{\"@context\":\"https:\/\/schema.org\",\"@graph\":[{\"@type\":\"WebPage\",\"@id\":\"https:\/\/www.holstein.ch\/fr\/nos-prestations\/tarifs-holstein\/\",\"url\":\"https:\/\/www.holstein.ch\/fr\/nos-prestations\/tarifs-holstein\/\",\"name\":\"Tarifs - Holstein Switzerland\",\"isPartOf\":{\"@id\":\"https:\/\/www.holstein.ch\/fr\/#website\"},\"primaryImageOfPage\":{\"@id\":\"https:\/\/www.holstein.ch\/fr\/nos-prestations\/tarifs-holstein\/#primaryimage\"},\"image\":{\"@id\":\"https:\/\/www.holstein.ch\/fr\/nos-prestations\/tarifs-holstein\/#primaryimage\"},\"thumbnailUrl\":\"https:\/\/www.holstein.ch\/wp-content\/uploads\/2023\/11\/tarifs_holstein.jpg\",\"datePublished\":\"2020-11-17T09:52:23+00:00\",\"dateModified\":\"2025-12-03T10:00:00+00:00\",\"breadcrumb\":{\"@id\":\"https:\/\/www.holstein.ch\/fr\/nos-prestations\/tarifs-holstein\/#breadcrumb\"},\"inLanguage\":\"fr-FR\",\"potentialAction\":[{\"@type\":\"ReadAction\",\"target\":[\"https:\/\/www.holstein.ch\/fr\/nos-prestations\/tarifs-holstein\/\"]}]},{\"@type\":\"ImageObject\",\"inLanguage\":\"fr-FR\",\"@id\":\"https:\/\/www.holstein.ch\/fr\/nos-prestations\/tarifs-holstein\/#primaryimage\",\"url\":\"https:\/\/www.holstein.ch\/wp-content\/uploads\/2023\/11\/tarifs_holstein.jpg\",\"contentUrl\":\"https:\/\/www.holstein.ch\/wp-content\/uploads\/2023\/11\/tarifs_holstein.jpg\",\"width\":1000,\"height\":667,\"caption\":\"Tarifs Holstein\"},{\"@type\":\"BreadcrumbList\",\"@id\":\"https:\/\/www.holstein.ch\/fr\/nos-prestations\/tarifs-holstein\/#breadcrumb\",\"itemListElement\":[{\"@type\":\"ListItem\",\"position\":1,\"name\":\"Nos prestations\",\"item\":\"https:\/\/www.holstein.ch\/fr\/nos-prestations\/\"},{\"@type\":\"ListItem\",\"position\":2,\"name\":\"Tarifs\"}]},{\"@type\":\"WebSite\",\"@id\":\"https:\/\/www.holstein.ch\/fr\/#website\",\"url\":\"https:\/\/www.holstein.ch\/fr\/\",\"name\":\"Holstein Switzerland\",\"description\":\"Holstein Switzerland\",\"publisher\":{\"@id\":\"https:\/\/www.holstein.ch\/fr\/#organization\"},\"potentialAction\":[{\"@type\":\"SearchAction\",\"target\":{\"@type\":\"EntryPoint\",\"urlTemplate\":\"https:\/\/www.holstein.ch\/fr\/?s={search_term_string}\"},\"query-input\":{\"@type\":\"PropertyValueSpecification\",\"valueRequired\":true,\"valueName\":\"search_term_string\"}}],\"inLanguage\":\"fr-FR\"},{\"@type\":\"Organization\",\"@id\":\"https:\/\/www.holstein.ch\/fr\/#organization\",\"name\":\"Holstein Switzerland\",\"url\":\"https:\/\/www.holstein.ch\/fr\/\",\"logo\":{\"@type\":\"ImageObject\",\"inLanguage\":\"fr-FR\",\"@id\":\"https:\/\/www.holstein.ch\/fr\/#\/schema\/logo\/image\/\",\"url\":\"https:\/\/www.holstein.ch\/wp-content\/uploads\/2023\/09\/holstein_switzerland_logo.png\",\"contentUrl\":\"https:\/\/www.holstein.ch\/wp-content\/uploads\/2023\/09\/holstein_switzerland_logo.png\",\"width\":800,\"height\":621,\"caption\":\"Holstein Switzerland\"},\"image\":{\"@id\":\"https:\/\/www.holstein.ch\/fr\/#\/schema\/logo\/image\/\"},\"sameAs\":[\"https:\/\/www.facebook.com\/HolSwi\",\"https:\/\/www.youtube.com\/@holsteinswitzerland\",\"https:\/\/www.instagram.com\/holstein_switzerland\"]}]}<\/script>\n<!-- \/ Yoast SEO plugin. -->","yoast_head_json":{"title":"Tarifs - Holstein Switzerland","robots":{"index":"index","follow":"follow","max-snippet":"max-snippet:-1","max-image-preview":"max-image-preview:large","max-video-preview":"max-video-preview:-1"},"canonical":"https:\/\/www.holstein.ch\/fr\/nos-prestations\/tarifs-holstein\/","og_locale":"fr_FR","og_type":"article","og_title":"Tarifs - Holstein Switzerland","og_description":"D\u00e9couvrez les tarifs de nos prestations Les membres de Holstein Switzerland b\u00e9n\u00e9ficient des prestations gratuites suivantes: Tarifs valables pour les membres de Holstein Switzerlandd\u00e8s le 1er janvier 2026, TVA 8.1% non comprise 4 Une annulation de derni\u00e8re minute, moins de 48h avant date fix\u00e9e co\u00fbte CHF 50.-Une DLC annul\u00e9e sur place (vaches non pr\u00e9par\u00e9es, refus, [&hellip;]","og_url":"https:\/\/www.holstein.ch\/fr\/nos-prestations\/tarifs-holstein\/","og_site_name":"Holstein Switzerland","article_publisher":"https:\/\/www.facebook.com\/HolSwi","article_modified_time":"2025-12-03T10:00:00+00:00","og_image":[{"width":1000,"height":667,"url":"https:\/\/www.holstein.ch\/wp-content\/uploads\/2023\/11\/tarifs_holstein.jpg","type":"image\/jpeg"}],"twitter_card":"summary_large_image","twitter_misc":{"Dur\u00e9e de lecture estim\u00e9e":"4 minutes"},"schema":{"@context":"https:\/\/schema.org","@graph":[{"@type":"WebPage","@id":"https:\/\/www.holstein.ch\/fr\/nos-prestations\/tarifs-holstein\/","url":"https:\/\/www.holstein.ch\/fr\/nos-prestations\/tarifs-holstein\/","name":"Tarifs - Holstein Switzerland","isPartOf":{"@id":"https:\/\/www.holstein.ch\/fr\/#website"},"primaryImageOfPage":{"@id":"https:\/\/www.holstein.ch\/fr\/nos-prestations\/tarifs-holstein\/#primaryimage"},"image":{"@id":"https:\/\/www.holstein.ch\/fr\/nos-prestations\/tarifs-holstein\/#primaryimage"},"thumbnailUrl":"https:\/\/www.holstein.ch\/wp-content\/uploads\/2023\/11\/tarifs_holstein.jpg","datePublished":"2020-11-17T09:52:23+00:00","dateModified":"2025-12-03T10:00:00+00:00","breadcrumb":{"@id":"https:\/\/www.holstein.ch\/fr\/nos-prestations\/tarifs-holstein\/#breadcrumb"},"inLanguage":"fr-FR","potentialAction":[{"@type":"ReadAction","target":["https:\/\/www.holstein.ch\/fr\/nos-prestations\/tarifs-holstein\/"]}]},{"@type":"ImageObject","inLanguage":"fr-FR","@id":"https:\/\/www.holstein.ch\/fr\/nos-prestations\/tarifs-holstein\/#primaryimage","url":"https:\/\/www.holstein.ch\/wp-content\/uploads\/2023\/11\/tarifs_holstein.jpg","contentUrl":"https:\/\/www.holstein.ch\/wp-content\/uploads\/2023\/11\/tarifs_holstein.jpg","width":1000,"height":667,"caption":"Tarifs Holstein"},{"@type":"BreadcrumbList","@id":"https:\/\/www.holstein.ch\/fr\/nos-prestations\/tarifs-holstein\/#breadcrumb","itemListElement":[{"@type":"ListItem","position":1,"name":"Nos prestations","item":"https:\/\/www.holstein.ch\/fr\/nos-prestations\/"},{"@type":"ListItem","position":2,"name":"Tarifs"}]},{"@type":"WebSite","@id":"https:\/\/www.holstein.ch\/fr\/#website","url":"https:\/\/www.holstein.ch\/fr\/","name":"Holstein Switzerland","description":"Holstein Switzerland","publisher":{"@id":"https:\/\/www.holstein.ch\/fr\/#organization"},"potentialAction":[{"@type":"SearchAction","target":{"@type":"EntryPoint","urlTemplate":"https:\/\/www.holstein.ch\/fr\/?s={search_term_string}"},"query-input":{"@type":"PropertyValueSpecification","valueRequired":true,"valueName":"search_term_string"}}],"inLanguage":"fr-FR"},{"@type":"Organization","@id":"https:\/\/www.holstein.ch\/fr\/#organization","name":"Holstein Switzerland","url":"https:\/\/www.holstein.ch\/fr\/","logo":{"@type":"ImageObject","inLanguage":"fr-FR","@id":"https:\/\/www.holstein.ch\/fr\/#\/schema\/logo\/image\/","url":"https:\/\/www.holstein.ch\/wp-content\/uploads\/2023\/09\/holstein_switzerland_logo.png","contentUrl":"https:\/\/www.holstein.ch\/wp-content\/uploads\/2023\/09\/holstein_switzerland_logo.png","width":800,"height":621,"caption":"Holstein Switzerland"},"image":{"@id":"https:\/\/www.holstein.ch\/fr\/#\/schema\/logo\/image\/"},"sameAs":["https:\/\/www.facebook.com\/HolSwi","https:\/\/www.youtube.com\/@holsteinswitzerland","https:\/\/www.instagram.com\/holstein_switzerland"]}]}},"_links":{"self":[{"href":"https:\/\/www.holstein.ch\/fr\/wp-json\/wp\/v2\/pages\/15790","targetHints":{"allow":["GET"]}}],"collection":[{"href":"https:\/\/www.holstein.ch\/fr\/wp-json\/wp\/v2\/pages"}],"about":[{"href":"https:\/\/www.holstein.ch\/fr\/wp-json\/wp\/v2\/types\/page"}],"author":[{"embeddable":true,"href":"https:\/\/www.holstein.ch\/fr\/wp-json\/wp\/v2\/users\/42"}],"replies":[{"embeddable":true,"href":"https:\/\/www.holstein.ch\/fr\/wp-json\/wp\/v2\/comments?post=15790"}],"version-history":[{"count":29,"href":"https:\/\/www.holstein.ch\/fr\/wp-json\/wp\/v2\/pages\/15790\/revisions"}],"predecessor-version":[{"id":35750,"href":"https:\/\/www.holstein.ch\/fr\/wp-json\/wp\/v2\/pages\/15790\/revisions\/35750"}],"up":[{"embeddable":true,"href":"https:\/\/www.holstein.ch\/fr\/wp-json\/wp\/v2\/pages\/6970"}],"wp:featuredmedia":[{"embeddable":true,"href":"https:\/\/www.holstein.ch\/fr\/wp-json\/wp\/v2\/media\/27448"}],"wp:attachment":[{"href":"https:\/\/www.holstein.ch\/fr\/wp-json\/wp\/v2\/media?parent=15790"}],"curies":[{"name":"wp","href":"https:\/\/api.w.org\/{rel}","templated":true}]}}