{"id":6930,"date":"2019-05-12T12:33:00","date_gmt":"2019-05-12T10:33:00","guid":{"rendered":"https:\/\/holstein.ch\/?page_id=6930"},"modified":"2023-03-20T16:20:24","modified_gmt":"2023-03-20T15:20:24","slug":"services-photos-professionnelles","status":"publish","type":"page","link":"https:\/\/www.holstein.ch\/fr\/nos-prestations\/services-photos-professionnelles\/","title":{"rendered":"Services photos professionnelles"},"content":{"rendered":"<p>[vc_row css=&#8221;.vc_custom_1557488773143{padding-top: 8% !important;}&#8221;][vc_column][ultimate_heading main_heading=&#8221;Services photos professionnelles&#8221; heading_tag=&#8221;h1&#8243; sub_heading_color=&#8221;#00acaa&#8221; alignment=&#8221;left&#8221; spacer=&#8221;line_only&#8221; spacer_position=&#8221;middle&#8221; line_height=&#8221;1&#8243; line_color=&#8221;#00acaa&#8221; line_width=&#8221;100&#8243;]<\/p>\n<h3>Nous avons le plaisir de travailler avec deux photographes professionnels lors de diff\u00e9rentes manifestations.<\/h3>\n<p>[\/ultimate_heading][\/vc_column][\/vc_row][vc_row css=&#8221;.vc_custom_1557656969835{margin-bottom: 3% !important;}&#8221;][vc_column][vc_column_text]Les photographes professionnels Giorgio Soldi et Martin Killewald (Keleki) sont r\u00e9guli\u00e8rement en Suisse \u00e0 l\u2019occasion de diff\u00e9rentes manifestations d\u2019\u00e9levage ou de tourn\u00e9es ind\u00e9pendantes ou organis\u00e9es par la Coop\u00e9rative. Pour conna\u00eetre les dates des prochains programmes et pour vous inscrire, veuillez prendre contact avec Pierre-Alain Br\u00fcgger au 026 564 12 09 ou par email \u00e0 <a href=\"mailto:bruegger@holstein.ch\">bruegger@holstein.ch<\/a>. Keleki peut aussi \u00eatre contact\u00e9 directement au +49 (1) 72 951 58 57.<\/p>\n<p>Les photos effectu\u00e9es par ces deux photographes sont remises p\u00e9riodiquement \u00e0 la Coop\u00e9rative et archiv\u00e9es. Pour les photos effectu\u00e9es par d\u2019autres photographes ou des photos priv\u00e9es, vous avez la possibilit\u00e9 de nous les remettre, uniquement sous forme de fichier. Ces photos seront \u00e9galement archiv\u00e9es et publi\u00e9es sur le site <a href=\"https:\/\/www.holsteinvision.ch\" target=\"_blank\" rel=\"noopener noreferrer\">www.holsteinvision.ch<\/a>.<\/p>\n<p>La Coop\u00e9rative est toujours \u00e0 la recherche de bonnes photos d\u2019ambiance avec des arri\u00e8res plans naturels (montagnes, lacs, fleurs, maisons, etc.). Pensez-y lorsque vous aurez la visite de votre photographe.[\/vc_column_text][\/vc_column][\/vc_row]<\/p>\n","protected":false},"excerpt":{"rendered":"<p>[vc_row css=&#8221;.vc_custom_1557488773143{padding-top: 8% !important;}&#8221;][vc_column][ultimate_heading main_heading=&#8221;Services photos professionnelles&#8221; heading_tag=&#8221;h1&#8243; sub_heading_color=&#8221;#00acaa&#8221; alignment=&#8221;left&#8221; spacer=&#8221;line_only&#8221; spacer_position=&#8221;middle&#8221; line_height=&#8221;1&#8243; line_color=&#8221;#00acaa&#8221; line_width=&#8221;100&#8243;] Nous avons le plaisir de travailler avec deux photographes professionnels lors de diff\u00e9rentes manifestations. [\/ultimate_heading][\/vc_column][\/vc_row][vc_row css=&#8221;.vc_custom_1557656969835{margin-bottom: 3% !important;}&#8221;][vc_column][vc_column_text]Les photographes professionnels Giorgio Soldi et Martin Killewald (Keleki) sont r\u00e9guli\u00e8rement en Suisse \u00e0 l\u2019occasion de diff\u00e9rentes manifestations d\u2019\u00e9levage ou de tourn\u00e9es ind\u00e9pendantes [&hellip;]<\/p>\n","protected":false},"author":1,"featured_media":0,"parent":6970,"menu_order":0,"comment_status":"closed","ping_status":"closed","template":"","meta":{"_acf_changed":false,"_monsterinsights_skip_tracking":false,"_monsterinsights_sitenote_active":false,"_monsterinsights_sitenote_note":"","_monsterinsights_sitenote_category":0,"footnotes":""},"class_list":["post-6930","page","type-page","status-publish","hentry"],"acf":[],"yoast_head":"<!-- This site is optimized with the Yoast SEO plugin v26.9 - https:\/\/yoast.com\/product\/yoast-seo-wordpress\/ -->\n<title>Services photos professionnelles - Holstein Switzerland<\/title>\n<meta name=\"robots\" content=\"index, follow, max-snippet:-1, max-image-preview:large, max-video-preview:-1\" \/>\n<link rel=\"canonical\" href=\"https:\/\/www.holstein.ch\/fr\/nos-prestations\/services-photos-professionnelles\/\" \/>\n<meta property=\"og:locale\" content=\"fr_FR\" \/>\n<meta property=\"og:type\" content=\"article\" \/>\n<meta property=\"og:title\" content=\"Services photos professionnelles - Holstein Switzerland\" \/>\n<meta property=\"og:description\" content=\"[vc_row css=&#8221;.vc_custom_1557488773143{padding-top: 8% !important;}&#8221;][vc_column][ultimate_heading main_heading=&#8221;Services photos professionnelles&#8221; heading_tag=&#8221;h1&#8243; sub_heading_color=&#8221;#00acaa&#8221; alignment=&#8221;left&#8221; spacer=&#8221;line_only&#8221; spacer_position=&#8221;middle&#8221; line_height=&#8221;1&#8243; line_color=&#8221;#00acaa&#8221; line_width=&#8221;100&#8243;] Nous avons le plaisir de travailler avec deux photographes professionnels lors de diff\u00e9rentes manifestations. [\/ultimate_heading][\/vc_column][\/vc_row][vc_row css=&#8221;.vc_custom_1557656969835{margin-bottom: 3% !important;}&#8221;][vc_column][vc_column_text]Les photographes professionnels Giorgio Soldi et Martin Killewald (Keleki) sont r\u00e9guli\u00e8rement en Suisse \u00e0 l\u2019occasion de diff\u00e9rentes manifestations d\u2019\u00e9levage ou de tourn\u00e9es ind\u00e9pendantes [&hellip;]\" \/>\n<meta property=\"og:url\" content=\"https:\/\/www.holstein.ch\/fr\/nos-prestations\/services-photos-professionnelles\/\" \/>\n<meta property=\"og:site_name\" content=\"Holstein Switzerland\" \/>\n<meta property=\"article:publisher\" content=\"https:\/\/www.facebook.com\/HolSwi\" \/>\n<meta property=\"article:modified_time\" content=\"2023-03-20T15:20:24+00:00\" \/>\n<meta name=\"twitter:card\" content=\"summary_large_image\" \/>\n<meta name=\"twitter:label1\" content=\"Dur\u00e9e de lecture estim\u00e9e\" \/>\n\t<meta name=\"twitter:data1\" content=\"1 minute\" \/>\n<script type=\"application\/ld+json\" class=\"yoast-schema-graph\">{\"@context\":\"https:\/\/schema.org\",\"@graph\":[{\"@type\":\"WebPage\",\"@id\":\"https:\/\/www.holstein.ch\/fr\/nos-prestations\/services-photos-professionnelles\/\",\"url\":\"https:\/\/www.holstein.ch\/fr\/nos-prestations\/services-photos-professionnelles\/\",\"name\":\"Services photos professionnelles - Holstein Switzerland\",\"isPartOf\":{\"@id\":\"https:\/\/www.holstein.ch\/fr\/#website\"},\"datePublished\":\"2019-05-12T10:33:00+00:00\",\"dateModified\":\"2023-03-20T15:20:24+00:00\",\"breadcrumb\":{\"@id\":\"https:\/\/www.holstein.ch\/fr\/nos-prestations\/services-photos-professionnelles\/#breadcrumb\"},\"inLanguage\":\"fr-FR\",\"potentialAction\":[{\"@type\":\"ReadAction\",\"target\":[\"https:\/\/www.holstein.ch\/fr\/nos-prestations\/services-photos-professionnelles\/\"]}]},{\"@type\":\"BreadcrumbList\",\"@id\":\"https:\/\/www.holstein.ch\/fr\/nos-prestations\/services-photos-professionnelles\/#breadcrumb\",\"itemListElement\":[{\"@type\":\"ListItem\",\"position\":1,\"name\":\"Nos prestations\",\"item\":\"https:\/\/www.holstein.ch\/fr\/nos-prestations\/\"},{\"@type\":\"ListItem\",\"position\":2,\"name\":\"Services photos professionnelles\"}]},{\"@type\":\"WebSite\",\"@id\":\"https:\/\/www.holstein.ch\/fr\/#website\",\"url\":\"https:\/\/www.holstein.ch\/fr\/\",\"name\":\"Holstein Switzerland\",\"description\":\"Holstein Switzerland\",\"publisher\":{\"@id\":\"https:\/\/www.holstein.ch\/fr\/#organization\"},\"potentialAction\":[{\"@type\":\"SearchAction\",\"target\":{\"@type\":\"EntryPoint\",\"urlTemplate\":\"https:\/\/www.holstein.ch\/fr\/?s={search_term_string}\"},\"query-input\":{\"@type\":\"PropertyValueSpecification\",\"valueRequired\":true,\"valueName\":\"search_term_string\"}}],\"inLanguage\":\"fr-FR\"},{\"@type\":\"Organization\",\"@id\":\"https:\/\/www.holstein.ch\/fr\/#organization\",\"name\":\"Holstein Switzerland\",\"url\":\"https:\/\/www.holstein.ch\/fr\/\",\"logo\":{\"@type\":\"ImageObject\",\"inLanguage\":\"fr-FR\",\"@id\":\"https:\/\/www.holstein.ch\/fr\/#\/schema\/logo\/image\/\",\"url\":\"https:\/\/www.holstein.ch\/wp-content\/uploads\/2023\/09\/holstein_switzerland_logo.png\",\"contentUrl\":\"https:\/\/www.holstein.ch\/wp-content\/uploads\/2023\/09\/holstein_switzerland_logo.png\",\"width\":800,\"height\":621,\"caption\":\"Holstein Switzerland\"},\"image\":{\"@id\":\"https:\/\/www.holstein.ch\/fr\/#\/schema\/logo\/image\/\"},\"sameAs\":[\"https:\/\/www.facebook.com\/HolSwi\",\"https:\/\/www.youtube.com\/@holsteinswitzerland\",\"https:\/\/www.instagram.com\/holstein_switzerland\"]}]}<\/script>\n<!-- \/ Yoast SEO plugin. -->","yoast_head_json":{"title":"Services photos professionnelles - Holstein Switzerland","robots":{"index":"index","follow":"follow","max-snippet":"max-snippet:-1","max-image-preview":"max-image-preview:large","max-video-preview":"max-video-preview:-1"},"canonical":"https:\/\/www.holstein.ch\/fr\/nos-prestations\/services-photos-professionnelles\/","og_locale":"fr_FR","og_type":"article","og_title":"Services photos professionnelles - Holstein Switzerland","og_description":"[vc_row css=&#8221;.vc_custom_1557488773143{padding-top: 8% !important;}&#8221;][vc_column][ultimate_heading main_heading=&#8221;Services photos professionnelles&#8221; heading_tag=&#8221;h1&#8243; sub_heading_color=&#8221;#00acaa&#8221; alignment=&#8221;left&#8221; spacer=&#8221;line_only&#8221; spacer_position=&#8221;middle&#8221; line_height=&#8221;1&#8243; line_color=&#8221;#00acaa&#8221; line_width=&#8221;100&#8243;] Nous avons le plaisir de travailler avec deux photographes professionnels lors de diff\u00e9rentes manifestations. [\/ultimate_heading][\/vc_column][\/vc_row][vc_row css=&#8221;.vc_custom_1557656969835{margin-bottom: 3% !important;}&#8221;][vc_column][vc_column_text]Les photographes professionnels Giorgio Soldi et Martin Killewald (Keleki) sont r\u00e9guli\u00e8rement en Suisse \u00e0 l\u2019occasion de diff\u00e9rentes manifestations d\u2019\u00e9levage ou de tourn\u00e9es ind\u00e9pendantes [&hellip;]","og_url":"https:\/\/www.holstein.ch\/fr\/nos-prestations\/services-photos-professionnelles\/","og_site_name":"Holstein Switzerland","article_publisher":"https:\/\/www.facebook.com\/HolSwi","article_modified_time":"2023-03-20T15:20:24+00:00","twitter_card":"summary_large_image","twitter_misc":{"Dur\u00e9e de lecture estim\u00e9e":"1 minute"},"schema":{"@context":"https:\/\/schema.org","@graph":[{"@type":"WebPage","@id":"https:\/\/www.holstein.ch\/fr\/nos-prestations\/services-photos-professionnelles\/","url":"https:\/\/www.holstein.ch\/fr\/nos-prestations\/services-photos-professionnelles\/","name":"Services photos professionnelles - Holstein Switzerland","isPartOf":{"@id":"https:\/\/www.holstein.ch\/fr\/#website"},"datePublished":"2019-05-12T10:33:00+00:00","dateModified":"2023-03-20T15:20:24+00:00","breadcrumb":{"@id":"https:\/\/www.holstein.ch\/fr\/nos-prestations\/services-photos-professionnelles\/#breadcrumb"},"inLanguage":"fr-FR","potentialAction":[{"@type":"ReadAction","target":["https:\/\/www.holstein.ch\/fr\/nos-prestations\/services-photos-professionnelles\/"]}]},{"@type":"BreadcrumbList","@id":"https:\/\/www.holstein.ch\/fr\/nos-prestations\/services-photos-professionnelles\/#breadcrumb","itemListElement":[{"@type":"ListItem","position":1,"name":"Nos prestations","item":"https:\/\/www.holstein.ch\/fr\/nos-prestations\/"},{"@type":"ListItem","position":2,"name":"Services photos professionnelles"}]},{"@type":"WebSite","@id":"https:\/\/www.holstein.ch\/fr\/#website","url":"https:\/\/www.holstein.ch\/fr\/","name":"Holstein Switzerland","description":"Holstein Switzerland","publisher":{"@id":"https:\/\/www.holstein.ch\/fr\/#organization"},"potentialAction":[{"@type":"SearchAction","target":{"@type":"EntryPoint","urlTemplate":"https:\/\/www.holstein.ch\/fr\/?s={search_term_string}"},"query-input":{"@type":"PropertyValueSpecification","valueRequired":true,"valueName":"search_term_string"}}],"inLanguage":"fr-FR"},{"@type":"Organization","@id":"https:\/\/www.holstein.ch\/fr\/#organization","name":"Holstein Switzerland","url":"https:\/\/www.holstein.ch\/fr\/","logo":{"@type":"ImageObject","inLanguage":"fr-FR","@id":"https:\/\/www.holstein.ch\/fr\/#\/schema\/logo\/image\/","url":"https:\/\/www.holstein.ch\/wp-content\/uploads\/2023\/09\/holstein_switzerland_logo.png","contentUrl":"https:\/\/www.holstein.ch\/wp-content\/uploads\/2023\/09\/holstein_switzerland_logo.png","width":800,"height":621,"caption":"Holstein Switzerland"},"image":{"@id":"https:\/\/www.holstein.ch\/fr\/#\/schema\/logo\/image\/"},"sameAs":["https:\/\/www.facebook.com\/HolSwi","https:\/\/www.youtube.com\/@holsteinswitzerland","https:\/\/www.instagram.com\/holstein_switzerland"]}]}},"_links":{"self":[{"href":"https:\/\/www.holstein.ch\/fr\/wp-json\/wp\/v2\/pages\/6930","targetHints":{"allow":["GET"]}}],"collection":[{"href":"https:\/\/www.holstein.ch\/fr\/wp-json\/wp\/v2\/pages"}],"about":[{"href":"https:\/\/www.holstein.ch\/fr\/wp-json\/wp\/v2\/types\/page"}],"author":[{"embeddable":true,"href":"https:\/\/www.holstein.ch\/fr\/wp-json\/wp\/v2\/users\/1"}],"replies":[{"embeddable":true,"href":"https:\/\/www.holstein.ch\/fr\/wp-json\/wp\/v2\/comments?post=6930"}],"version-history":[{"count":3,"href":"https:\/\/www.holstein.ch\/fr\/wp-json\/wp\/v2\/pages\/6930\/revisions"}],"predecessor-version":[{"id":22756,"href":"https:\/\/www.holstein.ch\/fr\/wp-json\/wp\/v2\/pages\/6930\/revisions\/22756"}],"up":[{"embeddable":true,"href":"https:\/\/www.holstein.ch\/fr\/wp-json\/wp\/v2\/pages\/6970"}],"wp:attachment":[{"href":"https:\/\/www.holstein.ch\/fr\/wp-json\/wp\/v2\/media?parent=6930"}],"curies":[{"name":"wp","href":"https:\/\/api.w.org\/{rel}","templated":true}]}}