{"id":7743,"date":"2019-05-28T15:57:26","date_gmt":"2019-05-28T13:57:26","guid":{"rendered":"https:\/\/holstein.ch\/?page_id=7743"},"modified":"2024-03-13T11:37:48","modified_gmt":"2024-03-13T10:37:48","slug":"donnees-sante","status":"publish","type":"page","link":"https:\/\/www.holstein.ch\/fr\/nos-prestations\/donnees-sante\/","title":{"rendered":"Donn\u00e9es sant\u00e9"},"content":{"rendered":"\n<p class=\"introduction\"><strong>La sant\u00e9 des vaches laiti\u00e8res est une composante essentielle pour la production laiti\u00e8re.<\/strong><\/p>\n\n\n\n<p>La sant\u00e9 des vaches laiti\u00e8res est une composante essentielle pour la production laiti\u00e8re. D\u2019une part des vaches en bonne sant\u00e9 engendrent moins de frais (v\u00e9t\u00e9rinaires ou autre) et ont une meilleure production. D\u2019autre part, produire du lait avec des vaches en bonne sant\u00e9 est positif du point de vue \u00e9thique et pour la r\u00e9duction de l\u2019utilisation d\u2019antibiotiques.<\/p>\n\n\n\n<p>L\u2019am\u00e9lioration de la sant\u00e9 des animaux passe par un meilleur suivi du troupeau et par une s\u00e9lection sur les caract\u00e8res de sant\u00e9. La base pour ces deux aspects est une collecte exhaustive des maladies diagnostiqu\u00e9es sur l\u2019exploitation ainsi que de leurs traitements. Holstein Switzerland a mis en place, en collaboration avec les autres organisations d\u2019\u00e9levage suisses, un syst\u00e8me en ligne de collecte des donn\u00e9es sant\u00e9.<\/p>\n\n\n\n<h3 class=\"wp-block-heading\">R\u00e9seau &#8211; donn\u00e9es sant\u00e9<\/h3>\n\n\n\n<p>Les donn\u00e9es sant\u00e9 ont une grande valeur pour Holstein Switzerland. La valeur de ces donn\u00e9es m\u00e9rite d\u2019\u00eatre r\u00e9mun\u00e9r\u00e9e. En plus des montant que l\u2019OFAG donne pour l\u2019\u00e9levage et que Holstein Switzerland transmet aux \u00e9leveurs, une r\u00e9mun\u00e9ration suppl\u00e9mentaire est pay\u00e9e aux \u00e9leveurs du r\u00e9seau pour toutes les donn\u00e9es de mammites et de maladies m\u00e9taboliques (fi\u00e8vre du lait, ac\u00e9ton\u00e9mie, acidose, etc.) que l\u2019\u00e9leveur enregistre.<\/p>\n\n\n\n<p>Inscription et infos suppl\u00e9mentaires&nbsp;: <a href=\"mailto:netw%6f%72k@%68ol%73tein%2ec%68\" rel=\"nofollow\">network@holstein.ch<\/a><\/p>\n\n\n\n<h2 class=\"wp-block-heading\" id=\"santepis\">Sant\u00e9 du pis<\/h2>\n\n\n\n<p>En production laiti\u00e8re, la sant\u00e9 du pis est d\u2019une importance capitale.&nbsp; Pour appuyer les \u00e9leveurs dans la gestion quotidienne de la&nbsp;sant\u00e9&nbsp;mammaire, Holstein Switzerland a d\u00e9velopp\u00e9 une aide \u00e0 la d\u00e9cision qui se base sur le taux cellulaire des trois derni\u00e8res pes\u00e9es, sur les donn\u00e9es de sant\u00e9 ins\u00e9r\u00e9es dans le journal des traitements et sur les r\u00e9sultats MID disponibles.<\/p>\n\n\n\n<p>Cette aide sous forme d\u2019abonnement \u2018sant\u00e9 du pis\u2019 vous propose des mesures \u00e0 prendre pour \u00e9viter d\u2019utiliser syst\u00e9matiquement des antibiotiques, ceci aussi bien pour la p\u00e9riode de production que pour la phase de tarissement. Si l\u2019utilisation d\u2019antibiotiques s\u2019av\u00e8re n\u00e9cessaire, une analyse pr\u00e9alable des agents pathog\u00e8nes du lait vous est propos\u00e9e. Elle permet d\u2019administrer, d\u2019entente avec votre v\u00e9t\u00e9rinaire, un antibiotique sp\u00e9cifique plut\u00f4t que d\u2019en utiliser un \u00e0 large spectre. Le formulaire de commande d\u2019analyse MID de Suisselab est directement accessible sur la page de sant\u00e9 du pis.<\/p>\n\n\n\n<h3 class=\"wp-block-heading\">Identification des mammites MID<\/h3>\n\n\n\n<p>L\u2019analyse MID effectu\u00e9e par <a href=\"https:\/\/www.suisselab.ch\/fr\/dienstleistungen\/test-didentification-des-mammites-mid\/\" target=\"_blank\" rel=\"noreferrer noopener\">Suisselab SA<\/a>&nbsp;permet d\u2019identifier et de quantifier les 16 principaux agents pathog\u00e8nes ou groupes d\u2019agents pathog\u00e8nes provocant des mammites, ainsi que le g\u00e8ne \u03b2-lactamase&nbsp;induisant une r\u00e9sistance \u00e0 la p\u00e9nicilline.<\/p>\n\n\n\n<style>\n.elementor-widget-ae-acf span, .elementor-widget-ae-acf a  {\ncolor:inherit;\n}\n<\/style>\n","protected":false},"excerpt":{"rendered":"<p>La sant\u00e9 des vaches laiti\u00e8res est une composante essentielle pour la production laiti\u00e8re. La sant\u00e9 des vaches laiti\u00e8res est une composante essentielle pour la production laiti\u00e8re. D\u2019une part des vaches en bonne sant\u00e9 engendrent moins de frais (v\u00e9t\u00e9rinaires ou autre) et ont une meilleure production. D\u2019autre part, produire du lait avec des vaches en bonne [&hellip;]<\/p>\n","protected":false},"author":1,"featured_media":25877,"parent":6970,"menu_order":0,"comment_status":"closed","ping_status":"closed","template":"","meta":{"_acf_changed":false,"_monsterinsights_skip_tracking":false,"_monsterinsights_sitenote_active":false,"_monsterinsights_sitenote_note":"","_monsterinsights_sitenote_category":0,"footnotes":""},"class_list":["post-7743","page","type-page","status-publish","has-post-thumbnail","hentry"],"acf":[],"yoast_head":"<!-- This site is optimized with the Yoast SEO plugin v26.9 - https:\/\/yoast.com\/product\/yoast-seo-wordpress\/ -->\n<title>Donn\u00e9es sant\u00e9 - Holstein Switzerland<\/title>\n<meta name=\"robots\" content=\"index, follow, max-snippet:-1, max-image-preview:large, max-video-preview:-1\" \/>\n<link rel=\"canonical\" href=\"https:\/\/www.holstein.ch\/fr\/nos-prestations\/donnees-sante\/\" \/>\n<meta property=\"og:locale\" content=\"fr_FR\" \/>\n<meta property=\"og:type\" content=\"article\" \/>\n<meta property=\"og:title\" content=\"Donn\u00e9es sant\u00e9 - Holstein Switzerland\" \/>\n<meta property=\"og:description\" content=\"La sant\u00e9 des vaches laiti\u00e8res est une composante essentielle pour la production laiti\u00e8re. La sant\u00e9 des vaches laiti\u00e8res est une composante essentielle pour la production laiti\u00e8re. D\u2019une part des vaches en bonne sant\u00e9 engendrent moins de frais (v\u00e9t\u00e9rinaires ou autre) et ont une meilleure production. D\u2019autre part, produire du lait avec des vaches en bonne [&hellip;]\" \/>\n<meta property=\"og:url\" content=\"https:\/\/www.holstein.ch\/fr\/nos-prestations\/donnees-sante\/\" \/>\n<meta property=\"og:site_name\" content=\"Holstein Switzerland\" \/>\n<meta property=\"article:publisher\" content=\"https:\/\/www.facebook.com\/HolSwi\" \/>\n<meta property=\"article:modified_time\" content=\"2024-03-13T10:37:48+00:00\" \/>\n<meta property=\"og:image\" content=\"https:\/\/www.holstein.ch\/wp-content\/uploads\/2023\/10\/donnees-sante.jpg\" \/>\n\t<meta property=\"og:image:width\" content=\"800\" \/>\n\t<meta property=\"og:image:height\" content=\"533\" \/>\n\t<meta property=\"og:image:type\" content=\"image\/jpeg\" \/>\n<meta name=\"twitter:card\" content=\"summary_large_image\" \/>\n<meta name=\"twitter:label1\" content=\"Dur\u00e9e de lecture estim\u00e9e\" \/>\n\t<meta name=\"twitter:data1\" content=\"3 minutes\" \/>\n<script type=\"application\/ld+json\" class=\"yoast-schema-graph\">{\"@context\":\"https:\/\/schema.org\",\"@graph\":[{\"@type\":\"WebPage\",\"@id\":\"https:\/\/www.holstein.ch\/fr\/nos-prestations\/donnees-sante\/\",\"url\":\"https:\/\/www.holstein.ch\/fr\/nos-prestations\/donnees-sante\/\",\"name\":\"Donn\u00e9es sant\u00e9 - Holstein Switzerland\",\"isPartOf\":{\"@id\":\"https:\/\/www.holstein.ch\/fr\/#website\"},\"primaryImageOfPage\":{\"@id\":\"https:\/\/www.holstein.ch\/fr\/nos-prestations\/donnees-sante\/#primaryimage\"},\"image\":{\"@id\":\"https:\/\/www.holstein.ch\/fr\/nos-prestations\/donnees-sante\/#primaryimage\"},\"thumbnailUrl\":\"https:\/\/www.holstein.ch\/wp-content\/uploads\/2023\/10\/donnees-sante.jpg\",\"datePublished\":\"2019-05-28T13:57:26+00:00\",\"dateModified\":\"2024-03-13T10:37:48+00:00\",\"breadcrumb\":{\"@id\":\"https:\/\/www.holstein.ch\/fr\/nos-prestations\/donnees-sante\/#breadcrumb\"},\"inLanguage\":\"fr-FR\",\"potentialAction\":[{\"@type\":\"ReadAction\",\"target\":[\"https:\/\/www.holstein.ch\/fr\/nos-prestations\/donnees-sante\/\"]}]},{\"@type\":\"ImageObject\",\"inLanguage\":\"fr-FR\",\"@id\":\"https:\/\/www.holstein.ch\/fr\/nos-prestations\/donnees-sante\/#primaryimage\",\"url\":\"https:\/\/www.holstein.ch\/wp-content\/uploads\/2023\/10\/donnees-sante.jpg\",\"contentUrl\":\"https:\/\/www.holstein.ch\/wp-content\/uploads\/2023\/10\/donnees-sante.jpg\",\"width\":800,\"height\":533,\"caption\":\"Donn\u00e9es de sant\u00e9\"},{\"@type\":\"BreadcrumbList\",\"@id\":\"https:\/\/www.holstein.ch\/fr\/nos-prestations\/donnees-sante\/#breadcrumb\",\"itemListElement\":[{\"@type\":\"ListItem\",\"position\":1,\"name\":\"Nos prestations\",\"item\":\"https:\/\/www.holstein.ch\/fr\/nos-prestations\/\"},{\"@type\":\"ListItem\",\"position\":2,\"name\":\"Donn\u00e9es sant\u00e9\"}]},{\"@type\":\"WebSite\",\"@id\":\"https:\/\/www.holstein.ch\/fr\/#website\",\"url\":\"https:\/\/www.holstein.ch\/fr\/\",\"name\":\"Holstein Switzerland\",\"description\":\"Holstein Switzerland\",\"publisher\":{\"@id\":\"https:\/\/www.holstein.ch\/fr\/#organization\"},\"potentialAction\":[{\"@type\":\"SearchAction\",\"target\":{\"@type\":\"EntryPoint\",\"urlTemplate\":\"https:\/\/www.holstein.ch\/fr\/?s={search_term_string}\"},\"query-input\":{\"@type\":\"PropertyValueSpecification\",\"valueRequired\":true,\"valueName\":\"search_term_string\"}}],\"inLanguage\":\"fr-FR\"},{\"@type\":\"Organization\",\"@id\":\"https:\/\/www.holstein.ch\/fr\/#organization\",\"name\":\"Holstein Switzerland\",\"url\":\"https:\/\/www.holstein.ch\/fr\/\",\"logo\":{\"@type\":\"ImageObject\",\"inLanguage\":\"fr-FR\",\"@id\":\"https:\/\/www.holstein.ch\/fr\/#\/schema\/logo\/image\/\",\"url\":\"https:\/\/www.holstein.ch\/wp-content\/uploads\/2023\/09\/holstein_switzerland_logo.png\",\"contentUrl\":\"https:\/\/www.holstein.ch\/wp-content\/uploads\/2023\/09\/holstein_switzerland_logo.png\",\"width\":800,\"height\":621,\"caption\":\"Holstein Switzerland\"},\"image\":{\"@id\":\"https:\/\/www.holstein.ch\/fr\/#\/schema\/logo\/image\/\"},\"sameAs\":[\"https:\/\/www.facebook.com\/HolSwi\",\"https:\/\/www.youtube.com\/@holsteinswitzerland\",\"https:\/\/www.instagram.com\/holstein_switzerland\"]}]}<\/script>\n<!-- \/ Yoast SEO plugin. -->","yoast_head_json":{"title":"Donn\u00e9es sant\u00e9 - Holstein Switzerland","robots":{"index":"index","follow":"follow","max-snippet":"max-snippet:-1","max-image-preview":"max-image-preview:large","max-video-preview":"max-video-preview:-1"},"canonical":"https:\/\/www.holstein.ch\/fr\/nos-prestations\/donnees-sante\/","og_locale":"fr_FR","og_type":"article","og_title":"Donn\u00e9es sant\u00e9 - Holstein Switzerland","og_description":"La sant\u00e9 des vaches laiti\u00e8res est une composante essentielle pour la production laiti\u00e8re. La sant\u00e9 des vaches laiti\u00e8res est une composante essentielle pour la production laiti\u00e8re. D\u2019une part des vaches en bonne sant\u00e9 engendrent moins de frais (v\u00e9t\u00e9rinaires ou autre) et ont une meilleure production. D\u2019autre part, produire du lait avec des vaches en bonne [&hellip;]","og_url":"https:\/\/www.holstein.ch\/fr\/nos-prestations\/donnees-sante\/","og_site_name":"Holstein Switzerland","article_publisher":"https:\/\/www.facebook.com\/HolSwi","article_modified_time":"2024-03-13T10:37:48+00:00","og_image":[{"width":800,"height":533,"url":"https:\/\/www.holstein.ch\/wp-content\/uploads\/2023\/10\/donnees-sante.jpg","type":"image\/jpeg"}],"twitter_card":"summary_large_image","twitter_misc":{"Dur\u00e9e de lecture estim\u00e9e":"3 minutes"},"schema":{"@context":"https:\/\/schema.org","@graph":[{"@type":"WebPage","@id":"https:\/\/www.holstein.ch\/fr\/nos-prestations\/donnees-sante\/","url":"https:\/\/www.holstein.ch\/fr\/nos-prestations\/donnees-sante\/","name":"Donn\u00e9es sant\u00e9 - Holstein Switzerland","isPartOf":{"@id":"https:\/\/www.holstein.ch\/fr\/#website"},"primaryImageOfPage":{"@id":"https:\/\/www.holstein.ch\/fr\/nos-prestations\/donnees-sante\/#primaryimage"},"image":{"@id":"https:\/\/www.holstein.ch\/fr\/nos-prestations\/donnees-sante\/#primaryimage"},"thumbnailUrl":"https:\/\/www.holstein.ch\/wp-content\/uploads\/2023\/10\/donnees-sante.jpg","datePublished":"2019-05-28T13:57:26+00:00","dateModified":"2024-03-13T10:37:48+00:00","breadcrumb":{"@id":"https:\/\/www.holstein.ch\/fr\/nos-prestations\/donnees-sante\/#breadcrumb"},"inLanguage":"fr-FR","potentialAction":[{"@type":"ReadAction","target":["https:\/\/www.holstein.ch\/fr\/nos-prestations\/donnees-sante\/"]}]},{"@type":"ImageObject","inLanguage":"fr-FR","@id":"https:\/\/www.holstein.ch\/fr\/nos-prestations\/donnees-sante\/#primaryimage","url":"https:\/\/www.holstein.ch\/wp-content\/uploads\/2023\/10\/donnees-sante.jpg","contentUrl":"https:\/\/www.holstein.ch\/wp-content\/uploads\/2023\/10\/donnees-sante.jpg","width":800,"height":533,"caption":"Donn\u00e9es de sant\u00e9"},{"@type":"BreadcrumbList","@id":"https:\/\/www.holstein.ch\/fr\/nos-prestations\/donnees-sante\/#breadcrumb","itemListElement":[{"@type":"ListItem","position":1,"name":"Nos prestations","item":"https:\/\/www.holstein.ch\/fr\/nos-prestations\/"},{"@type":"ListItem","position":2,"name":"Donn\u00e9es sant\u00e9"}]},{"@type":"WebSite","@id":"https:\/\/www.holstein.ch\/fr\/#website","url":"https:\/\/www.holstein.ch\/fr\/","name":"Holstein Switzerland","description":"Holstein Switzerland","publisher":{"@id":"https:\/\/www.holstein.ch\/fr\/#organization"},"potentialAction":[{"@type":"SearchAction","target":{"@type":"EntryPoint","urlTemplate":"https:\/\/www.holstein.ch\/fr\/?s={search_term_string}"},"query-input":{"@type":"PropertyValueSpecification","valueRequired":true,"valueName":"search_term_string"}}],"inLanguage":"fr-FR"},{"@type":"Organization","@id":"https:\/\/www.holstein.ch\/fr\/#organization","name":"Holstein Switzerland","url":"https:\/\/www.holstein.ch\/fr\/","logo":{"@type":"ImageObject","inLanguage":"fr-FR","@id":"https:\/\/www.holstein.ch\/fr\/#\/schema\/logo\/image\/","url":"https:\/\/www.holstein.ch\/wp-content\/uploads\/2023\/09\/holstein_switzerland_logo.png","contentUrl":"https:\/\/www.holstein.ch\/wp-content\/uploads\/2023\/09\/holstein_switzerland_logo.png","width":800,"height":621,"caption":"Holstein Switzerland"},"image":{"@id":"https:\/\/www.holstein.ch\/fr\/#\/schema\/logo\/image\/"},"sameAs":["https:\/\/www.facebook.com\/HolSwi","https:\/\/www.youtube.com\/@holsteinswitzerland","https:\/\/www.instagram.com\/holstein_switzerland"]}]}},"_links":{"self":[{"href":"https:\/\/www.holstein.ch\/fr\/wp-json\/wp\/v2\/pages\/7743","targetHints":{"allow":["GET"]}}],"collection":[{"href":"https:\/\/www.holstein.ch\/fr\/wp-json\/wp\/v2\/pages"}],"about":[{"href":"https:\/\/www.holstein.ch\/fr\/wp-json\/wp\/v2\/types\/page"}],"author":[{"embeddable":true,"href":"https:\/\/www.holstein.ch\/fr\/wp-json\/wp\/v2\/users\/1"}],"replies":[{"embeddable":true,"href":"https:\/\/www.holstein.ch\/fr\/wp-json\/wp\/v2\/comments?post=7743"}],"version-history":[{"count":20,"href":"https:\/\/www.holstein.ch\/fr\/wp-json\/wp\/v2\/pages\/7743\/revisions"}],"predecessor-version":[{"id":31533,"href":"https:\/\/www.holstein.ch\/fr\/wp-json\/wp\/v2\/pages\/7743\/revisions\/31533"}],"up":[{"embeddable":true,"href":"https:\/\/www.holstein.ch\/fr\/wp-json\/wp\/v2\/pages\/6970"}],"wp:featuredmedia":[{"embeddable":true,"href":"https:\/\/www.holstein.ch\/fr\/wp-json\/wp\/v2\/media\/25877"}],"wp:attachment":[{"href":"https:\/\/www.holstein.ch\/fr\/wp-json\/wp\/v2\/media?parent=7743"}],"curies":[{"name":"wp","href":"https:\/\/api.w.org\/{rel}","templated":true}]}}