{"id":7759,"date":"2020-04-03T07:00:15","date_gmt":"2020-04-03T05:00:15","guid":{"rendered":"https:\/\/holstein.ch\/?page_id=7759"},"modified":"2026-03-11T08:33:04","modified_gmt":"2026-03-11T07:33:04","slug":"evaluation-genetique","status":"publish","type":"page","link":"https:\/\/www.holstein.ch\/fr\/nos-prestations\/evaluation-genetique\/","title":{"rendered":"\u00c9valuation g\u00e9n\u00e9tique"},"content":{"rendered":"\t\t<div data-elementor-type=\"wp-page\" data-elementor-id=\"7759\" class=\"elementor elementor-7759\" data-elementor-post-type=\"page\">\n\t\t\t\t<div class=\"has_ae_slider elementor-element elementor-element-6c319765 e-flex e-con-boxed ae-bg-gallery-type-default e-con e-parent\" data-id=\"6c319765\" data-element_type=\"container\">\n\t\t\t\t\t<div class=\"e-con-inner\">\n\t\t\t\t<div class=\"elementor-element elementor-element-559593f5 elementor-widget elementor-widget-text-editor\" data-id=\"559593f5\" data-element_type=\"widget\" data-widget_type=\"text-editor.default\">\n\t\t\t\t<div class=\"elementor-widget-container\">\n\t\t\t\t\t\t\t\t\t<p>Les \u00e9valuations g\u00e9n\u00e9tiques permettent d\u2019estimer la valeur g\u00e9n\u00e9tique des animaux en prenant en compte toutes les informations collect\u00e9es \u00e0 leur sujet. Ce sont \u00e0 la fois les performances r\u00e9alis\u00e9es par l\u2019animal, ses liens de parent\u00e9s et son ADN qui sont pris en compte pour calculer sa valeur g\u00e9n\u00e9tique.<\/p><details class=\"wp-block-details iset\"><summary>ISET<\/summary><p>L\u2019index de s\u00e9lection totale (ISET) repr\u00e9sente l\u2019objectif principal de s\u00e9lection de la race Holstein en Suisse. Depuis 2015, l\u2019index est commun aux deux organisations d\u2019\u00e9levage avec des animaux Holstein. L\u2019ISET est r\u00e9guli\u00e8rement adapt\u00e9 aux changements sur le march\u00e9 afin de permettre la s\u00e9lection de vache r\u00e9pondant aux conditions actuelles de production.<\/p><p>L\u2019ISET est form\u00e9 de trois composants principaux qui ont \u00e9galement leurs index propres\u00a0:<\/p><ul><li>La production \u2013 IPL<\/li><li>La conformation \u2013 ITP\u00a0<\/li><li>Les crit\u00e8res fonctionnels \u2013 IFF<\/li><\/ul><p>La pond\u00e9ration des crit\u00e8res sp\u00e9cifique dans l\u2019ISET tient compte de la corr\u00e9lation entre eux. Le but est d\u2019am\u00e9liorer directement ou indirectement les qualit\u00e9s demand\u00e9es de la race Holstein (production, conformation, sant\u00e9) sans porter pr\u00e9judice \u00e0 d\u2019autres crit\u00e8res importants (d\u00e9roulement du v\u00ealage, persistance, etc.)<\/p><p>Les pond\u00e9rations actuelles sont pr\u00e9sent\u00e9es ci-dessous ainsi que l\u2019effet attendue sur l\u2019\u00e9volution g\u00e9n\u00e9tique de la race Holstein.<\/p><figure class=\"wp-block-image size-full\"><img fetchpriority=\"high\" decoding=\"async\" class=\"alignnone wp-image-36246 size-full\" src=\"https:\/\/www.holstein.ch\/wp-content\/uploads\/2026\/03\/Graphique-ISET-mars2026.jpg\" alt=\"\" width=\"589\" height=\"638\" srcset=\"https:\/\/www.holstein.ch\/wp-content\/uploads\/2026\/03\/Graphique-ISET-mars2026.jpg 589w, https:\/\/www.holstein.ch\/wp-content\/uploads\/2026\/03\/Graphique-ISET-mars2026-277x300.jpg 277w, https:\/\/www.holstein.ch\/wp-content\/uploads\/2026\/03\/Graphique-ISET-mars2026-138x150.jpg 138w\" sizes=\"(max-width: 589px) 100vw, 589px\" \/><\/figure><p>L\u2019ISET est publi\u00e9 sous la forme d\u2019un index avec une moyenne de 1000 et un \u00e9cart-type de 100. Cela signifie que les animaux \u00e0 1200 ISET et plus repr\u00e9sentent approximativement le top 2% de la race.<\/p><p>Les composants de l\u2019ISET (IPL, ITP, IFF) sont publi\u00e9 avec une moyenne de 100 et un \u00e9cart-type de 10.<\/p><\/details><details class=\"wp-block-details ipl\"><summary>IPL<\/summary><p>L\u2019IPL regroupe les VE de production laiti\u00e8re. Il tient compte des quantit\u00e9 de mati\u00e8re grasse et de prot\u00e9ine produite. Le but de l\u2019IPL est de continuer \u00e0 augmenter la teneur en prot\u00e9ine, stabiliser la teneur en mati\u00e8re grasse tout en augmentant la production.<\/p><\/details><details class=\"wp-block-details itp\"><summary>ITP<\/summary><p>L\u2019ITP est un index morphologique qui pr\u00e9dit la note de classification en 1<sup>re<\/sup> lactation. Il tient compte de tous les \u00e9l\u00e9ments de la description lin\u00e9aire. Dans le calcul de l\u2019ISET, seuls les valeurs pour les membres et pour le syst\u00e8me mammaire sont prise en compte.<\/p><\/details><details class=\"wp-block-details iff\"><summary>IFF<\/summary><p>L\u2019index pour les crit\u00e8res fonctionnels (IFF) contient les valeurs d\u2019\u00e9levage pour la sant\u00e9 (cellules), la long\u00e9vit\u00e9, la fertilit\u00e9, la stabilit\u00e9 m\u00e9tabolique (BCS) et la stature.<\/p><\/details>\t\t\t\t\t\t\t\t<\/div>\n\t\t\t\t<\/div>\n\t\t\t\t\t<\/div>\n\t\t\t\t<\/div>\n\t\t\t\t<\/div>\n\t\t","protected":false},"excerpt":{"rendered":"<p>Les \u00e9valuations g\u00e9n\u00e9tiques permettent d\u2019estimer la valeur g\u00e9n\u00e9tique des animaux en prenant en compte toutes les informations collect\u00e9es \u00e0 leur sujet. Ce sont \u00e0 la fois les performances r\u00e9alis\u00e9es par l\u2019animal, ses liens de parent\u00e9s et son ADN qui sont pris en compte pour calculer sa valeur g\u00e9n\u00e9tique. ISET L\u2019index de s\u00e9lection totale (ISET) repr\u00e9sente [&hellip;]<\/p>\n","protected":false},"author":1,"featured_media":25879,"parent":6970,"menu_order":0,"comment_status":"closed","ping_status":"closed","template":"","meta":{"_acf_changed":false,"_monsterinsights_skip_tracking":false,"_monsterinsights_sitenote_active":false,"_monsterinsights_sitenote_note":"","_monsterinsights_sitenote_category":0,"footnotes":""},"class_list":["post-7759","page","type-page","status-publish","has-post-thumbnail","hentry"],"acf":[],"yoast_head":"<!-- This site is optimized with the Yoast SEO plugin v26.9 - https:\/\/yoast.com\/product\/yoast-seo-wordpress\/ -->\n<title>\u00c9valuation g\u00e9n\u00e9tique - Holstein Switzerland<\/title>\n<meta name=\"robots\" content=\"index, follow, max-snippet:-1, max-image-preview:large, max-video-preview:-1\" \/>\n<link rel=\"canonical\" href=\"https:\/\/www.holstein.ch\/fr\/nos-prestations\/evaluation-genetique\/\" \/>\n<meta property=\"og:locale\" content=\"fr_FR\" \/>\n<meta property=\"og:type\" content=\"article\" \/>\n<meta property=\"og:title\" content=\"\u00c9valuation g\u00e9n\u00e9tique - Holstein Switzerland\" \/>\n<meta property=\"og:description\" content=\"Les \u00e9valuations g\u00e9n\u00e9tiques permettent d\u2019estimer la valeur g\u00e9n\u00e9tique des animaux en prenant en compte toutes les informations collect\u00e9es \u00e0 leur sujet. Ce sont \u00e0 la fois les performances r\u00e9alis\u00e9es par l\u2019animal, ses liens de parent\u00e9s et son ADN qui sont pris en compte pour calculer sa valeur g\u00e9n\u00e9tique. ISET L\u2019index de s\u00e9lection totale (ISET) repr\u00e9sente [&hellip;]\" \/>\n<meta property=\"og:url\" content=\"https:\/\/www.holstein.ch\/fr\/nos-prestations\/evaluation-genetique\/\" \/>\n<meta property=\"og:site_name\" content=\"Holstein Switzerland\" \/>\n<meta property=\"article:publisher\" content=\"https:\/\/www.facebook.com\/HolSwi\" \/>\n<meta property=\"article:modified_time\" content=\"2026-03-11T07:33:04+00:00\" \/>\n<meta property=\"og:image\" content=\"https:\/\/www.holstein.ch\/wp-content\/uploads\/2023\/10\/evaluationGenetique.jpg\" \/>\n\t<meta property=\"og:image:width\" content=\"1000\" \/>\n\t<meta property=\"og:image:height\" content=\"667\" \/>\n\t<meta property=\"og:image:type\" content=\"image\/jpeg\" \/>\n<meta name=\"twitter:card\" content=\"summary_large_image\" \/>\n<meta name=\"twitter:label1\" content=\"Dur\u00e9e de lecture estim\u00e9e\" \/>\n\t<meta name=\"twitter:data1\" content=\"3 minutes\" \/>\n<script type=\"application\/ld+json\" class=\"yoast-schema-graph\">{\"@context\":\"https:\/\/schema.org\",\"@graph\":[{\"@type\":\"WebPage\",\"@id\":\"https:\/\/www.holstein.ch\/fr\/nos-prestations\/evaluation-genetique\/\",\"url\":\"https:\/\/www.holstein.ch\/fr\/nos-prestations\/evaluation-genetique\/\",\"name\":\"\u00c9valuation g\u00e9n\u00e9tique - Holstein Switzerland\",\"isPartOf\":{\"@id\":\"https:\/\/www.holstein.ch\/fr\/#website\"},\"primaryImageOfPage\":{\"@id\":\"https:\/\/www.holstein.ch\/fr\/nos-prestations\/evaluation-genetique\/#primaryimage\"},\"image\":{\"@id\":\"https:\/\/www.holstein.ch\/fr\/nos-prestations\/evaluation-genetique\/#primaryimage\"},\"thumbnailUrl\":\"https:\/\/www.holstein.ch\/wp-content\/uploads\/2023\/10\/evaluationGenetique.jpg\",\"datePublished\":\"2020-04-03T05:00:15+00:00\",\"dateModified\":\"2026-03-11T07:33:04+00:00\",\"breadcrumb\":{\"@id\":\"https:\/\/www.holstein.ch\/fr\/nos-prestations\/evaluation-genetique\/#breadcrumb\"},\"inLanguage\":\"fr-FR\",\"potentialAction\":[{\"@type\":\"ReadAction\",\"target\":[\"https:\/\/www.holstein.ch\/fr\/nos-prestations\/evaluation-genetique\/\"]}]},{\"@type\":\"ImageObject\",\"inLanguage\":\"fr-FR\",\"@id\":\"https:\/\/www.holstein.ch\/fr\/nos-prestations\/evaluation-genetique\/#primaryimage\",\"url\":\"https:\/\/www.holstein.ch\/wp-content\/uploads\/2023\/10\/evaluationGenetique.jpg\",\"contentUrl\":\"https:\/\/www.holstein.ch\/wp-content\/uploads\/2023\/10\/evaluationGenetique.jpg\",\"width\":1000,\"height\":667,\"caption\":\"\u00c9valuation g\u00e9n\u00e9tique\"},{\"@type\":\"BreadcrumbList\",\"@id\":\"https:\/\/www.holstein.ch\/fr\/nos-prestations\/evaluation-genetique\/#breadcrumb\",\"itemListElement\":[{\"@type\":\"ListItem\",\"position\":1,\"name\":\"Nos prestations\",\"item\":\"https:\/\/www.holstein.ch\/fr\/nos-prestations\/\"},{\"@type\":\"ListItem\",\"position\":2,\"name\":\"\u00c9valuation g\u00e9n\u00e9tique\"}]},{\"@type\":\"WebSite\",\"@id\":\"https:\/\/www.holstein.ch\/fr\/#website\",\"url\":\"https:\/\/www.holstein.ch\/fr\/\",\"name\":\"Holstein Switzerland\",\"description\":\"Holstein Switzerland\",\"publisher\":{\"@id\":\"https:\/\/www.holstein.ch\/fr\/#organization\"},\"potentialAction\":[{\"@type\":\"SearchAction\",\"target\":{\"@type\":\"EntryPoint\",\"urlTemplate\":\"https:\/\/www.holstein.ch\/fr\/?s={search_term_string}\"},\"query-input\":{\"@type\":\"PropertyValueSpecification\",\"valueRequired\":true,\"valueName\":\"search_term_string\"}}],\"inLanguage\":\"fr-FR\"},{\"@type\":\"Organization\",\"@id\":\"https:\/\/www.holstein.ch\/fr\/#organization\",\"name\":\"Holstein Switzerland\",\"url\":\"https:\/\/www.holstein.ch\/fr\/\",\"logo\":{\"@type\":\"ImageObject\",\"inLanguage\":\"fr-FR\",\"@id\":\"https:\/\/www.holstein.ch\/fr\/#\/schema\/logo\/image\/\",\"url\":\"https:\/\/www.holstein.ch\/wp-content\/uploads\/2023\/09\/holstein_switzerland_logo.png\",\"contentUrl\":\"https:\/\/www.holstein.ch\/wp-content\/uploads\/2023\/09\/holstein_switzerland_logo.png\",\"width\":800,\"height\":621,\"caption\":\"Holstein Switzerland\"},\"image\":{\"@id\":\"https:\/\/www.holstein.ch\/fr\/#\/schema\/logo\/image\/\"},\"sameAs\":[\"https:\/\/www.facebook.com\/HolSwi\",\"https:\/\/www.youtube.com\/@holsteinswitzerland\",\"https:\/\/www.instagram.com\/holstein_switzerland\"]}]}<\/script>\n<!-- \/ Yoast SEO plugin. -->","yoast_head_json":{"title":"\u00c9valuation g\u00e9n\u00e9tique - Holstein Switzerland","robots":{"index":"index","follow":"follow","max-snippet":"max-snippet:-1","max-image-preview":"max-image-preview:large","max-video-preview":"max-video-preview:-1"},"canonical":"https:\/\/www.holstein.ch\/fr\/nos-prestations\/evaluation-genetique\/","og_locale":"fr_FR","og_type":"article","og_title":"\u00c9valuation g\u00e9n\u00e9tique - Holstein Switzerland","og_description":"Les \u00e9valuations g\u00e9n\u00e9tiques permettent d\u2019estimer la valeur g\u00e9n\u00e9tique des animaux en prenant en compte toutes les informations collect\u00e9es \u00e0 leur sujet. Ce sont \u00e0 la fois les performances r\u00e9alis\u00e9es par l\u2019animal, ses liens de parent\u00e9s et son ADN qui sont pris en compte pour calculer sa valeur g\u00e9n\u00e9tique. ISET L\u2019index de s\u00e9lection totale (ISET) repr\u00e9sente [&hellip;]","og_url":"https:\/\/www.holstein.ch\/fr\/nos-prestations\/evaluation-genetique\/","og_site_name":"Holstein Switzerland","article_publisher":"https:\/\/www.facebook.com\/HolSwi","article_modified_time":"2026-03-11T07:33:04+00:00","og_image":[{"width":1000,"height":667,"url":"https:\/\/www.holstein.ch\/wp-content\/uploads\/2023\/10\/evaluationGenetique.jpg","type":"image\/jpeg"}],"twitter_card":"summary_large_image","twitter_misc":{"Dur\u00e9e de lecture estim\u00e9e":"3 minutes"},"schema":{"@context":"https:\/\/schema.org","@graph":[{"@type":"WebPage","@id":"https:\/\/www.holstein.ch\/fr\/nos-prestations\/evaluation-genetique\/","url":"https:\/\/www.holstein.ch\/fr\/nos-prestations\/evaluation-genetique\/","name":"\u00c9valuation g\u00e9n\u00e9tique - Holstein Switzerland","isPartOf":{"@id":"https:\/\/www.holstein.ch\/fr\/#website"},"primaryImageOfPage":{"@id":"https:\/\/www.holstein.ch\/fr\/nos-prestations\/evaluation-genetique\/#primaryimage"},"image":{"@id":"https:\/\/www.holstein.ch\/fr\/nos-prestations\/evaluation-genetique\/#primaryimage"},"thumbnailUrl":"https:\/\/www.holstein.ch\/wp-content\/uploads\/2023\/10\/evaluationGenetique.jpg","datePublished":"2020-04-03T05:00:15+00:00","dateModified":"2026-03-11T07:33:04+00:00","breadcrumb":{"@id":"https:\/\/www.holstein.ch\/fr\/nos-prestations\/evaluation-genetique\/#breadcrumb"},"inLanguage":"fr-FR","potentialAction":[{"@type":"ReadAction","target":["https:\/\/www.holstein.ch\/fr\/nos-prestations\/evaluation-genetique\/"]}]},{"@type":"ImageObject","inLanguage":"fr-FR","@id":"https:\/\/www.holstein.ch\/fr\/nos-prestations\/evaluation-genetique\/#primaryimage","url":"https:\/\/www.holstein.ch\/wp-content\/uploads\/2023\/10\/evaluationGenetique.jpg","contentUrl":"https:\/\/www.holstein.ch\/wp-content\/uploads\/2023\/10\/evaluationGenetique.jpg","width":1000,"height":667,"caption":"\u00c9valuation g\u00e9n\u00e9tique"},{"@type":"BreadcrumbList","@id":"https:\/\/www.holstein.ch\/fr\/nos-prestations\/evaluation-genetique\/#breadcrumb","itemListElement":[{"@type":"ListItem","position":1,"name":"Nos prestations","item":"https:\/\/www.holstein.ch\/fr\/nos-prestations\/"},{"@type":"ListItem","position":2,"name":"\u00c9valuation g\u00e9n\u00e9tique"}]},{"@type":"WebSite","@id":"https:\/\/www.holstein.ch\/fr\/#website","url":"https:\/\/www.holstein.ch\/fr\/","name":"Holstein Switzerland","description":"Holstein Switzerland","publisher":{"@id":"https:\/\/www.holstein.ch\/fr\/#organization"},"potentialAction":[{"@type":"SearchAction","target":{"@type":"EntryPoint","urlTemplate":"https:\/\/www.holstein.ch\/fr\/?s={search_term_string}"},"query-input":{"@type":"PropertyValueSpecification","valueRequired":true,"valueName":"search_term_string"}}],"inLanguage":"fr-FR"},{"@type":"Organization","@id":"https:\/\/www.holstein.ch\/fr\/#organization","name":"Holstein Switzerland","url":"https:\/\/www.holstein.ch\/fr\/","logo":{"@type":"ImageObject","inLanguage":"fr-FR","@id":"https:\/\/www.holstein.ch\/fr\/#\/schema\/logo\/image\/","url":"https:\/\/www.holstein.ch\/wp-content\/uploads\/2023\/09\/holstein_switzerland_logo.png","contentUrl":"https:\/\/www.holstein.ch\/wp-content\/uploads\/2023\/09\/holstein_switzerland_logo.png","width":800,"height":621,"caption":"Holstein Switzerland"},"image":{"@id":"https:\/\/www.holstein.ch\/fr\/#\/schema\/logo\/image\/"},"sameAs":["https:\/\/www.facebook.com\/HolSwi","https:\/\/www.youtube.com\/@holsteinswitzerland","https:\/\/www.instagram.com\/holstein_switzerland"]}]}},"_links":{"self":[{"href":"https:\/\/www.holstein.ch\/fr\/wp-json\/wp\/v2\/pages\/7759","targetHints":{"allow":["GET"]}}],"collection":[{"href":"https:\/\/www.holstein.ch\/fr\/wp-json\/wp\/v2\/pages"}],"about":[{"href":"https:\/\/www.holstein.ch\/fr\/wp-json\/wp\/v2\/types\/page"}],"author":[{"embeddable":true,"href":"https:\/\/www.holstein.ch\/fr\/wp-json\/wp\/v2\/users\/1"}],"replies":[{"embeddable":true,"href":"https:\/\/www.holstein.ch\/fr\/wp-json\/wp\/v2\/comments?post=7759"}],"version-history":[{"count":27,"href":"https:\/\/www.holstein.ch\/fr\/wp-json\/wp\/v2\/pages\/7759\/revisions"}],"predecessor-version":[{"id":36256,"href":"https:\/\/www.holstein.ch\/fr\/wp-json\/wp\/v2\/pages\/7759\/revisions\/36256"}],"up":[{"embeddable":true,"href":"https:\/\/www.holstein.ch\/fr\/wp-json\/wp\/v2\/pages\/6970"}],"wp:featuredmedia":[{"embeddable":true,"href":"https:\/\/www.holstein.ch\/fr\/wp-json\/wp\/v2\/media\/25879"}],"wp:attachment":[{"href":"https:\/\/www.holstein.ch\/fr\/wp-json\/wp\/v2\/media?parent=7759"}],"curies":[{"name":"wp","href":"https:\/\/api.w.org\/{rel}","templated":true}]}}