{"id":7775,"date":"2019-05-29T12:23:25","date_gmt":"2019-05-29T10:23:25","guid":{"rendered":"https:\/\/holstein.ch\/?page_id=7775"},"modified":"2023-11-20T08:58:47","modified_gmt":"2023-11-20T07:58:47","slug":"herdbook","status":"publish","type":"page","link":"https:\/\/www.holstein.ch\/fr\/nos-prestations\/herdbook\/","title":{"rendered":"Herdbook"},"content":{"rendered":"\n<p class=\"introduction\"><strong>Le herdbook Holstein est un herdbook ouvert.<\/strong><\/p>\n\n\n\n<p>Chaque animal est enregistr\u00e9 avec son pourcentage de sang; l\u2019ascendance est garantie sur la base de l\u2019annonce des ins\u00e9minations et saillies, de l\u2019annonce des naissances, et de tests ADN si n\u00e9cessaire. Toutes les informations issues du contr\u00f4le des performances et de l\u2019\u00e9valuation g\u00e9n\u00e9tique y sont archiv\u00e9es.<\/p>\n\n\n\n<details class=\"wp-block-details inseminations-ai-monte-naturelle is-layout-flow wp-block-details-is-layout-flow\"><summary>Ins\u00e9minations (IA) et monte naturelle<\/summary>\n<p>Les IA effectu\u00e9es par un ins\u00e9minateur affect\u00e9 \u00e0 un r\u00e9seau (par exemple Swissgenetics, Select Star) sont r\u00e9guli\u00e8rement transmises au service du herdbook par l\u2019organisation d\u2019IA concern\u00e9e pour enregistrement.<\/p>\n\n\n\n<p>Les \u00e9leveurs qui utilisent un taureau en monte naturelle, qui ins\u00e9minent eux-m\u00eames ou qui recourent aux services d\u2019un ins\u00e9minateur libre doivent annoncer les saillies et les ins\u00e9minations au service du herdbook au moyen du formulaire vert RIS (registre des ins\u00e9minations et saillies, \u00e0 commander au service du herdbook) ou par Internet sur <a href=\"https:\/\/www.holsteinvision.ch\" target=\"_blank\" rel=\"noreferrer noopener\">www.holsteinvision.ch<\/a> ou sur l\u2019application Holstein Mobile, au plus tard 30 jours apr\u00e8s la premi\u00e8re saillie\/ins\u00e9mination. Seules les donn\u00e9es correctes sont enregistr\u00e9es dans le herdbook.<\/p>\n\n\n\n<p>Si les donn\u00e9es d\u2019IA ou de saillies sont annonc\u00e9es correctement, le service du herdbook d\u00e9livre une attestation d\u2019ins\u00e9mination ou de saillie dans les 6 mois qui suivent (ins\u00e9minations f\u00e9condantes uniquement). Ces attestations permettent d\u2019annoncer correctement les naissances \u00e0 la BDTA.<\/p>\n<\/details>\n\n\n\n<details class=\"wp-block-details annonce-naissances is-layout-flow wp-block-details-is-layout-flow\"><summary>Annonce des naissances<\/summary>\n<p>Conform\u00e9ment \u00e0 l\u2019ordonnance relative \u00e0 la banque de donn\u00e9es sur le trafic des animaux, l\u2019\u00e9leveur est responsable du marquage des veaux et de l\u2019annonce correcte et compl\u00e8te des informations \u00e0 la BDTA. Les naissances sont annonc\u00e9es \u00e0 la BDTA par Internet via le portail <a href=\"https:\/\/www.agate.ch\" target=\"_blank\" rel=\"noreferrer noopener\">www.agate.ch<\/a> directement par HolsteinVision version ordinateur ou mobile. Pour garantir un certificat zootechnique complet, toutes les rubriques de l\u2019annonce de naissance sont indispensables. Les avortements, les mort-n\u00e9s et les malformations ou tares h\u00e9r\u00e9ditaires sont \u00e9galement \u00e0 annoncer \u00e0 la BDTA par Internet.<\/p>\n\n\n\n<p>Une fois par jour, les donn\u00e9es naissances sont transmises de la BDTA au service du herdbook. Des tests de plausibilit\u00e9 permettent de garantir l\u2019ascendance correcte (parents enregistr\u00e9s, IA ou saillie enregistr\u00e9e, dur\u00e9e de gestation correcte, correspondance date de naissance \u2013 date de v\u00ealage de la m\u00e8re). Le certificat zootechnique correspondant est \u00e9tabli et envoy\u00e9 \u00e0 l\u2019\u00e9leveur avec l\u2019information mensuelle du contr\u00f4le laitier.<\/p>\n\n\n\n<p>Le marquage et l\u2019annonce de naissance dans les r\u00e8gles et dans les d\u00e9lais constituent le fondement du herdbook et la base de tout le travail d\u2019une f\u00e9d\u00e9ration d\u2019\u00e9levage.<\/p>\n<\/details>\n\n\n\n<details class=\"wp-block-details les-controles-dascendance is-layout-flow wp-block-details-is-layout-flow\"><summary>Les contr\u00f4les d&#8217;ascendance<\/summary>\n<p>Les contr\u00f4les d\u2019ascendance permettent de v\u00e9rifier l\u2019exactitude des annonces d\u2019ins\u00e9mination, de saillie et de naissance. Ils permettent \u00e9galement de d\u00e9terminer de mani\u00e8re s\u00fbre les parents d\u2019un animal lors d\u2019ins\u00e9minations ou saillies cons\u00e9cutives avec changement de taureau ou lors de transfert d\u2019embryons.<\/p>\n\n\n\n<p>Dans les cas suivants, l&#8217;ascendance compl\u00e8te n&#8217;est enregistr\u00e9e et les documents de herdbook \u00e9tablis que sur pr\u00e9sentation du rapport positif d&#8217;un laboratoire reconnu pour les contr\u00f4les d&#8217;ascendance:<\/p>\n\n\n\n<ul class=\"wp-block-list\">\n<li>d\u00e9lai d&#8217;annonce par notification de naissance non respect\u00e9 ;<\/li>\n\n\n\n<li>dur\u00e9e de gestation anormale ;<\/li>\n\n\n\n<li>ins\u00e9minations ou saillies cons\u00e9cutives avec changement de taureau ;<\/li>\n\n\n\n<li>identification douteuse du p\u00e8re, de la m\u00e8re ou du veau; saillie ou IA non annonc\u00e9e ;<\/li>\n\n\n\n<li>veau issu de transfert d&#8217;embryons ;<\/li>\n\n\n\n<li>taureau destin\u00e9 \u00e0 l&#8217;ins\u00e9mination artificielle<\/li>\n<\/ul>\n<\/details>\n\n\n\n<details class=\"wp-block-details le-genotypage is-layout-flow wp-block-details-is-layout-flow\"><summary>Le g\u00e9notypage<\/summary>\n<p>Tenir le herdbook n\u00e9cessite de l\u2019alimenter avec les donn\u00e9es relatives aux animaux. Dans ce but, le g\u00e9notypage des animaux d\u00e9livre, entre autres, des valeurs g\u00e9nomiques utiles \u00e0 la prise de d\u00e9cision, afin d\u2019orienter l\u2019\u00e9levage en fonction de la strat\u00e9gie vis\u00e9e.<\/p>\n\n\n\n<p>Le g\u00e9notypage consiste \u00e0 d\u00e9crypter l\u2019ADN d\u2019un individu pour conna\u00eetre son potentiel g\u00e9n\u00e9tique avant m\u00eame que celui-ci ne l\u2019exprime. La m\u00e9thode la plus couramment utilis\u00e9e est le g\u00e9notypage de SNP (Single Nucleotide Polymorphism)<\/p>\n\n\n\n<p>Les SNPs sont des mutations de la g\u00e9n\u00e9tique, plus simplement des changements de s\u00e9quen\u00e7age des g\u00e8nes, autrement appel\u00e9 Snips. La technique SNP permet la localisation pr\u00e9cise des sections ADN r\u00e9form\u00e9es. En somme, avec cette m\u00e9thode il y a 70&#8217;000 g\u00e8nes qui peuvent \u00eatre d\u00e9tect\u00e9s. C\u2019est pour cette raison qu\u2019elle est beaucoup utilis\u00e9e pour le contr\u00f4le d\u2019ascendance. Hormis les contr\u00f4les d\u2019ascendance qui permettent de retrouver les parents d\u2019un animal, il est aussi possible \u00e0 l\u2019aide du g\u00e9notypage de v\u00e9rifier si le sujet est porteur ou non de tares h\u00e9r\u00e9ditaires ou du facteur rouge. Il permet \u00e9galement d\u2019estimer le potentiel g\u00e9n\u00e9tique d\u2019un individu en traduisant son ADN en valeurs d\u2019\u00e9levage g\u00e9nomique. Celles-ci permettent en effet de d\u00e9finir un lien de causalit\u00e9 entre des s\u00e9quences g\u00e9n\u00e9tiques et une maladie.<\/p>\n<\/details>\n\n\n\n<details class=\"wp-block-details prefixe-delevage is-layout-flow wp-block-details-is-layout-flow\"><summary>Le pr\u00e9fixe d&#8217;\u00e9levage<\/summary>\n<p>Les \u00e9leveurs qui d\u00e9sirent inscrire un PREFIXE pour leurs animaux d\u2019\u00e9levage peuvent le faire en s\u2019annon\u00e7ant au service du Herdbook. Conditions : la longueur ne doit pas d\u00e9passer 10 caract\u00e8res et le nom choisi ne doit pas d\u00e9j\u00e0 \u00eatre utilis\u00e9 par un autre \u00e9leveur suisse. Le pr\u00e9fixe de l\u2019\u00e9levage est automatiquement ajout\u00e9 au nom court de tous les animaux \u00e9lev\u00e9s par le propri\u00e9taire du pr\u00e9fixe.<\/p>\n<\/details>\n\n\n\n<details class=\"wp-block-details les-coproprietes is-layout-flow wp-block-details-is-layout-flow\"><summary>Les copropri\u00e9t\u00e9s<\/summary>\n<h4 class=\"wp-block-heading\">Principe<\/h4>\n\n\n\n<p>Toutes les personnes qui n\u2019ont pas d\u2019exploitation ou qui ne font pas partie de notre Coop\u00e9rative ont la possibilit\u00e9 d\u2019inscrire un animal \u00e0 leur nom. Ceci est \u00e9galement valable pour les animaux qui appartiennent \u00e0 plusieurs personnes ou \u00e0 un groupe d\u2019\u00e9leveurs (syndicat).<\/p>\n\n\n\n<h4 class=\"wp-block-heading\">Conditions<\/h4>\n\n\n\n<p>L\u2019animal en question doit se trouver dans une exploitation affili\u00e9e \u00e0 Holstein Switzerland. Le contr\u00f4le laitier, le marquage et les annonces BDTA s\u2019effectueront par l\u2019exploitation en question.<\/p>\n\n\n\n<h4 class=\"wp-block-heading\">Gestion des copropri\u00e9t\u00e9s<\/h4>\n\n\n\n<p>Chaque propri\u00e9taire figure sur le certificat zootechnique. Le propri\u00e9taire principal figure en premi\u00e8re position. L\u2019exploitation de d\u00e9tention (stationnement de l\u2019animal) est d\u00e9sign\u00e9e par le signe *. Sur les catalogues d\u2019exposition et les pancartes d\u2019\u00e9curie seul figure le propri\u00e9taire principal. Les descendants re\u00e7oivent automatiquement le pr\u00e9fixe du propri\u00e9taire principal de la m\u00e8re au moment de l\u2019ins\u00e9mination.<\/p>\n\n\n\n<p>Chaque copropri\u00e9taire a un acc\u00e8s priv\u00e9 gratuit \u00e0&nbsp;<a href=\"https:\/\/www.holsteinvision.ch\/\" target=\"_blank\" rel=\"noreferrer noopener\">HolsteinVision<\/a>. Il a ainsi la possibilit\u00e9 de consulter les donn\u00e9es de ses animaux en copropri\u00e9t\u00e9 m\u00eame si ceux-ci se trouvent \u00e0 diff\u00e9rents endroits ou ont chang\u00e9 d\u2019exploitation de stationnement.<\/p>\n\n\n\n<h4 class=\"wp-block-heading\">Annonce<\/h4>\n\n\n\n<p>L\u2019annonce de la copropri\u00e9t\u00e9 s\u2019effectue aupr\u00e8s de la Coop\u00e9rative par&nbsp;<a href=\"\/wp-content\/uploads\/Annonce-coproprietes_2022.pdf\" target=\"_blank\" rel=\"noreferrer noopener\">bulletin d\u2019inscription<\/a>. Elle devient d\u00e9finitive qu\u2019apr\u00e8s paiement du forfait d\u2019inscription. Les descendants de l\u2019animal en question peuvent \u00eatre annonc\u00e9s pour une nouvelle copropri\u00e9t\u00e9 par le propri\u00e9taire principal de la m\u00e8re.<\/p>\n<\/details>\n","protected":false},"excerpt":{"rendered":"<p>Le herdbook Holstein est un herdbook ouvert. Chaque animal est enregistr\u00e9 avec son pourcentage de sang; l\u2019ascendance est garantie sur la base de l\u2019annonce des ins\u00e9minations et saillies, de l\u2019annonce des naissances, et de tests ADN si n\u00e9cessaire. Toutes les informations issues du contr\u00f4le des performances et de l\u2019\u00e9valuation g\u00e9n\u00e9tique y sont archiv\u00e9es.<\/p>\n","protected":false},"author":1,"featured_media":25881,"parent":6970,"menu_order":0,"comment_status":"closed","ping_status":"closed","template":"","meta":{"_acf_changed":false,"_monsterinsights_skip_tracking":false,"_monsterinsights_sitenote_active":false,"_monsterinsights_sitenote_note":"","_monsterinsights_sitenote_category":0,"footnotes":""},"class_list":["post-7775","page","type-page","status-publish","has-post-thumbnail","hentry"],"acf":[],"yoast_head":"<!-- This site is optimized with the Yoast SEO plugin v26.9 - https:\/\/yoast.com\/product\/yoast-seo-wordpress\/ -->\n<title>Herdbook - Holstein Switzerland<\/title>\n<meta name=\"robots\" content=\"index, follow, max-snippet:-1, max-image-preview:large, max-video-preview:-1\" \/>\n<link rel=\"canonical\" href=\"https:\/\/www.holstein.ch\/fr\/nos-prestations\/herdbook\/\" \/>\n<meta property=\"og:locale\" content=\"fr_FR\" \/>\n<meta property=\"og:type\" content=\"article\" \/>\n<meta property=\"og:title\" content=\"Herdbook - Holstein Switzerland\" \/>\n<meta property=\"og:description\" content=\"Le herdbook Holstein est un herdbook ouvert. Chaque animal est enregistr\u00e9 avec son pourcentage de sang; l\u2019ascendance est garantie sur la base de l\u2019annonce des ins\u00e9minations et saillies, de l\u2019annonce des naissances, et de tests ADN si n\u00e9cessaire. Toutes les informations issues du contr\u00f4le des performances et de l\u2019\u00e9valuation g\u00e9n\u00e9tique y sont archiv\u00e9es.\" \/>\n<meta property=\"og:url\" content=\"https:\/\/www.holstein.ch\/fr\/nos-prestations\/herdbook\/\" \/>\n<meta property=\"og:site_name\" content=\"Holstein Switzerland\" \/>\n<meta property=\"article:publisher\" content=\"https:\/\/www.facebook.com\/HolSwi\" \/>\n<meta property=\"article:modified_time\" content=\"2023-11-20T07:58:47+00:00\" \/>\n<meta property=\"og:image\" content=\"https:\/\/www.holstein.ch\/wp-content\/uploads\/2023\/10\/Herdbook.jpg\" \/>\n\t<meta property=\"og:image:width\" content=\"800\" \/>\n\t<meta property=\"og:image:height\" content=\"533\" \/>\n\t<meta property=\"og:image:type\" content=\"image\/jpeg\" \/>\n<meta name=\"twitter:card\" content=\"summary_large_image\" \/>\n<meta name=\"twitter:label1\" content=\"Dur\u00e9e de lecture estim\u00e9e\" \/>\n\t<meta name=\"twitter:data1\" content=\"5 minutes\" \/>\n<script type=\"application\/ld+json\" class=\"yoast-schema-graph\">{\"@context\":\"https:\/\/schema.org\",\"@graph\":[{\"@type\":\"WebPage\",\"@id\":\"https:\/\/www.holstein.ch\/fr\/nos-prestations\/herdbook\/\",\"url\":\"https:\/\/www.holstein.ch\/fr\/nos-prestations\/herdbook\/\",\"name\":\"Herdbook - Holstein Switzerland\",\"isPartOf\":{\"@id\":\"https:\/\/www.holstein.ch\/fr\/#website\"},\"primaryImageOfPage\":{\"@id\":\"https:\/\/www.holstein.ch\/fr\/nos-prestations\/herdbook\/#primaryimage\"},\"image\":{\"@id\":\"https:\/\/www.holstein.ch\/fr\/nos-prestations\/herdbook\/#primaryimage\"},\"thumbnailUrl\":\"https:\/\/www.holstein.ch\/wp-content\/uploads\/2023\/10\/Herdbook.jpg\",\"datePublished\":\"2019-05-29T10:23:25+00:00\",\"dateModified\":\"2023-11-20T07:58:47+00:00\",\"breadcrumb\":{\"@id\":\"https:\/\/www.holstein.ch\/fr\/nos-prestations\/herdbook\/#breadcrumb\"},\"inLanguage\":\"fr-FR\",\"potentialAction\":[{\"@type\":\"ReadAction\",\"target\":[\"https:\/\/www.holstein.ch\/fr\/nos-prestations\/herdbook\/\"]}]},{\"@type\":\"ImageObject\",\"inLanguage\":\"fr-FR\",\"@id\":\"https:\/\/www.holstein.ch\/fr\/nos-prestations\/herdbook\/#primaryimage\",\"url\":\"https:\/\/www.holstein.ch\/wp-content\/uploads\/2023\/10\/Herdbook.jpg\",\"contentUrl\":\"https:\/\/www.holstein.ch\/wp-content\/uploads\/2023\/10\/Herdbook.jpg\",\"width\":800,\"height\":533,\"caption\":\"Herdbook\"},{\"@type\":\"BreadcrumbList\",\"@id\":\"https:\/\/www.holstein.ch\/fr\/nos-prestations\/herdbook\/#breadcrumb\",\"itemListElement\":[{\"@type\":\"ListItem\",\"position\":1,\"name\":\"Nos prestations\",\"item\":\"https:\/\/www.holstein.ch\/fr\/nos-prestations\/\"},{\"@type\":\"ListItem\",\"position\":2,\"name\":\"Herdbook\"}]},{\"@type\":\"WebSite\",\"@id\":\"https:\/\/www.holstein.ch\/fr\/#website\",\"url\":\"https:\/\/www.holstein.ch\/fr\/\",\"name\":\"Holstein Switzerland\",\"description\":\"Holstein Switzerland\",\"publisher\":{\"@id\":\"https:\/\/www.holstein.ch\/fr\/#organization\"},\"potentialAction\":[{\"@type\":\"SearchAction\",\"target\":{\"@type\":\"EntryPoint\",\"urlTemplate\":\"https:\/\/www.holstein.ch\/fr\/?s={search_term_string}\"},\"query-input\":{\"@type\":\"PropertyValueSpecification\",\"valueRequired\":true,\"valueName\":\"search_term_string\"}}],\"inLanguage\":\"fr-FR\"},{\"@type\":\"Organization\",\"@id\":\"https:\/\/www.holstein.ch\/fr\/#organization\",\"name\":\"Holstein Switzerland\",\"url\":\"https:\/\/www.holstein.ch\/fr\/\",\"logo\":{\"@type\":\"ImageObject\",\"inLanguage\":\"fr-FR\",\"@id\":\"https:\/\/www.holstein.ch\/fr\/#\/schema\/logo\/image\/\",\"url\":\"https:\/\/www.holstein.ch\/wp-content\/uploads\/2023\/09\/holstein_switzerland_logo.png\",\"contentUrl\":\"https:\/\/www.holstein.ch\/wp-content\/uploads\/2023\/09\/holstein_switzerland_logo.png\",\"width\":800,\"height\":621,\"caption\":\"Holstein Switzerland\"},\"image\":{\"@id\":\"https:\/\/www.holstein.ch\/fr\/#\/schema\/logo\/image\/\"},\"sameAs\":[\"https:\/\/www.facebook.com\/HolSwi\",\"https:\/\/www.youtube.com\/@holsteinswitzerland\",\"https:\/\/www.instagram.com\/holstein_switzerland\"]}]}<\/script>\n<!-- \/ Yoast SEO plugin. -->","yoast_head_json":{"title":"Herdbook - Holstein Switzerland","robots":{"index":"index","follow":"follow","max-snippet":"max-snippet:-1","max-image-preview":"max-image-preview:large","max-video-preview":"max-video-preview:-1"},"canonical":"https:\/\/www.holstein.ch\/fr\/nos-prestations\/herdbook\/","og_locale":"fr_FR","og_type":"article","og_title":"Herdbook - Holstein Switzerland","og_description":"Le herdbook Holstein est un herdbook ouvert. Chaque animal est enregistr\u00e9 avec son pourcentage de sang; l\u2019ascendance est garantie sur la base de l\u2019annonce des ins\u00e9minations et saillies, de l\u2019annonce des naissances, et de tests ADN si n\u00e9cessaire. Toutes les informations issues du contr\u00f4le des performances et de l\u2019\u00e9valuation g\u00e9n\u00e9tique y sont archiv\u00e9es.","og_url":"https:\/\/www.holstein.ch\/fr\/nos-prestations\/herdbook\/","og_site_name":"Holstein Switzerland","article_publisher":"https:\/\/www.facebook.com\/HolSwi","article_modified_time":"2023-11-20T07:58:47+00:00","og_image":[{"width":800,"height":533,"url":"https:\/\/www.holstein.ch\/wp-content\/uploads\/2023\/10\/Herdbook.jpg","type":"image\/jpeg"}],"twitter_card":"summary_large_image","twitter_misc":{"Dur\u00e9e de lecture estim\u00e9e":"5 minutes"},"schema":{"@context":"https:\/\/schema.org","@graph":[{"@type":"WebPage","@id":"https:\/\/www.holstein.ch\/fr\/nos-prestations\/herdbook\/","url":"https:\/\/www.holstein.ch\/fr\/nos-prestations\/herdbook\/","name":"Herdbook - Holstein Switzerland","isPartOf":{"@id":"https:\/\/www.holstein.ch\/fr\/#website"},"primaryImageOfPage":{"@id":"https:\/\/www.holstein.ch\/fr\/nos-prestations\/herdbook\/#primaryimage"},"image":{"@id":"https:\/\/www.holstein.ch\/fr\/nos-prestations\/herdbook\/#primaryimage"},"thumbnailUrl":"https:\/\/www.holstein.ch\/wp-content\/uploads\/2023\/10\/Herdbook.jpg","datePublished":"2019-05-29T10:23:25+00:00","dateModified":"2023-11-20T07:58:47+00:00","breadcrumb":{"@id":"https:\/\/www.holstein.ch\/fr\/nos-prestations\/herdbook\/#breadcrumb"},"inLanguage":"fr-FR","potentialAction":[{"@type":"ReadAction","target":["https:\/\/www.holstein.ch\/fr\/nos-prestations\/herdbook\/"]}]},{"@type":"ImageObject","inLanguage":"fr-FR","@id":"https:\/\/www.holstein.ch\/fr\/nos-prestations\/herdbook\/#primaryimage","url":"https:\/\/www.holstein.ch\/wp-content\/uploads\/2023\/10\/Herdbook.jpg","contentUrl":"https:\/\/www.holstein.ch\/wp-content\/uploads\/2023\/10\/Herdbook.jpg","width":800,"height":533,"caption":"Herdbook"},{"@type":"BreadcrumbList","@id":"https:\/\/www.holstein.ch\/fr\/nos-prestations\/herdbook\/#breadcrumb","itemListElement":[{"@type":"ListItem","position":1,"name":"Nos prestations","item":"https:\/\/www.holstein.ch\/fr\/nos-prestations\/"},{"@type":"ListItem","position":2,"name":"Herdbook"}]},{"@type":"WebSite","@id":"https:\/\/www.holstein.ch\/fr\/#website","url":"https:\/\/www.holstein.ch\/fr\/","name":"Holstein Switzerland","description":"Holstein Switzerland","publisher":{"@id":"https:\/\/www.holstein.ch\/fr\/#organization"},"potentialAction":[{"@type":"SearchAction","target":{"@type":"EntryPoint","urlTemplate":"https:\/\/www.holstein.ch\/fr\/?s={search_term_string}"},"query-input":{"@type":"PropertyValueSpecification","valueRequired":true,"valueName":"search_term_string"}}],"inLanguage":"fr-FR"},{"@type":"Organization","@id":"https:\/\/www.holstein.ch\/fr\/#organization","name":"Holstein Switzerland","url":"https:\/\/www.holstein.ch\/fr\/","logo":{"@type":"ImageObject","inLanguage":"fr-FR","@id":"https:\/\/www.holstein.ch\/fr\/#\/schema\/logo\/image\/","url":"https:\/\/www.holstein.ch\/wp-content\/uploads\/2023\/09\/holstein_switzerland_logo.png","contentUrl":"https:\/\/www.holstein.ch\/wp-content\/uploads\/2023\/09\/holstein_switzerland_logo.png","width":800,"height":621,"caption":"Holstein Switzerland"},"image":{"@id":"https:\/\/www.holstein.ch\/fr\/#\/schema\/logo\/image\/"},"sameAs":["https:\/\/www.facebook.com\/HolSwi","https:\/\/www.youtube.com\/@holsteinswitzerland","https:\/\/www.instagram.com\/holstein_switzerland"]}]}},"_links":{"self":[{"href":"https:\/\/www.holstein.ch\/fr\/wp-json\/wp\/v2\/pages\/7775","targetHints":{"allow":["GET"]}}],"collection":[{"href":"https:\/\/www.holstein.ch\/fr\/wp-json\/wp\/v2\/pages"}],"about":[{"href":"https:\/\/www.holstein.ch\/fr\/wp-json\/wp\/v2\/types\/page"}],"author":[{"embeddable":true,"href":"https:\/\/www.holstein.ch\/fr\/wp-json\/wp\/v2\/users\/1"}],"replies":[{"embeddable":true,"href":"https:\/\/www.holstein.ch\/fr\/wp-json\/wp\/v2\/comments?post=7775"}],"version-history":[{"count":12,"href":"https:\/\/www.holstein.ch\/fr\/wp-json\/wp\/v2\/pages\/7775\/revisions"}],"predecessor-version":[{"id":28072,"href":"https:\/\/www.holstein.ch\/fr\/wp-json\/wp\/v2\/pages\/7775\/revisions\/28072"}],"up":[{"embeddable":true,"href":"https:\/\/www.holstein.ch\/fr\/wp-json\/wp\/v2\/pages\/6970"}],"wp:featuredmedia":[{"embeddable":true,"href":"https:\/\/www.holstein.ch\/fr\/wp-json\/wp\/v2\/media\/25881"}],"wp:attachment":[{"href":"https:\/\/www.holstein.ch\/fr\/wp-json\/wp\/v2\/media?parent=7775"}],"curies":[{"name":"wp","href":"https:\/\/api.w.org\/{rel}","templated":true}]}}