{"id":7791,"date":"2019-05-29T16:32:43","date_gmt":"2019-05-29T14:32:43","guid":{"rendered":"https:\/\/holstein.ch\/?page_id=7791"},"modified":"2023-11-28T14:19:47","modified_gmt":"2023-11-28T13:19:47","slug":"description-lineaire-et-classification","status":"publish","type":"page","link":"https:\/\/www.holstein.ch\/fr\/nos-prestations\/description-lineaire-et-classification\/","title":{"rendered":"Description lin\u00e9aire et classification"},"content":{"rendered":"\n<p class=\"introduction\"><strong>La description lin\u00e9aire et classification (DLC) est une appr\u00e9ciation de la morphologie des vaches et l\u2019\u00e9valuation de leur conformation \u00e0 un mod\u00e8le id\u00e9al. Le mod\u00e8le id\u00e9al repr\u00e9sente une vache Holstein parfaitement adapt\u00e9e \u00e0 son environnement de travail.<\/strong><\/p>\n\n\n\n<p>La DLC permet de faire les choses suivantes:<\/p>\n\n\n\n<ul class=\"wp-block-list\">\n<li>\u00e9valuation objective des vaches selon une norme reconnue internationalement;<\/li>\n\n\n\n<li>s\u00e9lection pr\u00e9coce des vaches \u00e0 bonne long\u00e9vit\u00e9 sur l\u2019exploitation;<\/li>\n\n\n\n<li>estimation du mod\u00e8le de transmission des taureaux d\u2019IA;<\/li>\n\n\n\n<li>estimation des valeurs g\u00e9nomiques des jeunes taureaux;<\/li>\n\n\n\n<li>aide pour les accouplements des vaches du troupeau;<\/li>\n\n\n\n<li>mise en valeur des meilleurs animaux de la race;<\/li>\n\n\n\n<li>utilisation pour les distinctions (Ma\u00eetre-\u00e9leveur, vache \u00e9toile, m\u00e9daille d\u2019or)<\/li>\n<\/ul>\n\n\n\n<p>La DLC est confi\u00e9e \u00e0 une entreprise sp\u00e9cialis\u00e9e \u2013 Linear SA \u2013 qui effectue ce travail pour diff\u00e9rentes organisations d\u2019\u00e9levage en Suisse. Linear emploie des classificateurs form\u00e9 pour la classification des vaches.<\/p>\n\n\n\n<details class=\"wp-block-details schema-holstein is-layout-flow wp-block-details-is-layout-flow\"><summary>Sch\u00e9ma Holstein<\/summary>\n<p>La liste harmonis\u00e9e des caract\u00e8res \u00e0 d\u00e9crire est d\u00e9finie par ICAR et comporte 18 caract\u00e8res internationaux. En Suisse, ces 18 caract\u00e8res sont d\u00e9crits et 7 caract\u00e8res suppl\u00e9mentaires ont \u00e9t\u00e9 ajout\u00e9s pour avoir au total 25 caract\u00e8res.<\/p>\n\n\n\n<p>Les caract\u00e8res d\u00e9crits sont group\u00e9s en blocs qui correspondent aux diff\u00e9rentes parties de l\u2019animal. En Suisse, 4 blocs sont utilis\u00e9s&nbsp;:<\/p>\n\n\n\n<ul class=\"wp-block-list\">\n<li>Format &amp; capacit\u00e9<\/li>\n\n\n\n<li>Croupe<\/li>\n\n\n\n<li>Membres<\/li>\n\n\n\n<li>Syst\u00e8me mammaire<\/li>\n<\/ul>\n\n\n\n<figure class=\"wp-block-image size-full\"><img fetchpriority=\"high\" decoding=\"async\" width=\"547\" height=\"327\" src=\"https:\/\/u91g9azcjo.preview.infomaniak.website\/wp-content\/uploads\/2019\/05\/image001.png\" alt=\"\" class=\"wp-image-7800\" srcset=\"https:\/\/www.holstein.ch\/wp-content\/uploads\/2019\/05\/image001.png 547w, https:\/\/www.holstein.ch\/wp-content\/uploads\/2019\/05\/image001-480x287.png 480w, https:\/\/www.holstein.ch\/wp-content\/uploads\/2019\/05\/image001-500x299.png 500w, https:\/\/www.holstein.ch\/wp-content\/uploads\/2019\/05\/image001-300x179.png 300w, https:\/\/www.holstein.ch\/wp-content\/uploads\/2019\/05\/image001-244x146.png 244w, https:\/\/www.holstein.ch\/wp-content\/uploads\/2019\/05\/image001-50x30.png 50w, https:\/\/www.holstein.ch\/wp-content\/uploads\/2019\/05\/image001-125x75.png 125w\" sizes=\"(max-width: 547px) 100vw, 547px\" \/><\/figure>\n\n\n\n<p><em>Figure 9 Pr\u00e9sentation des caract\u00e8res d\u00e9crits (source&nbsp;: Linear SA, 2014, Classification)<\/em><\/p>\n\n\n\n<p>La classification est la comparaison entre la description lin\u00e9aire d\u2019un animal et celle consid\u00e9r\u00e9e comme id\u00e9ale. La description lin\u00e9aire id\u00e9ale est nomm\u00e9e le \u00ab&nbsp;True Type&nbsp;\u00bb. Cette comparaison est exprim\u00e9e sur une \u00e9chelle allant de 60 \u00e0 97. Un animal dont la description lin\u00e9aire ressemble \u00e0 celle du \u00ab&nbsp;True Type&nbsp;\u00bb aura une note proche de 97. Un animal qui ne correspond pas du tout \u00e0 l\u2019id\u00e9al recherch\u00e9 aura une note proche de 60.<\/p>\n\n\n\n<p>Les notes de classifications sont group\u00e9es dans des classes avec un descriptif donnant une information de la valeur de l\u2019animal. La liste des classes est donn\u00e9e dans le tableau 2.<\/p>\n\n\n\n<h4 class=\"wp-block-heading\">Tableau 2 D\u00e9finition des classes<\/h4>\n\n\n\n<figure class=\"wp-block-table\"><table><tbody><tr><td><strong>Classe<\/strong><\/td><td><strong>Abr\u00e9viation<\/strong><\/td><td><strong>Minimum<\/strong><\/td><td><strong>Maximum<\/strong><\/td><\/tr><tr><td><strong>Excellente<\/strong><\/td><td><strong>EX<\/strong><\/td><td><strong>90<\/strong><\/td><td><strong>97<\/strong><\/td><\/tr><tr><td><strong>Tr\u00e8s bonne<\/strong><\/td><td><strong>VG<\/strong><\/td><td><strong>85<\/strong><\/td><td><strong>89<\/strong><\/td><\/tr><tr><td><strong>Bonne Plus<\/strong><\/td><td><strong>GP<\/strong><\/td><td><strong>80<\/strong><\/td><td><strong>84<\/strong><\/td><\/tr><tr><td><strong>Bonne<\/strong><\/td><td><strong>G<\/strong><\/td><td><strong>75<\/strong><\/td><td><strong>79<\/strong><\/td><\/tr><tr><td><strong>M\u00e9diocre<\/strong><\/td><td><strong>F<\/strong><\/td><td><strong>70<\/strong><\/td><td><strong>74<\/strong><\/td><\/tr><tr><td><strong>Mauvaise<\/strong><\/td><td><strong>P<\/strong><\/td><td><strong>60<\/strong><\/td><td><strong>69<\/strong><\/td><\/tr><\/tbody><\/table><\/figure>\n\n\n\n<p>Une note de classification est \u00e9galement attribu\u00e9e \u00e0 chacun des 4 blocs pour permettre de se faire une meilleure image de l\u2019animal en consid\u00e9rant les notes de classification.<\/p>\n\n\n\n<p>Les classifications maximales (classe \u00ab&nbsp;Excellente&nbsp;\u00bb) sont r\u00e9serv\u00e9es aux animaux plus \u00e2g\u00e9s qui ont donc fait leur preuve sur plusieurs lactations (ou plusieurs ann\u00e9es pour les taureaux). Le calcul est donc d\u00e9pendant de l\u2019\u00e2ge selon le tableau 3.<\/p>\n\n\n\n<h4 class=\"wp-block-heading\">Tableau 3 Notes maximales<\/h4>\n\n\n\n<figure class=\"wp-block-table\"><table><thead><tr><td><strong>Lactation (vaches)<\/strong><\/td><td><strong>Maximum<\/strong><\/td><\/tr><tr><td><strong>1<\/strong><\/td><td>VG-88<\/td><\/tr><tr><td><strong>2<\/strong><\/td><td>VG-89<\/td><\/tr><tr><td><strong>3<\/strong><\/td><td>EX-95<\/td><\/tr><tr><td><strong>4<\/strong><\/td><td>EX-96<\/td><\/tr><tr><td><strong>5 et plus<\/strong><\/td><td>EX-97<\/td><\/tr><\/thead><\/table><\/figure>\n<\/details>\n\n\n\n<details class=\"wp-block-details classification-et-longevite is-layout-flow wp-block-details-is-layout-flow\"><summary>Classification et long\u00e9vit\u00e9<\/summary>\n<p>La DLC a \u00e9t\u00e9 introduite pour \u00eatre un indicateur pr\u00e9coce de la long\u00e9vit\u00e9. Les caract\u00e8res choisis pour la description lin\u00e9aire et la classification avaient souvent une forte corr\u00e9lation avec la long\u00e9vit\u00e9. Aujourd\u2019hui, bien que ce ne soit plus la raison majeure, une corr\u00e9lation positive existe toujours entre les valeurs d\u2019\u00e9levage (VE) pour la conformation (bas\u00e9e sur la classification) et la dur\u00e9e d\u2019utilisation (voir graphique ci-dessous).<\/p>\n\n\n\n<figure class=\"wp-block-image size-full\"><img decoding=\"async\" width=\"868\" height=\"659\" src=\"https:\/\/u91g9azcjo.preview.infomaniak.website\/wp-content\/uploads\/2019\/05\/correllation_duree_lactation.png\" alt=\"\" class=\"wp-image-7792\" srcset=\"https:\/\/www.holstein.ch\/wp-content\/uploads\/2019\/05\/correllation_duree_lactation.png 868w, https:\/\/www.holstein.ch\/wp-content\/uploads\/2019\/05\/correllation_duree_lactation-474x360.png 474w, https:\/\/www.holstein.ch\/wp-content\/uploads\/2019\/05\/correllation_duree_lactation-500x380.png 500w, https:\/\/www.holstein.ch\/wp-content\/uploads\/2019\/05\/correllation_duree_lactation-300x228.png 300w, https:\/\/www.holstein.ch\/wp-content\/uploads\/2019\/05\/correllation_duree_lactation-768x583.png 768w, https:\/\/www.holstein.ch\/wp-content\/uploads\/2019\/05\/correllation_duree_lactation-192x146.png 192w, https:\/\/www.holstein.ch\/wp-content\/uploads\/2019\/05\/correllation_duree_lactation-50x38.png 50w, https:\/\/www.holstein.ch\/wp-content\/uploads\/2019\/05\/correllation_duree_lactation-99x75.png 99w, https:\/\/www.holstein.ch\/wp-content\/uploads\/2019\/05\/correllation_duree_lactation-600x456.png 600w\" sizes=\"(max-width: 868px) 100vw, 868px\" \/><\/figure>\n\n\n\n<p><em>Figure 10 Corr\u00e9lation entre diff\u00e9rents caract\u00e8res et la dur\u00e9e d\u2019utilisation<\/em><\/p>\n\n\n\n<p>Mais la DLC est aussi un indicateur utile pour d\u2019autres situations. L\u2019utilisation des robots de traite est par exemple facilit\u00e9e lorsque les vaches ont une bonne implantation des trayons. La mobilit\u00e9 est un indicateur important pour l\u2019aptitude des vaches \u00e0 la p\u00e2ture. La profondeur du pis a une corr\u00e9lation positive avec la sant\u00e9 du pis.<\/p>\n<\/details>\n","protected":false},"excerpt":{"rendered":"<p>La description lin\u00e9aire et classification (DLC) est une appr\u00e9ciation de la morphologie des vaches et l\u2019\u00e9valuation de leur conformation \u00e0 un mod\u00e8le id\u00e9al. Le mod\u00e8le id\u00e9al repr\u00e9sente une vache Holstein parfaitement adapt\u00e9e \u00e0 son environnement de travail. La DLC permet de faire les choses suivantes: La DLC est confi\u00e9e \u00e0 une entreprise sp\u00e9cialis\u00e9e \u2013 Linear [&hellip;]<\/p>\n","protected":false},"author":1,"featured_media":25871,"parent":6970,"menu_order":0,"comment_status":"closed","ping_status":"closed","template":"","meta":{"_acf_changed":false,"_monsterinsights_skip_tracking":false,"_monsterinsights_sitenote_active":false,"_monsterinsights_sitenote_note":"","_monsterinsights_sitenote_category":0,"footnotes":""},"class_list":["post-7791","page","type-page","status-publish","has-post-thumbnail","hentry"],"acf":[],"yoast_head":"<!-- This site is optimized with the Yoast SEO plugin v26.9 - https:\/\/yoast.com\/product\/yoast-seo-wordpress\/ -->\n<title>Description lin\u00e9aire et classification - Holstein Switzerland<\/title>\n<meta name=\"robots\" content=\"index, follow, max-snippet:-1, max-image-preview:large, max-video-preview:-1\" \/>\n<link rel=\"canonical\" href=\"https:\/\/www.holstein.ch\/fr\/nos-prestations\/description-lineaire-et-classification\/\" \/>\n<meta property=\"og:locale\" content=\"fr_FR\" \/>\n<meta property=\"og:type\" content=\"article\" \/>\n<meta property=\"og:title\" content=\"Description lin\u00e9aire et classification - Holstein Switzerland\" \/>\n<meta property=\"og:description\" content=\"La description lin\u00e9aire et classification (DLC) est une appr\u00e9ciation de la morphologie des vaches et l\u2019\u00e9valuation de leur conformation \u00e0 un mod\u00e8le id\u00e9al. Le mod\u00e8le id\u00e9al repr\u00e9sente une vache Holstein parfaitement adapt\u00e9e \u00e0 son environnement de travail. La DLC permet de faire les choses suivantes: La DLC est confi\u00e9e \u00e0 une entreprise sp\u00e9cialis\u00e9e \u2013 Linear [&hellip;]\" \/>\n<meta property=\"og:url\" content=\"https:\/\/www.holstein.ch\/fr\/nos-prestations\/description-lineaire-et-classification\/\" \/>\n<meta property=\"og:site_name\" content=\"Holstein Switzerland\" \/>\n<meta property=\"article:publisher\" content=\"https:\/\/www.facebook.com\/HolSwi\" \/>\n<meta property=\"article:modified_time\" content=\"2023-11-28T13:19:47+00:00\" \/>\n<meta property=\"og:image\" content=\"https:\/\/www.holstein.ch\/wp-content\/uploads\/2023\/10\/DLC-2020-2.jpg\" \/>\n\t<meta property=\"og:image:width\" content=\"800\" \/>\n\t<meta property=\"og:image:height\" content=\"533\" \/>\n\t<meta property=\"og:image:type\" content=\"image\/jpeg\" \/>\n<meta name=\"twitter:card\" content=\"summary_large_image\" \/>\n<meta name=\"twitter:label1\" content=\"Dur\u00e9e de lecture estim\u00e9e\" \/>\n\t<meta name=\"twitter:data1\" content=\"4 minutes\" \/>\n<script type=\"application\/ld+json\" class=\"yoast-schema-graph\">{\"@context\":\"https:\/\/schema.org\",\"@graph\":[{\"@type\":\"WebPage\",\"@id\":\"https:\/\/www.holstein.ch\/fr\/nos-prestations\/description-lineaire-et-classification\/\",\"url\":\"https:\/\/www.holstein.ch\/fr\/nos-prestations\/description-lineaire-et-classification\/\",\"name\":\"Description lin\u00e9aire et classification - Holstein Switzerland\",\"isPartOf\":{\"@id\":\"https:\/\/www.holstein.ch\/fr\/#website\"},\"primaryImageOfPage\":{\"@id\":\"https:\/\/www.holstein.ch\/fr\/nos-prestations\/description-lineaire-et-classification\/#primaryimage\"},\"image\":{\"@id\":\"https:\/\/www.holstein.ch\/fr\/nos-prestations\/description-lineaire-et-classification\/#primaryimage\"},\"thumbnailUrl\":\"https:\/\/www.holstein.ch\/wp-content\/uploads\/2023\/10\/DLC-2020-2.jpg\",\"datePublished\":\"2019-05-29T14:32:43+00:00\",\"dateModified\":\"2023-11-28T13:19:47+00:00\",\"breadcrumb\":{\"@id\":\"https:\/\/www.holstein.ch\/fr\/nos-prestations\/description-lineaire-et-classification\/#breadcrumb\"},\"inLanguage\":\"fr-FR\",\"potentialAction\":[{\"@type\":\"ReadAction\",\"target\":[\"https:\/\/www.holstein.ch\/fr\/nos-prestations\/description-lineaire-et-classification\/\"]}]},{\"@type\":\"ImageObject\",\"inLanguage\":\"fr-FR\",\"@id\":\"https:\/\/www.holstein.ch\/fr\/nos-prestations\/description-lineaire-et-classification\/#primaryimage\",\"url\":\"https:\/\/www.holstein.ch\/wp-content\/uploads\/2023\/10\/DLC-2020-2.jpg\",\"contentUrl\":\"https:\/\/www.holstein.ch\/wp-content\/uploads\/2023\/10\/DLC-2020-2.jpg\",\"width\":800,\"height\":533,\"caption\":\"DLC\"},{\"@type\":\"BreadcrumbList\",\"@id\":\"https:\/\/www.holstein.ch\/fr\/nos-prestations\/description-lineaire-et-classification\/#breadcrumb\",\"itemListElement\":[{\"@type\":\"ListItem\",\"position\":1,\"name\":\"Nos prestations\",\"item\":\"https:\/\/www.holstein.ch\/fr\/nos-prestations\/\"},{\"@type\":\"ListItem\",\"position\":2,\"name\":\"Description lin\u00e9aire et classification\"}]},{\"@type\":\"WebSite\",\"@id\":\"https:\/\/www.holstein.ch\/fr\/#website\",\"url\":\"https:\/\/www.holstein.ch\/fr\/\",\"name\":\"Holstein Switzerland\",\"description\":\"Holstein Switzerland\",\"publisher\":{\"@id\":\"https:\/\/www.holstein.ch\/fr\/#organization\"},\"potentialAction\":[{\"@type\":\"SearchAction\",\"target\":{\"@type\":\"EntryPoint\",\"urlTemplate\":\"https:\/\/www.holstein.ch\/fr\/?s={search_term_string}\"},\"query-input\":{\"@type\":\"PropertyValueSpecification\",\"valueRequired\":true,\"valueName\":\"search_term_string\"}}],\"inLanguage\":\"fr-FR\"},{\"@type\":\"Organization\",\"@id\":\"https:\/\/www.holstein.ch\/fr\/#organization\",\"name\":\"Holstein Switzerland\",\"url\":\"https:\/\/www.holstein.ch\/fr\/\",\"logo\":{\"@type\":\"ImageObject\",\"inLanguage\":\"fr-FR\",\"@id\":\"https:\/\/www.holstein.ch\/fr\/#\/schema\/logo\/image\/\",\"url\":\"https:\/\/www.holstein.ch\/wp-content\/uploads\/2023\/09\/holstein_switzerland_logo.png\",\"contentUrl\":\"https:\/\/www.holstein.ch\/wp-content\/uploads\/2023\/09\/holstein_switzerland_logo.png\",\"width\":800,\"height\":621,\"caption\":\"Holstein Switzerland\"},\"image\":{\"@id\":\"https:\/\/www.holstein.ch\/fr\/#\/schema\/logo\/image\/\"},\"sameAs\":[\"https:\/\/www.facebook.com\/HolSwi\",\"https:\/\/www.youtube.com\/@holsteinswitzerland\",\"https:\/\/www.instagram.com\/holstein_switzerland\"]}]}<\/script>\n<!-- \/ Yoast SEO plugin. -->","yoast_head_json":{"title":"Description lin\u00e9aire et classification - Holstein Switzerland","robots":{"index":"index","follow":"follow","max-snippet":"max-snippet:-1","max-image-preview":"max-image-preview:large","max-video-preview":"max-video-preview:-1"},"canonical":"https:\/\/www.holstein.ch\/fr\/nos-prestations\/description-lineaire-et-classification\/","og_locale":"fr_FR","og_type":"article","og_title":"Description lin\u00e9aire et classification - Holstein Switzerland","og_description":"La description lin\u00e9aire et classification (DLC) est une appr\u00e9ciation de la morphologie des vaches et l\u2019\u00e9valuation de leur conformation \u00e0 un mod\u00e8le id\u00e9al. Le mod\u00e8le id\u00e9al repr\u00e9sente une vache Holstein parfaitement adapt\u00e9e \u00e0 son environnement de travail. La DLC permet de faire les choses suivantes: La DLC est confi\u00e9e \u00e0 une entreprise sp\u00e9cialis\u00e9e \u2013 Linear [&hellip;]","og_url":"https:\/\/www.holstein.ch\/fr\/nos-prestations\/description-lineaire-et-classification\/","og_site_name":"Holstein Switzerland","article_publisher":"https:\/\/www.facebook.com\/HolSwi","article_modified_time":"2023-11-28T13:19:47+00:00","og_image":[{"width":800,"height":533,"url":"https:\/\/www.holstein.ch\/wp-content\/uploads\/2023\/10\/DLC-2020-2.jpg","type":"image\/jpeg"}],"twitter_card":"summary_large_image","twitter_misc":{"Dur\u00e9e de lecture estim\u00e9e":"4 minutes"},"schema":{"@context":"https:\/\/schema.org","@graph":[{"@type":"WebPage","@id":"https:\/\/www.holstein.ch\/fr\/nos-prestations\/description-lineaire-et-classification\/","url":"https:\/\/www.holstein.ch\/fr\/nos-prestations\/description-lineaire-et-classification\/","name":"Description lin\u00e9aire et classification - Holstein Switzerland","isPartOf":{"@id":"https:\/\/www.holstein.ch\/fr\/#website"},"primaryImageOfPage":{"@id":"https:\/\/www.holstein.ch\/fr\/nos-prestations\/description-lineaire-et-classification\/#primaryimage"},"image":{"@id":"https:\/\/www.holstein.ch\/fr\/nos-prestations\/description-lineaire-et-classification\/#primaryimage"},"thumbnailUrl":"https:\/\/www.holstein.ch\/wp-content\/uploads\/2023\/10\/DLC-2020-2.jpg","datePublished":"2019-05-29T14:32:43+00:00","dateModified":"2023-11-28T13:19:47+00:00","breadcrumb":{"@id":"https:\/\/www.holstein.ch\/fr\/nos-prestations\/description-lineaire-et-classification\/#breadcrumb"},"inLanguage":"fr-FR","potentialAction":[{"@type":"ReadAction","target":["https:\/\/www.holstein.ch\/fr\/nos-prestations\/description-lineaire-et-classification\/"]}]},{"@type":"ImageObject","inLanguage":"fr-FR","@id":"https:\/\/www.holstein.ch\/fr\/nos-prestations\/description-lineaire-et-classification\/#primaryimage","url":"https:\/\/www.holstein.ch\/wp-content\/uploads\/2023\/10\/DLC-2020-2.jpg","contentUrl":"https:\/\/www.holstein.ch\/wp-content\/uploads\/2023\/10\/DLC-2020-2.jpg","width":800,"height":533,"caption":"DLC"},{"@type":"BreadcrumbList","@id":"https:\/\/www.holstein.ch\/fr\/nos-prestations\/description-lineaire-et-classification\/#breadcrumb","itemListElement":[{"@type":"ListItem","position":1,"name":"Nos prestations","item":"https:\/\/www.holstein.ch\/fr\/nos-prestations\/"},{"@type":"ListItem","position":2,"name":"Description lin\u00e9aire et classification"}]},{"@type":"WebSite","@id":"https:\/\/www.holstein.ch\/fr\/#website","url":"https:\/\/www.holstein.ch\/fr\/","name":"Holstein Switzerland","description":"Holstein Switzerland","publisher":{"@id":"https:\/\/www.holstein.ch\/fr\/#organization"},"potentialAction":[{"@type":"SearchAction","target":{"@type":"EntryPoint","urlTemplate":"https:\/\/www.holstein.ch\/fr\/?s={search_term_string}"},"query-input":{"@type":"PropertyValueSpecification","valueRequired":true,"valueName":"search_term_string"}}],"inLanguage":"fr-FR"},{"@type":"Organization","@id":"https:\/\/www.holstein.ch\/fr\/#organization","name":"Holstein Switzerland","url":"https:\/\/www.holstein.ch\/fr\/","logo":{"@type":"ImageObject","inLanguage":"fr-FR","@id":"https:\/\/www.holstein.ch\/fr\/#\/schema\/logo\/image\/","url":"https:\/\/www.holstein.ch\/wp-content\/uploads\/2023\/09\/holstein_switzerland_logo.png","contentUrl":"https:\/\/www.holstein.ch\/wp-content\/uploads\/2023\/09\/holstein_switzerland_logo.png","width":800,"height":621,"caption":"Holstein Switzerland"},"image":{"@id":"https:\/\/www.holstein.ch\/fr\/#\/schema\/logo\/image\/"},"sameAs":["https:\/\/www.facebook.com\/HolSwi","https:\/\/www.youtube.com\/@holsteinswitzerland","https:\/\/www.instagram.com\/holstein_switzerland"]}]}},"_links":{"self":[{"href":"https:\/\/www.holstein.ch\/fr\/wp-json\/wp\/v2\/pages\/7791","targetHints":{"allow":["GET"]}}],"collection":[{"href":"https:\/\/www.holstein.ch\/fr\/wp-json\/wp\/v2\/pages"}],"about":[{"href":"https:\/\/www.holstein.ch\/fr\/wp-json\/wp\/v2\/types\/page"}],"author":[{"embeddable":true,"href":"https:\/\/www.holstein.ch\/fr\/wp-json\/wp\/v2\/users\/1"}],"replies":[{"embeddable":true,"href":"https:\/\/www.holstein.ch\/fr\/wp-json\/wp\/v2\/comments?post=7791"}],"version-history":[{"count":15,"href":"https:\/\/www.holstein.ch\/fr\/wp-json\/wp\/v2\/pages\/7791\/revisions"}],"predecessor-version":[{"id":29341,"href":"https:\/\/www.holstein.ch\/fr\/wp-json\/wp\/v2\/pages\/7791\/revisions\/29341"}],"up":[{"embeddable":true,"href":"https:\/\/www.holstein.ch\/fr\/wp-json\/wp\/v2\/pages\/6970"}],"wp:featuredmedia":[{"embeddable":true,"href":"https:\/\/www.holstein.ch\/fr\/wp-json\/wp\/v2\/media\/25871"}],"wp:attachment":[{"href":"https:\/\/www.holstein.ch\/fr\/wp-json\/wp\/v2\/media?parent=7791"}],"curies":[{"name":"wp","href":"https:\/\/api.w.org\/{rel}","templated":true}]}}